{"id":6576,"date":"2025-08-28T10:43:38","date_gmt":"2025-08-28T08:43:38","guid":{"rendered":"https:\/\/pigyki.fr\/?page_id=6576"},"modified":"2025-08-28T10:43:39","modified_gmt":"2025-08-28T08:43:39","slug":"cronologia-3","status":"publish","type":"page","link":"https:\/\/pigyki.fr\/index.php\/ca\/cronologia-3\/","title":{"rendered":"Cronologia"},"content":{"rendered":"\n<p>Sempre \u00e9s interessant situar un compositor en la hist\u00f2ria de la m\u00fasica, no nom\u00e9s dins dels principals per\u00edodes destacats a la primera taula, sin\u00f3 tamb\u00e9 en relaci\u00f3 amb altres compositors del seu temps.<br>Al llarg dels aproximadament seixanta articles publicats per a la meva \u00ab\u00a0Escolta Musical\u00a0\u00bb, he presentat un compositor diferent cada vegada, amb algunes excepcions. Aquests s\u00f3n els que trobareu a la cronologia fent clic a la taula seg\u00fcent.<\/p>\n\n\n\n<p style=\"font-size:16px\"><em>Disculpeu la pres\u00e8ncia de publicitat per tot el f\u00f2rum\u2026 \u00e9s el preu a pagar per una bona aplicaci\u00f3 en la versi\u00f3 gratu\u00efta!<\/em><\/p>\n\n\n<div class=\"wp-block-image\">\n<figure class=\"aligncenter size-full is-resized\"><a href=\"https:\/\/www.timetoast.com\/timelines\/3117419\" target=\"_blank\" rel=\"noreferrer noopener\"><img loading=\"lazy\" decoding=\"async\" width=\"380\" height=\"133\" src=\"https:\/\/pigyki.fr\/wp-content\/uploads\/2024\/11\/images.png\" alt=\"\" class=\"wp-image-3622\" style=\"width:944px;height:auto\" srcset=\"https:\/\/pigyki.fr\/wp-content\/uploads\/2024\/11\/images.png 380w, https:\/\/pigyki.fr\/wp-content\/uploads\/2024\/11\/images-300x105.png 300w, https:\/\/pigyki.fr\/wp-content\/uploads\/2024\/11\/images-281x98.png 281w\" sizes=\"auto, (max-width: 380px) 100vw, 380px\" \/><\/a><\/figure>\n<\/div>\n\n\n<h4 class=\"wp-block-heading\">Instruccions d&rsquo;\u00fas de la \u00ab\u00a0Cronologia\u00a0\u00bb<\/h4>\n\n\n\n<p>A la p\u00e0gina que s&rsquo;obre al lloc web \u00ab\u00a0www.timetoast.com\u00a0\u00bb, trieu la vista \u00ab\u00a0Cronologia\u00a0\u00bb en lloc de \u00ab\u00a0Llista\u00a0\u00bb, a la dreta, sota el t\u00edtol, i al costat, trieu \u00ab\u00a0Mode de pantalla completa\u00a0\u00bb per poder reduir o ampliar la taula amb el cursor a sota.<\/p>\n\n\n\n<p>Si feu clic al nom del compositor, s&rsquo;obrir\u00e0 un quadre de di\u00e0leg que cont\u00e9 enlla\u00e7os.<br>S&rsquo;obrir\u00e0 una pestanya amb el seu perfil al nom; s&rsquo;obriran enlla\u00e7os al lloc web als oients; i apareixer\u00e0 un fragment musical al t\u00edtol de l&rsquo;obra.<\/p>\n\n\n\n<hr class=\"wp-block-separator has-alpha-channel-opacity\"\/>\n","protected":false},"excerpt":{"rendered":"<p>Sempre \u00e9s interessant situar un compositor en la hist\u00f2ria de la m\u00fasica, no nom\u00e9s dins dels principals per\u00edodes destacats a la primera taula, sin\u00f3 tamb\u00e9 en relaci\u00f3 amb altres compositors &hellip;<\/p>\n","protected":false},"author":1,"featured_media":3631,"parent":0,"menu_order":0,"comment_status":"closed","ping_status":"closed","template":"","meta":{"rop_custom_images_group":[],"rop_custom_messages_group":[],"rop_publish_now":"initial","rop_publish_now_accounts":[],"rop_publish_now_history":[],"rop_publish_now_status":"pending","footnotes":""},"class_list":["post-6576","page","type-page","status-publish","has-post-thumbnail","hentry"],"yoast_head":"<!-- This site is optimized with the Yoast SEO plugin v27.4 - https:\/\/yoast.com\/product\/yoast-seo-wordpress\/ -->\n<title>% Cronologia - Pigyki<\/title>\n<meta name=\"description\" content=\"Cronologia dels compositors que apareixen a les llistes de reproducci\u00f3 de m\u00fasica del lloc web per a \u00fas educatiu i coneixement general.\" \/>\n<meta name=\"robots\" content=\"index, follow, max-snippet:-1, max-image-preview:large, max-video-preview:-1\" \/>\n<link rel=\"canonical\" href=\"https:\/\/pigyki.fr\/index.php\/ca\/cronologia-3\/\" \/>\n<meta property=\"og:locale\" content=\"fr_FR\" \/>\n<meta property=\"og:type\" content=\"article\" \/>\n<meta property=\"og:title\" content=\"% Cronologia - Pigyki\" \/>\n<meta property=\"og:description\" content=\"Cronologia dels compositors que apareixen a les llistes de reproducci\u00f3 de m\u00fasica del lloc web per a \u00fas educatiu i coneixement general.\" \/>\n<meta property=\"og:url\" content=\"https:\/\/pigyki.fr\/index.php\/ca\/cronologia-3\/\" \/>\n<meta property=\"og:site_name\" content=\"Pigyki\" \/>\n<meta property=\"article:modified_time\" content=\"2025-08-28T08:43:39+00:00\" \/>\n<meta property=\"og:image\" content=\"https:\/\/pigyki.fr\/wp-content\/uploads\/2024\/11\/7aa943481d13195dbe96e8b46212b582.jpg\" \/>\n\t<meta property=\"og:image:width\" content=\"735\" \/>\n\t<meta property=\"og:image:height\" content=\"552\" \/>\n\t<meta property=\"og:image:type\" content=\"image\/jpeg\" \/>\n<meta name=\"twitter:card\" content=\"summary_large_image\" \/>\n<meta name=\"twitter:label1\" content=\"Dur\u00e9e de lecture estim\u00e9e\" \/>\n\t<meta name=\"twitter:data1\" content=\"2 minutes\" \/>\n<script type=\"application\/ld+json\" class=\"yoast-schema-graph\">{\"@context\":\"https:\\\/\\\/schema.org\",\"@graph\":[{\"@type\":\"WebPage\",\"@id\":\"https:\\\/\\\/pigyki.fr\\\/index.php\\\/ca\\\/cronologia-3\\\/\",\"url\":\"https:\\\/\\\/pigyki.fr\\\/index.php\\\/ca\\\/cronologia-3\\\/\",\"name\":\"% Cronologia - Pigyki\",\"isPartOf\":{\"@id\":\"https:\\\/\\\/pigyki.fr\\\/#website\"},\"primaryImageOfPage\":{\"@id\":\"https:\\\/\\\/pigyki.fr\\\/index.php\\\/ca\\\/cronologia-3\\\/#primaryimage\"},\"image\":{\"@id\":\"https:\\\/\\\/pigyki.fr\\\/index.php\\\/ca\\\/cronologia-3\\\/#primaryimage\"},\"thumbnailUrl\":\"https:\\\/\\\/pigyki.fr\\\/wp-content\\\/uploads\\\/2024\\\/11\\\/7aa943481d13195dbe96e8b46212b582.jpg\",\"datePublished\":\"2025-08-28T08:43:38+00:00\",\"dateModified\":\"2025-08-28T08:43:39+00:00\",\"description\":\"Cronologia dels compositors que apareixen a les llistes de reproducci\u00f3 de m\u00fasica del lloc web per a \u00fas educatiu i coneixement general.\",\"breadcrumb\":{\"@id\":\"https:\\\/\\\/pigyki.fr\\\/index.php\\\/ca\\\/cronologia-3\\\/#breadcrumb\"},\"inLanguage\":\"fr-FR\",\"potentialAction\":[{\"@type\":\"ReadAction\",\"target\":[\"https:\\\/\\\/pigyki.fr\\\/index.php\\\/ca\\\/cronologia-3\\\/\"]}]},{\"@type\":\"ImageObject\",\"inLanguage\":\"fr-FR\",\"@id\":\"https:\\\/\\\/pigyki.fr\\\/index.php\\\/ca\\\/cronologia-3\\\/#primaryimage\",\"url\":\"https:\\\/\\\/pigyki.fr\\\/wp-content\\\/uploads\\\/2024\\\/11\\\/7aa943481d13195dbe96e8b46212b582.jpg\",\"contentUrl\":\"https:\\\/\\\/pigyki.fr\\\/wp-content\\\/uploads\\\/2024\\\/11\\\/7aa943481d13195dbe96e8b46212b582.jpg\",\"width\":735,\"height\":552},{\"@type\":\"BreadcrumbList\",\"@id\":\"https:\\\/\\\/pigyki.fr\\\/index.php\\\/ca\\\/cronologia-3\\\/#breadcrumb\",\"itemListElement\":[{\"@type\":\"ListItem\",\"position\":1,\"name\":\"Accueil\",\"item\":\"https:\\\/\\\/pigyki.fr\\\/\"},{\"@type\":\"ListItem\",\"position\":2,\"name\":\"Cronologia\"}]},{\"@type\":\"WebSite\",\"@id\":\"https:\\\/\\\/pigyki.fr\\\/#website\",\"url\":\"https:\\\/\\\/pigyki.fr\\\/\",\"name\":\"Pigyki\",\"description\":\"C.L. al fine\",\"publisher\":{\"@id\":\"https:\\\/\\\/pigyki.fr\\\/#\\\/schema\\\/person\\\/69b76bc8a17bddaf3ffd40d3cc9a4161\"},\"potentialAction\":[{\"@type\":\"SearchAction\",\"target\":{\"@type\":\"EntryPoint\",\"urlTemplate\":\"https:\\\/\\\/pigyki.fr\\\/?s={search_term_string}\"},\"query-input\":{\"@type\":\"PropertyValueSpecification\",\"valueRequired\":true,\"valueName\":\"search_term_string\"}}],\"inLanguage\":\"fr-FR\"},{\"@type\":[\"Person\",\"Organization\"],\"@id\":\"https:\\\/\\\/pigyki.fr\\\/#\\\/schema\\\/person\\\/69b76bc8a17bddaf3ffd40d3cc9a4161\",\"name\":\"Pigyki\",\"image\":{\"@type\":\"ImageObject\",\"inLanguage\":\"fr-FR\",\"@id\":\"https:\\\/\\\/pigyki.fr\\\/wp-content\\\/uploads\\\/2023\\\/06\\\/Logo-CL.jpg\",\"url\":\"https:\\\/\\\/pigyki.fr\\\/wp-content\\\/uploads\\\/2023\\\/06\\\/Logo-CL.jpg\",\"contentUrl\":\"https:\\\/\\\/pigyki.fr\\\/wp-content\\\/uploads\\\/2023\\\/06\\\/Logo-CL.jpg\",\"width\":524,\"height\":586,\"caption\":\"Pigyki\"},\"logo\":{\"@id\":\"https:\\\/\\\/pigyki.fr\\\/wp-content\\\/uploads\\\/2023\\\/06\\\/Logo-CL.jpg\"},\"sameAs\":[\"http:\\\/\\\/pigyki.fr\"]}]}<\/script>\n<!-- \/ Yoast SEO plugin. -->","yoast_head_json":{"title":"% Cronologia - Pigyki","description":"Cronologia dels compositors que apareixen a les llistes de reproducci\u00f3 de m\u00fasica del lloc web per a \u00fas educatiu i coneixement general.","robots":{"index":"index","follow":"follow","max-snippet":"max-snippet:-1","max-image-preview":"max-image-preview:large","max-video-preview":"max-video-preview:-1"},"canonical":"https:\/\/pigyki.fr\/index.php\/ca\/cronologia-3\/","og_locale":"fr_FR","og_type":"article","og_title":"% Cronologia - Pigyki","og_description":"Cronologia dels compositors que apareixen a les llistes de reproducci\u00f3 de m\u00fasica del lloc web per a \u00fas educatiu i coneixement general.","og_url":"https:\/\/pigyki.fr\/index.php\/ca\/cronologia-3\/","og_site_name":"Pigyki","article_modified_time":"2025-08-28T08:43:39+00:00","og_image":[{"width":735,"height":552,"url":"https:\/\/pigyki.fr\/wp-content\/uploads\/2024\/11\/7aa943481d13195dbe96e8b46212b582.jpg","type":"image\/jpeg"}],"twitter_card":"summary_large_image","twitter_misc":{"Dur\u00e9e de lecture estim\u00e9e":"2 minutes"},"schema":{"@context":"https:\/\/schema.org","@graph":[{"@type":"WebPage","@id":"https:\/\/pigyki.fr\/index.php\/ca\/cronologia-3\/","url":"https:\/\/pigyki.fr\/index.php\/ca\/cronologia-3\/","name":"% Cronologia - Pigyki","isPartOf":{"@id":"https:\/\/pigyki.fr\/#website"},"primaryImageOfPage":{"@id":"https:\/\/pigyki.fr\/index.php\/ca\/cronologia-3\/#primaryimage"},"image":{"@id":"https:\/\/pigyki.fr\/index.php\/ca\/cronologia-3\/#primaryimage"},"thumbnailUrl":"https:\/\/pigyki.fr\/wp-content\/uploads\/2024\/11\/7aa943481d13195dbe96e8b46212b582.jpg","datePublished":"2025-08-28T08:43:38+00:00","dateModified":"2025-08-28T08:43:39+00:00","description":"Cronologia dels compositors que apareixen a les llistes de reproducci\u00f3 de m\u00fasica del lloc web per a \u00fas educatiu i coneixement general.","breadcrumb":{"@id":"https:\/\/pigyki.fr\/index.php\/ca\/cronologia-3\/#breadcrumb"},"inLanguage":"fr-FR","potentialAction":[{"@type":"ReadAction","target":["https:\/\/pigyki.fr\/index.php\/ca\/cronologia-3\/"]}]},{"@type":"ImageObject","inLanguage":"fr-FR","@id":"https:\/\/pigyki.fr\/index.php\/ca\/cronologia-3\/#primaryimage","url":"https:\/\/pigyki.fr\/wp-content\/uploads\/2024\/11\/7aa943481d13195dbe96e8b46212b582.jpg","contentUrl":"https:\/\/pigyki.fr\/wp-content\/uploads\/2024\/11\/7aa943481d13195dbe96e8b46212b582.jpg","width":735,"height":552},{"@type":"BreadcrumbList","@id":"https:\/\/pigyki.fr\/index.php\/ca\/cronologia-3\/#breadcrumb","itemListElement":[{"@type":"ListItem","position":1,"name":"Accueil","item":"https:\/\/pigyki.fr\/"},{"@type":"ListItem","position":2,"name":"Cronologia"}]},{"@type":"WebSite","@id":"https:\/\/pigyki.fr\/#website","url":"https:\/\/pigyki.fr\/","name":"Pigyki","description":"C.L. al fine","publisher":{"@id":"https:\/\/pigyki.fr\/#\/schema\/person\/69b76bc8a17bddaf3ffd40d3cc9a4161"},"potentialAction":[{"@type":"SearchAction","target":{"@type":"EntryPoint","urlTemplate":"https:\/\/pigyki.fr\/?s={search_term_string}"},"query-input":{"@type":"PropertyValueSpecification","valueRequired":true,"valueName":"search_term_string"}}],"inLanguage":"fr-FR"},{"@type":["Person","Organization"],"@id":"https:\/\/pigyki.fr\/#\/schema\/person\/69b76bc8a17bddaf3ffd40d3cc9a4161","name":"Pigyki","image":{"@type":"ImageObject","inLanguage":"fr-FR","@id":"https:\/\/pigyki.fr\/wp-content\/uploads\/2023\/06\/Logo-CL.jpg","url":"https:\/\/pigyki.fr\/wp-content\/uploads\/2023\/06\/Logo-CL.jpg","contentUrl":"https:\/\/pigyki.fr\/wp-content\/uploads\/2023\/06\/Logo-CL.jpg","width":524,"height":586,"caption":"Pigyki"},"logo":{"@id":"https:\/\/pigyki.fr\/wp-content\/uploads\/2023\/06\/Logo-CL.jpg"},"sameAs":["http:\/\/pigyki.fr"]}]}},"_links":{"self":[{"href":"https:\/\/pigyki.fr\/index.php\/wp-json\/wp\/v2\/pages\/6576","targetHints":{"allow":["GET"]}}],"collection":[{"href":"https:\/\/pigyki.fr\/index.php\/wp-json\/wp\/v2\/pages"}],"about":[{"href":"https:\/\/pigyki.fr\/index.php\/wp-json\/wp\/v2\/types\/page"}],"author":[{"embeddable":true,"href":"https:\/\/pigyki.fr\/index.php\/wp-json\/wp\/v2\/users\/1"}],"replies":[{"embeddable":true,"href":"https:\/\/pigyki.fr\/index.php\/wp-json\/wp\/v2\/comments?post=6576"}],"version-history":[{"count":2,"href":"https:\/\/pigyki.fr\/index.php\/wp-json\/wp\/v2\/pages\/6576\/revisions"}],"predecessor-version":[{"id":6578,"href":"https:\/\/pigyki.fr\/index.php\/wp-json\/wp\/v2\/pages\/6576\/revisions\/6578"}],"wp:featuredmedia":[{"embeddable":true,"href":"https:\/\/pigyki.fr\/index.php\/wp-json\/wp\/v2\/media\/3631"}],"wp:attachment":[{"href":"https:\/\/pigyki.fr\/index.php\/wp-json\/wp\/v2\/media?parent=6576"}],"curies":[{"name":"wp","href":"https:\/\/api.w.org\/{rel}","templated":true}]}}