{"id":6567,"date":"2025-08-28T10:26:15","date_gmt":"2025-08-28T08:26:15","guid":{"rendered":"https:\/\/pigyki.fr\/?page_id=6567"},"modified":"2025-08-28T10:26:16","modified_gmt":"2025-08-28T08:26:16","slug":"linha-do-tempo","status":"publish","type":"page","link":"https:\/\/pigyki.fr\/index.php\/pt\/linha-do-tempo\/","title":{"rendered":"Linha do tempo"},"content":{"rendered":"\n<p>\u00c9 sempre interessante situar um compositor na hist\u00f3ria da m\u00fasica, n\u00e3o apenas nos grandes per\u00edodos destacados no primeiro quadro, mas tamb\u00e9m em rela\u00e7\u00e3o aos outros compositores de sua \u00e9poca.<br>Ao longo das mais de sessenta publica\u00e7\u00f5es dos meus \u201c\u00c9coutes musicales\u201d, apresentei sempre um compositor diferente, salvo exce\u00e7\u00f5es. S\u00e3o esses compositores que encontrar\u00e1 na linha do tempo ao clicar no quadro abaixo.<\/p>\n\n\n\n<p style=\"font-size:16px\"><em>Desculpem a presen\u00e7a de publicidade ao redor do quadro&#8230; \u00e9 o pre\u00e7o a pagar por um bom aplicativo gratuito!<\/em><\/p>\n\n\n<div class=\"wp-block-image\">\n<figure class=\"aligncenter size-full is-resized\"><a href=\"https:\/\/www.timetoast.com\/timelines\/3117419\" target=\"_blank\" rel=\"noreferrer noopener\"><img loading=\"lazy\" decoding=\"async\" width=\"380\" height=\"133\" src=\"https:\/\/pigyki.fr\/wp-content\/uploads\/2024\/11\/images.png\" alt=\"\" class=\"wp-image-3622\" style=\"width:944px;height:auto\" srcset=\"https:\/\/pigyki.fr\/wp-content\/uploads\/2024\/11\/images.png 380w, https:\/\/pigyki.fr\/wp-content\/uploads\/2024\/11\/images-300x105.png 300w, https:\/\/pigyki.fr\/wp-content\/uploads\/2024\/11\/images-281x98.png 281w\" sizes=\"auto, (max-width: 380px) 100vw, 380px\" \/><\/a><\/figure>\n<\/div>\n\n\n<h4 class=\"wp-block-heading\">\u201cLinhagem do tempo\u201d instru\u00e7\u00f5es de uso<\/h4>\n\n\n\n<p>Na p\u00e1gina que se abre no site \u201cwww.timetoast.com\u201d, escolha a exibi\u00e7\u00e3o \u201cTimeline\u201d em vez de \u201cList\u201d, \u00e0 direita abaixo do t\u00edtulo, e ao lado, escolha \u201cFullscreen mode\u201d para poder reduzir ou ampliar a tabela com o cursor abaixo.<\/p>\n\n\n\n<ul class=\"wp-block-list\">\n<li>Ao clicar no nome do compositor, voc\u00ea abrir\u00e1 uma janela de di\u00e1logo contendo links.<\/li>\n\n\n\n<li>Ao clicar no nome, voc\u00ea abrir\u00e1 uma guia com o retrato dele.<\/li>\n\n\n\n<li>Ao clicar nas audi\u00e7\u00f5es, os links que remetem ao site.<\/li>\n\n\n\n<li>Ao clicar no t\u00edtulo da obra, o trecho musical.<\/li>\n<\/ul>\n","protected":false},"excerpt":{"rendered":"<p>\u00c9 sempre interessante situar um compositor na hist\u00f3ria da m\u00fasica, n\u00e3o apenas nos grandes per\u00edodos destacados no primeiro quadro, mas tamb\u00e9m em rela\u00e7\u00e3o aos outros compositores de sua \u00e9poca.Ao longo &hellip;<\/p>\n","protected":false},"author":1,"featured_media":3631,"parent":0,"menu_order":0,"comment_status":"closed","ping_status":"closed","template":"","meta":{"rop_custom_images_group":[],"rop_custom_messages_group":[],"rop_publish_now":"initial","rop_publish_now_accounts":[],"rop_publish_now_history":[],"rop_publish_now_status":"pending","footnotes":""},"class_list":["post-6567","page","type-page","status-publish","has-post-thumbnail","hentry"],"yoast_head":"<!-- This site is optimized with the Yoast SEO plugin v27.4 - https:\/\/yoast.com\/product\/yoast-seo-wordpress\/ -->\n<title>% Linha do tempo - Pigyki<\/title>\n<meta name=\"description\" content=\"Linha do tempo (Timeline) dos compositores apresentados nas audi\u00e7\u00f5es musicais do site para uso pedag\u00f3gico e cultura geral.\" \/>\n<meta name=\"robots\" content=\"index, follow, max-snippet:-1, max-image-preview:large, max-video-preview:-1\" \/>\n<link rel=\"canonical\" href=\"https:\/\/pigyki.fr\/index.php\/pt\/linha-do-tempo\/\" \/>\n<meta property=\"og:locale\" content=\"fr_FR\" \/>\n<meta property=\"og:type\" content=\"article\" \/>\n<meta property=\"og:title\" content=\"% Linha do tempo - Pigyki\" \/>\n<meta property=\"og:description\" content=\"Linha do tempo (Timeline) dos compositores apresentados nas audi\u00e7\u00f5es musicais do site para uso pedag\u00f3gico e cultura geral.\" \/>\n<meta property=\"og:url\" content=\"https:\/\/pigyki.fr\/index.php\/pt\/linha-do-tempo\/\" \/>\n<meta property=\"og:site_name\" content=\"Pigyki\" \/>\n<meta property=\"article:modified_time\" content=\"2025-08-28T08:26:16+00:00\" \/>\n<meta property=\"og:image\" content=\"https:\/\/pigyki.fr\/wp-content\/uploads\/2024\/11\/7aa943481d13195dbe96e8b46212b582.jpg\" \/>\n\t<meta property=\"og:image:width\" content=\"735\" \/>\n\t<meta property=\"og:image:height\" content=\"552\" \/>\n\t<meta property=\"og:image:type\" content=\"image\/jpeg\" \/>\n<meta name=\"twitter:card\" content=\"summary_large_image\" \/>\n<meta name=\"twitter:label1\" content=\"Dur\u00e9e de lecture estim\u00e9e\" \/>\n\t<meta name=\"twitter:data1\" content=\"2 minutes\" \/>\n<script type=\"application\/ld+json\" class=\"yoast-schema-graph\">{\"@context\":\"https:\\\/\\\/schema.org\",\"@graph\":[{\"@type\":\"WebPage\",\"@id\":\"https:\\\/\\\/pigyki.fr\\\/index.php\\\/pt\\\/linha-do-tempo\\\/\",\"url\":\"https:\\\/\\\/pigyki.fr\\\/index.php\\\/pt\\\/linha-do-tempo\\\/\",\"name\":\"% Linha do tempo - Pigyki\",\"isPartOf\":{\"@id\":\"https:\\\/\\\/pigyki.fr\\\/#website\"},\"primaryImageOfPage\":{\"@id\":\"https:\\\/\\\/pigyki.fr\\\/index.php\\\/pt\\\/linha-do-tempo\\\/#primaryimage\"},\"image\":{\"@id\":\"https:\\\/\\\/pigyki.fr\\\/index.php\\\/pt\\\/linha-do-tempo\\\/#primaryimage\"},\"thumbnailUrl\":\"https:\\\/\\\/pigyki.fr\\\/wp-content\\\/uploads\\\/2024\\\/11\\\/7aa943481d13195dbe96e8b46212b582.jpg\",\"datePublished\":\"2025-08-28T08:26:15+00:00\",\"dateModified\":\"2025-08-28T08:26:16+00:00\",\"description\":\"Linha do tempo (Timeline) dos compositores apresentados nas audi\u00e7\u00f5es musicais do site para uso pedag\u00f3gico e cultura geral.\",\"breadcrumb\":{\"@id\":\"https:\\\/\\\/pigyki.fr\\\/index.php\\\/pt\\\/linha-do-tempo\\\/#breadcrumb\"},\"inLanguage\":\"fr-FR\",\"potentialAction\":[{\"@type\":\"ReadAction\",\"target\":[\"https:\\\/\\\/pigyki.fr\\\/index.php\\\/pt\\\/linha-do-tempo\\\/\"]}]},{\"@type\":\"ImageObject\",\"inLanguage\":\"fr-FR\",\"@id\":\"https:\\\/\\\/pigyki.fr\\\/index.php\\\/pt\\\/linha-do-tempo\\\/#primaryimage\",\"url\":\"https:\\\/\\\/pigyki.fr\\\/wp-content\\\/uploads\\\/2024\\\/11\\\/7aa943481d13195dbe96e8b46212b582.jpg\",\"contentUrl\":\"https:\\\/\\\/pigyki.fr\\\/wp-content\\\/uploads\\\/2024\\\/11\\\/7aa943481d13195dbe96e8b46212b582.jpg\",\"width\":735,\"height\":552},{\"@type\":\"BreadcrumbList\",\"@id\":\"https:\\\/\\\/pigyki.fr\\\/index.php\\\/pt\\\/linha-do-tempo\\\/#breadcrumb\",\"itemListElement\":[{\"@type\":\"ListItem\",\"position\":1,\"name\":\"Accueil\",\"item\":\"https:\\\/\\\/pigyki.fr\\\/\"},{\"@type\":\"ListItem\",\"position\":2,\"name\":\"Linha do tempo\"}]},{\"@type\":\"WebSite\",\"@id\":\"https:\\\/\\\/pigyki.fr\\\/#website\",\"url\":\"https:\\\/\\\/pigyki.fr\\\/\",\"name\":\"Pigyki\",\"description\":\"C.L. al fine\",\"publisher\":{\"@id\":\"https:\\\/\\\/pigyki.fr\\\/#\\\/schema\\\/person\\\/69b76bc8a17bddaf3ffd40d3cc9a4161\"},\"potentialAction\":[{\"@type\":\"SearchAction\",\"target\":{\"@type\":\"EntryPoint\",\"urlTemplate\":\"https:\\\/\\\/pigyki.fr\\\/?s={search_term_string}\"},\"query-input\":{\"@type\":\"PropertyValueSpecification\",\"valueRequired\":true,\"valueName\":\"search_term_string\"}}],\"inLanguage\":\"fr-FR\"},{\"@type\":[\"Person\",\"Organization\"],\"@id\":\"https:\\\/\\\/pigyki.fr\\\/#\\\/schema\\\/person\\\/69b76bc8a17bddaf3ffd40d3cc9a4161\",\"name\":\"Pigyki\",\"image\":{\"@type\":\"ImageObject\",\"inLanguage\":\"fr-FR\",\"@id\":\"https:\\\/\\\/pigyki.fr\\\/wp-content\\\/uploads\\\/2023\\\/06\\\/Logo-CL.jpg\",\"url\":\"https:\\\/\\\/pigyki.fr\\\/wp-content\\\/uploads\\\/2023\\\/06\\\/Logo-CL.jpg\",\"contentUrl\":\"https:\\\/\\\/pigyki.fr\\\/wp-content\\\/uploads\\\/2023\\\/06\\\/Logo-CL.jpg\",\"width\":524,\"height\":586,\"caption\":\"Pigyki\"},\"logo\":{\"@id\":\"https:\\\/\\\/pigyki.fr\\\/wp-content\\\/uploads\\\/2023\\\/06\\\/Logo-CL.jpg\"},\"sameAs\":[\"http:\\\/\\\/pigyki.fr\"]}]}<\/script>\n<!-- \/ Yoast SEO plugin. -->","yoast_head_json":{"title":"% Linha do tempo - Pigyki","description":"Linha do tempo (Timeline) dos compositores apresentados nas audi\u00e7\u00f5es musicais do site para uso pedag\u00f3gico e cultura geral.","robots":{"index":"index","follow":"follow","max-snippet":"max-snippet:-1","max-image-preview":"max-image-preview:large","max-video-preview":"max-video-preview:-1"},"canonical":"https:\/\/pigyki.fr\/index.php\/pt\/linha-do-tempo\/","og_locale":"fr_FR","og_type":"article","og_title":"% Linha do tempo - Pigyki","og_description":"Linha do tempo (Timeline) dos compositores apresentados nas audi\u00e7\u00f5es musicais do site para uso pedag\u00f3gico e cultura geral.","og_url":"https:\/\/pigyki.fr\/index.php\/pt\/linha-do-tempo\/","og_site_name":"Pigyki","article_modified_time":"2025-08-28T08:26:16+00:00","og_image":[{"width":735,"height":552,"url":"https:\/\/pigyki.fr\/wp-content\/uploads\/2024\/11\/7aa943481d13195dbe96e8b46212b582.jpg","type":"image\/jpeg"}],"twitter_card":"summary_large_image","twitter_misc":{"Dur\u00e9e de lecture estim\u00e9e":"2 minutes"},"schema":{"@context":"https:\/\/schema.org","@graph":[{"@type":"WebPage","@id":"https:\/\/pigyki.fr\/index.php\/pt\/linha-do-tempo\/","url":"https:\/\/pigyki.fr\/index.php\/pt\/linha-do-tempo\/","name":"% Linha do tempo - Pigyki","isPartOf":{"@id":"https:\/\/pigyki.fr\/#website"},"primaryImageOfPage":{"@id":"https:\/\/pigyki.fr\/index.php\/pt\/linha-do-tempo\/#primaryimage"},"image":{"@id":"https:\/\/pigyki.fr\/index.php\/pt\/linha-do-tempo\/#primaryimage"},"thumbnailUrl":"https:\/\/pigyki.fr\/wp-content\/uploads\/2024\/11\/7aa943481d13195dbe96e8b46212b582.jpg","datePublished":"2025-08-28T08:26:15+00:00","dateModified":"2025-08-28T08:26:16+00:00","description":"Linha do tempo (Timeline) dos compositores apresentados nas audi\u00e7\u00f5es musicais do site para uso pedag\u00f3gico e cultura geral.","breadcrumb":{"@id":"https:\/\/pigyki.fr\/index.php\/pt\/linha-do-tempo\/#breadcrumb"},"inLanguage":"fr-FR","potentialAction":[{"@type":"ReadAction","target":["https:\/\/pigyki.fr\/index.php\/pt\/linha-do-tempo\/"]}]},{"@type":"ImageObject","inLanguage":"fr-FR","@id":"https:\/\/pigyki.fr\/index.php\/pt\/linha-do-tempo\/#primaryimage","url":"https:\/\/pigyki.fr\/wp-content\/uploads\/2024\/11\/7aa943481d13195dbe96e8b46212b582.jpg","contentUrl":"https:\/\/pigyki.fr\/wp-content\/uploads\/2024\/11\/7aa943481d13195dbe96e8b46212b582.jpg","width":735,"height":552},{"@type":"BreadcrumbList","@id":"https:\/\/pigyki.fr\/index.php\/pt\/linha-do-tempo\/#breadcrumb","itemListElement":[{"@type":"ListItem","position":1,"name":"Accueil","item":"https:\/\/pigyki.fr\/"},{"@type":"ListItem","position":2,"name":"Linha do tempo"}]},{"@type":"WebSite","@id":"https:\/\/pigyki.fr\/#website","url":"https:\/\/pigyki.fr\/","name":"Pigyki","description":"C.L. al fine","publisher":{"@id":"https:\/\/pigyki.fr\/#\/schema\/person\/69b76bc8a17bddaf3ffd40d3cc9a4161"},"potentialAction":[{"@type":"SearchAction","target":{"@type":"EntryPoint","urlTemplate":"https:\/\/pigyki.fr\/?s={search_term_string}"},"query-input":{"@type":"PropertyValueSpecification","valueRequired":true,"valueName":"search_term_string"}}],"inLanguage":"fr-FR"},{"@type":["Person","Organization"],"@id":"https:\/\/pigyki.fr\/#\/schema\/person\/69b76bc8a17bddaf3ffd40d3cc9a4161","name":"Pigyki","image":{"@type":"ImageObject","inLanguage":"fr-FR","@id":"https:\/\/pigyki.fr\/wp-content\/uploads\/2023\/06\/Logo-CL.jpg","url":"https:\/\/pigyki.fr\/wp-content\/uploads\/2023\/06\/Logo-CL.jpg","contentUrl":"https:\/\/pigyki.fr\/wp-content\/uploads\/2023\/06\/Logo-CL.jpg","width":524,"height":586,"caption":"Pigyki"},"logo":{"@id":"https:\/\/pigyki.fr\/wp-content\/uploads\/2023\/06\/Logo-CL.jpg"},"sameAs":["http:\/\/pigyki.fr"]}]}},"_links":{"self":[{"href":"https:\/\/pigyki.fr\/index.php\/wp-json\/wp\/v2\/pages\/6567","targetHints":{"allow":["GET"]}}],"collection":[{"href":"https:\/\/pigyki.fr\/index.php\/wp-json\/wp\/v2\/pages"}],"about":[{"href":"https:\/\/pigyki.fr\/index.php\/wp-json\/wp\/v2\/types\/page"}],"author":[{"embeddable":true,"href":"https:\/\/pigyki.fr\/index.php\/wp-json\/wp\/v2\/users\/1"}],"replies":[{"embeddable":true,"href":"https:\/\/pigyki.fr\/index.php\/wp-json\/wp\/v2\/comments?post=6567"}],"version-history":[{"count":2,"href":"https:\/\/pigyki.fr\/index.php\/wp-json\/wp\/v2\/pages\/6567\/revisions"}],"predecessor-version":[{"id":6569,"href":"https:\/\/pigyki.fr\/index.php\/wp-json\/wp\/v2\/pages\/6567\/revisions\/6569"}],"wp:featuredmedia":[{"embeddable":true,"href":"https:\/\/pigyki.fr\/index.php\/wp-json\/wp\/v2\/media\/3631"}],"wp:attachment":[{"href":"https:\/\/pigyki.fr\/index.php\/wp-json\/wp\/v2\/media?parent=6567"}],"curies":[{"name":"wp","href":"https:\/\/api.w.org\/{rel}","templated":true}]}}