{"id":5785,"date":"2025-07-13T13:38:15","date_gmt":"2025-07-13T11:38:15","guid":{"rendered":"https:\/\/pigyki.fr\/?page_id=5785"},"modified":"2025-07-13T14:58:26","modified_gmt":"2025-07-13T12:58:26","slug":"povzetek-clankov-o-pedagogiki","status":"publish","type":"page","link":"https:\/\/pigyki.fr\/index.php\/sl\/povzetek-clankov-o-pedagogiki\/","title":{"rendered":"Povzetek \u010dlankov o pedagogiki"},"content":{"rendered":"\n<p>Dostopajte neposredno do \u010dlanka, ki obravnava temo, ki vas zanima, tako da kliknete naslov v spodnji tabeli.<br>Vabljeni, da jih komentirate ali celo izpodbijete, saj so namenjeni izmenjavi pogledov in izku\u0161enj\u2026<\/p>\n\n\n\n<p><em>Ti \u010dlanki bodo postopoma prevedeni v sloven\u0161\u010dino. Za zdaj so prevedeni le tisti, ki jim sledi znak *.<\/em><\/p>\n\n\n\n<figure class=\"wp-block-table\"><table><tbody><tr><td><strong><em><a href=\"https:\/\/pigyki.fr\/index.php\/pedagogie\/\" target=\"_blank\" rel=\"noreferrer noopener\">Pedagogika v vpra\u0161anjih<\/a><\/em><\/strong><\/td><td><strong><em><a href=\"https:\/\/pigyki.fr\/index.php\/2023\/09\/10\/les-chansons-en-questions\/\" target=\"_blank\" rel=\"noreferrer noopener\">Pesmi v vpra\u0161anjih<\/a><\/em><\/strong><br><strong><em><a href=\"https:\/\/pigyki.fr\/index.php\/2024\/04\/14\/30-chansons-enfantines-francaises\/\" target=\"_blank\" rel=\"noreferrer noopener\">30 francoskih pesmi \u2013 antologija!<\/a><\/em><\/strong><\/td><\/tr><tr><td><strong><em><a href=\"https:\/\/pigyki.fr\/index.php\/2023\/06\/08\/pedagogie-fr\/\" target=\"_blank\" rel=\"noreferrer noopener\">Star\u0161i v vpra\u0161anjih<\/a><\/em><\/strong><\/td><td><strong><em><a href=\"https:\/\/pigyki.fr\/index.php\/2023\/11\/02\/lideal-en-question\/\" target=\"_blank\" rel=\"noreferrer noopener\">Ideal v vpra\u0161anjih<\/a><\/em><\/strong><\/td><\/tr><tr><td><strong><em><a href=\"https:\/\/pigyki.fr\/index.php\/2023\/06\/27\/questions-sur-la-tonalite\/\" target=\"_blank\" rel=\"noreferrer noopener\">Tonaliteta v vpra\u0161anjih<\/a><\/em><\/strong><\/td><td><strong><em><a href=\"https:\/\/pigyki.fr\/index.php\/2024\/01\/16\/la-discipline-en-questions\/\" target=\"_blank\" rel=\"noreferrer noopener\">Disciplina v vpra\u0161anjih<\/a><\/em><\/strong><\/td><\/tr><tr><td><strong><em><a href=\"https:\/\/pigyki.fr\/index.php\/2023\/09\/02\/lhumour-en-question\/\" target=\"_blank\" rel=\"noreferrer noopener\">Humor v vpra\u0161anjih<\/a><\/em><\/strong><\/td><td><strong><em><a href=\"https:\/\/pigyki.fr\/index.php\/2024\/01\/24\/les-convictions-en-questions\/\" target=\"_blank\" rel=\"noreferrer noopener\">Prepri\u010danja v vpra\u0161anjih<\/a><\/em><\/strong><\/td><\/tr><tr><td><strong><em><a href=\"https:\/\/pigyki.fr\/index.php\/2024\/01\/24\/lecoute-musicale-en-questions\/\" target=\"_blank\" rel=\"noreferrer noopener\">Glasbeno poslu\u0161anje v vpra\u0161anjih<\/a><\/em><\/strong><\/td><td><strong><em><a href=\"https:\/\/pigyki.fr\/index.php\/2024\/01\/25\/les-mouvements-corporels-en-question\/\" target=\"_blank\" rel=\"noreferrer noopener\">Telesno gibanje v vpra\u0161anjih<\/a><\/em><\/strong><\/td><\/tr><tr><td><strong><em><a href=\"https:\/\/pigyki.fr\/index.php\/2024\/02\/01\/les-capacites-en-question\/\" target=\"_blank\" rel=\"noreferrer noopener\">Sposobnosti v vpra\u0161anjih<\/a><\/em><\/strong><\/td><td><strong><em><a href=\"https:\/\/pigyki.fr\/index.php\/2024\/01\/30\/en-guise-de-podcast\/\" target=\"_blank\" rel=\"noreferrer noopener\">Kot podcast<\/a><\/em><\/strong><\/td><\/tr><tr><td><strong><em><a href=\"https:\/\/pigyki.fr\/index.php\/2024\/02\/15\/les-hierarchies-en-question\/\" target=\"_blank\" rel=\"noreferrer noopener\">Hierarhije v vpra\u0161anjih<\/a><\/em><\/strong><\/td><td><strong><em><a href=\"https:\/\/pigyki.fr\/index.php\/sl\/konferenca-usposabljanje-na-podrocju-pedagogike-willems\/\" target=\"_blank\" rel=\"noreferrer noopener\">Izobra\u017eevanje v pedagogiki Willems<sup>\u00ae<\/sup> *<\/a><\/em><\/strong><\/td><\/tr><tr><td><strong><em><a href=\"https:\/\/pigyki.fr\/index.php\/2024\/03\/08\/les-contre-exemples-en-question\/\" target=\"_blank\" rel=\"noreferrer noopener\">Proti primeri v vpra\u0161anjih<\/a><\/em><\/strong><\/td><td><strong><em><a href=\"https:\/\/pigyki.fr\/index.php\/2024\/03\/10\/la-confiance-en-soi-en-question\/\" target=\"_blank\" rel=\"noreferrer noopener\">Samozavest v vpra\u0161anjih<\/a><\/em><\/strong><\/td><\/tr><tr><td><strong><em><a href=\"https:\/\/pigyki.fr\/index.php\/2024\/03\/24\/le-travail-a-la-maison-en-question\/\" target=\"_blank\" rel=\"noreferrer noopener\">Doma\u010de delo v vpra\u0161anjih<\/a><\/em><\/strong><\/td><td><strong><em><a href=\"https:\/\/pigyki.fr\/index.php\/2024\/04\/14\/les-cadences-en-question\/\" target=\"_blank\" rel=\"noreferrer noopener\">Kadence v vpra\u0161anjih<\/a><\/em><\/strong><\/td><\/tr><tr><td><strong><em><a href=\"https:\/\/pigyki.fr\/index.php\/2024\/05\/18\/la-joie-en-question\/\" target=\"_blank\" rel=\"noreferrer noopener\">Veselje v vpra\u0161anjih<\/a><\/em><\/strong><\/td><td><a href=\"https:\/\/pigyki.fr\/index.php\/2024\/08\/07\/lintratonal-en-question\/\" target=\"_blank\" rel=\"noreferrer noopener\"><em><strong>Intratonalnost v vpra\u0161anjih<\/strong><\/em><\/a><\/td><\/tr><tr><td><strong><em><a href=\"https:\/\/pigyki.fr\/index.php\/sl\/2025\/07\/12\/akuzmatika-pod-vprasajem\/\" target=\"_blank\" rel=\"noreferrer noopener\">Akusmatika v vpra\u0161anjih *<\/a><\/em><\/strong><\/td><td><\/td><\/tr><\/tbody><\/table><\/figure>\n\n\n\n<p>\u010ce \u017eelite obravnavati druge teme, mi pi\u0161ite: <a href=\"mailto:contact@pigyki.fr\" target=\"_blank\" rel=\"noreferrer noopener\"><strong><em>contact@pigyki.fr<\/em><\/strong><\/a>&#8230;<\/p>\n\n\n\n<p><\/p>\n","protected":false},"excerpt":{"rendered":"<p>Dostopajte neposredno do \u010dlanka, ki obravnava temo, ki vas zanima, tako da kliknete naslov v spodnji tabeli.Vabljeni, da jih komentirate ali celo izpodbijete, saj so namenjeni izmenjavi pogledov in izku\u0161enj\u2026 &hellip;<\/p>\n","protected":false},"author":1,"featured_media":0,"parent":0,"menu_order":0,"comment_status":"closed","ping_status":"closed","template":"","meta":{"rop_custom_images_group":[],"rop_custom_messages_group":[],"rop_publish_now":"initial","rop_publish_now_accounts":[],"rop_publish_now_history":[],"rop_publish_now_status":"pending","footnotes":""},"class_list":["post-5785","page","type-page","status-publish","hentry"],"yoast_head":"<!-- This site is optimized with the Yoast SEO plugin v27.4 - https:\/\/yoast.com\/product\/yoast-seo-wordpress\/ -->\n<title>Povzetek \u010dlankov o pedagogiki - Pigyki<\/title>\n<meta name=\"description\" content=\"Neposreden dostop do \u010dlankov Pigyki o pedagogiki, glasbi, telesnem gibanju, glasbenem poslu\u0161anju in drugih vpra\u0161anjih. Preberite, komentirajte in delite svoje izku\u0161nje na Pigyki.fr.\" \/>\n<meta name=\"robots\" content=\"index, follow, max-snippet:-1, max-image-preview:large, max-video-preview:-1\" \/>\n<link rel=\"canonical\" href=\"https:\/\/pigyki.fr\/index.php\/sl\/povzetek-clankov-o-pedagogiki\/\" \/>\n<meta property=\"og:locale\" content=\"fr_FR\" \/>\n<meta property=\"og:type\" content=\"article\" \/>\n<meta property=\"og:title\" content=\"Povzetek \u010dlankov o pedagogiki - Pigyki\" \/>\n<meta property=\"og:description\" content=\"Neposreden dostop do \u010dlankov Pigyki o pedagogiki, glasbi, telesnem gibanju, glasbenem poslu\u0161anju in drugih vpra\u0161anjih. Preberite, komentirajte in delite svoje izku\u0161nje na Pigyki.fr.\" \/>\n<meta property=\"og:url\" content=\"https:\/\/pigyki.fr\/index.php\/sl\/povzetek-clankov-o-pedagogiki\/\" \/>\n<meta property=\"og:site_name\" content=\"Pigyki\" \/>\n<meta property=\"article:modified_time\" content=\"2025-07-13T12:58:26+00:00\" \/>\n<meta name=\"twitter:card\" content=\"summary_large_image\" \/>\n<meta name=\"twitter:label1\" content=\"Dur\u00e9e de lecture estim\u00e9e\" \/>\n\t<meta name=\"twitter:data1\" content=\"1 minute\" \/>\n<script type=\"application\/ld+json\" class=\"yoast-schema-graph\">{\"@context\":\"https:\\\/\\\/schema.org\",\"@graph\":[{\"@type\":\"WebPage\",\"@id\":\"https:\\\/\\\/pigyki.fr\\\/index.php\\\/sl\\\/povzetek-clankov-o-pedagogiki\\\/\",\"url\":\"https:\\\/\\\/pigyki.fr\\\/index.php\\\/sl\\\/povzetek-clankov-o-pedagogiki\\\/\",\"name\":\"Povzetek \u010dlankov o pedagogiki - Pigyki\",\"isPartOf\":{\"@id\":\"https:\\\/\\\/pigyki.fr\\\/#website\"},\"datePublished\":\"2025-07-13T11:38:15+00:00\",\"dateModified\":\"2025-07-13T12:58:26+00:00\",\"description\":\"Neposreden dostop do \u010dlankov Pigyki o pedagogiki, glasbi, telesnem gibanju, glasbenem poslu\u0161anju in drugih vpra\u0161anjih. Preberite, komentirajte in delite svoje izku\u0161nje na Pigyki.fr.\",\"breadcrumb\":{\"@id\":\"https:\\\/\\\/pigyki.fr\\\/index.php\\\/sl\\\/povzetek-clankov-o-pedagogiki\\\/#breadcrumb\"},\"inLanguage\":\"fr-FR\",\"potentialAction\":[{\"@type\":\"ReadAction\",\"target\":[\"https:\\\/\\\/pigyki.fr\\\/index.php\\\/sl\\\/povzetek-clankov-o-pedagogiki\\\/\"]}]},{\"@type\":\"BreadcrumbList\",\"@id\":\"https:\\\/\\\/pigyki.fr\\\/index.php\\\/sl\\\/povzetek-clankov-o-pedagogiki\\\/#breadcrumb\",\"itemListElement\":[{\"@type\":\"ListItem\",\"position\":1,\"name\":\"Accueil\",\"item\":\"https:\\\/\\\/pigyki.fr\\\/\"},{\"@type\":\"ListItem\",\"position\":2,\"name\":\"Povzetek \u010dlankov o pedagogiki\"}]},{\"@type\":\"WebSite\",\"@id\":\"https:\\\/\\\/pigyki.fr\\\/#website\",\"url\":\"https:\\\/\\\/pigyki.fr\\\/\",\"name\":\"Pigyki\",\"description\":\"C.L. al fine\",\"publisher\":{\"@id\":\"https:\\\/\\\/pigyki.fr\\\/#\\\/schema\\\/person\\\/69b76bc8a17bddaf3ffd40d3cc9a4161\"},\"potentialAction\":[{\"@type\":\"SearchAction\",\"target\":{\"@type\":\"EntryPoint\",\"urlTemplate\":\"https:\\\/\\\/pigyki.fr\\\/?s={search_term_string}\"},\"query-input\":{\"@type\":\"PropertyValueSpecification\",\"valueRequired\":true,\"valueName\":\"search_term_string\"}}],\"inLanguage\":\"fr-FR\"},{\"@type\":[\"Person\",\"Organization\"],\"@id\":\"https:\\\/\\\/pigyki.fr\\\/#\\\/schema\\\/person\\\/69b76bc8a17bddaf3ffd40d3cc9a4161\",\"name\":\"Pigyki\",\"image\":{\"@type\":\"ImageObject\",\"inLanguage\":\"fr-FR\",\"@id\":\"https:\\\/\\\/pigyki.fr\\\/wp-content\\\/uploads\\\/2023\\\/06\\\/Logo-CL.jpg\",\"url\":\"https:\\\/\\\/pigyki.fr\\\/wp-content\\\/uploads\\\/2023\\\/06\\\/Logo-CL.jpg\",\"contentUrl\":\"https:\\\/\\\/pigyki.fr\\\/wp-content\\\/uploads\\\/2023\\\/06\\\/Logo-CL.jpg\",\"width\":524,\"height\":586,\"caption\":\"Pigyki\"},\"logo\":{\"@id\":\"https:\\\/\\\/pigyki.fr\\\/wp-content\\\/uploads\\\/2023\\\/06\\\/Logo-CL.jpg\"},\"sameAs\":[\"http:\\\/\\\/pigyki.fr\"]}]}<\/script>\n<!-- \/ Yoast SEO plugin. -->","yoast_head_json":{"title":"Povzetek \u010dlankov o pedagogiki - Pigyki","description":"Neposreden dostop do \u010dlankov Pigyki o pedagogiki, glasbi, telesnem gibanju, glasbenem poslu\u0161anju in drugih vpra\u0161anjih. Preberite, komentirajte in delite svoje izku\u0161nje na Pigyki.fr.","robots":{"index":"index","follow":"follow","max-snippet":"max-snippet:-1","max-image-preview":"max-image-preview:large","max-video-preview":"max-video-preview:-1"},"canonical":"https:\/\/pigyki.fr\/index.php\/sl\/povzetek-clankov-o-pedagogiki\/","og_locale":"fr_FR","og_type":"article","og_title":"Povzetek \u010dlankov o pedagogiki - Pigyki","og_description":"Neposreden dostop do \u010dlankov Pigyki o pedagogiki, glasbi, telesnem gibanju, glasbenem poslu\u0161anju in drugih vpra\u0161anjih. Preberite, komentirajte in delite svoje izku\u0161nje na Pigyki.fr.","og_url":"https:\/\/pigyki.fr\/index.php\/sl\/povzetek-clankov-o-pedagogiki\/","og_site_name":"Pigyki","article_modified_time":"2025-07-13T12:58:26+00:00","twitter_card":"summary_large_image","twitter_misc":{"Dur\u00e9e de lecture estim\u00e9e":"1 minute"},"schema":{"@context":"https:\/\/schema.org","@graph":[{"@type":"WebPage","@id":"https:\/\/pigyki.fr\/index.php\/sl\/povzetek-clankov-o-pedagogiki\/","url":"https:\/\/pigyki.fr\/index.php\/sl\/povzetek-clankov-o-pedagogiki\/","name":"Povzetek \u010dlankov o pedagogiki - Pigyki","isPartOf":{"@id":"https:\/\/pigyki.fr\/#website"},"datePublished":"2025-07-13T11:38:15+00:00","dateModified":"2025-07-13T12:58:26+00:00","description":"Neposreden dostop do \u010dlankov Pigyki o pedagogiki, glasbi, telesnem gibanju, glasbenem poslu\u0161anju in drugih vpra\u0161anjih. Preberite, komentirajte in delite svoje izku\u0161nje na Pigyki.fr.","breadcrumb":{"@id":"https:\/\/pigyki.fr\/index.php\/sl\/povzetek-clankov-o-pedagogiki\/#breadcrumb"},"inLanguage":"fr-FR","potentialAction":[{"@type":"ReadAction","target":["https:\/\/pigyki.fr\/index.php\/sl\/povzetek-clankov-o-pedagogiki\/"]}]},{"@type":"BreadcrumbList","@id":"https:\/\/pigyki.fr\/index.php\/sl\/povzetek-clankov-o-pedagogiki\/#breadcrumb","itemListElement":[{"@type":"ListItem","position":1,"name":"Accueil","item":"https:\/\/pigyki.fr\/"},{"@type":"ListItem","position":2,"name":"Povzetek \u010dlankov o pedagogiki"}]},{"@type":"WebSite","@id":"https:\/\/pigyki.fr\/#website","url":"https:\/\/pigyki.fr\/","name":"Pigyki","description":"C.L. al fine","publisher":{"@id":"https:\/\/pigyki.fr\/#\/schema\/person\/69b76bc8a17bddaf3ffd40d3cc9a4161"},"potentialAction":[{"@type":"SearchAction","target":{"@type":"EntryPoint","urlTemplate":"https:\/\/pigyki.fr\/?s={search_term_string}"},"query-input":{"@type":"PropertyValueSpecification","valueRequired":true,"valueName":"search_term_string"}}],"inLanguage":"fr-FR"},{"@type":["Person","Organization"],"@id":"https:\/\/pigyki.fr\/#\/schema\/person\/69b76bc8a17bddaf3ffd40d3cc9a4161","name":"Pigyki","image":{"@type":"ImageObject","inLanguage":"fr-FR","@id":"https:\/\/pigyki.fr\/wp-content\/uploads\/2023\/06\/Logo-CL.jpg","url":"https:\/\/pigyki.fr\/wp-content\/uploads\/2023\/06\/Logo-CL.jpg","contentUrl":"https:\/\/pigyki.fr\/wp-content\/uploads\/2023\/06\/Logo-CL.jpg","width":524,"height":586,"caption":"Pigyki"},"logo":{"@id":"https:\/\/pigyki.fr\/wp-content\/uploads\/2023\/06\/Logo-CL.jpg"},"sameAs":["http:\/\/pigyki.fr"]}]}},"_links":{"self":[{"href":"https:\/\/pigyki.fr\/index.php\/wp-json\/wp\/v2\/pages\/5785","targetHints":{"allow":["GET"]}}],"collection":[{"href":"https:\/\/pigyki.fr\/index.php\/wp-json\/wp\/v2\/pages"}],"about":[{"href":"https:\/\/pigyki.fr\/index.php\/wp-json\/wp\/v2\/types\/page"}],"author":[{"embeddable":true,"href":"https:\/\/pigyki.fr\/index.php\/wp-json\/wp\/v2\/users\/1"}],"replies":[{"embeddable":true,"href":"https:\/\/pigyki.fr\/index.php\/wp-json\/wp\/v2\/comments?post=5785"}],"version-history":[{"count":4,"href":"https:\/\/pigyki.fr\/index.php\/wp-json\/wp\/v2\/pages\/5785\/revisions"}],"predecessor-version":[{"id":5808,"href":"https:\/\/pigyki.fr\/index.php\/wp-json\/wp\/v2\/pages\/5785\/revisions\/5808"}],"wp:attachment":[{"href":"https:\/\/pigyki.fr\/index.php\/wp-json\/wp\/v2\/media?parent=5785"}],"curies":[{"name":"wp","href":"https:\/\/api.w.org\/{rel}","templated":true}]}}