{"id":5776,"date":"2025-07-12T22:52:50","date_gmt":"2025-07-12T20:52:50","guid":{"rendered":"https:\/\/pigyki.fr\/?page_id=5776"},"modified":"2025-07-13T13:19:04","modified_gmt":"2025-07-13T11:19:04","slug":"sommaire-des-articles-sur-la-pedagogie-2","status":"publish","type":"page","link":"https:\/\/pigyki.fr\/index.php\/sommaire-des-articles-sur-la-pedagogie-2\/","title":{"rendered":"Sommaire des articles sur la p\u00e9dagogie"},"content":{"rendered":"\n<p>Acc\u00e9dez directement \u00e0 l&rsquo;article traitant une question qui vous int\u00e9resse en cliquant sur le titre dans le tableau suivant.<br>N&rsquo;h\u00e9sitez pas \u00e0 les commenter, voire les contredire, ils sont l\u00e0 pour \u00e9changer des points de vue et des exp\u00e9riences&#8230;<\/p>\n\n\n\n<figure class=\"wp-block-table\"><table><tbody><tr><td><strong><em><a href=\"https:\/\/pigyki.fr\/index.php\/pedagogie\/\" target=\"_blank\" rel=\"noreferrer noopener\">La p\u00e9dagogie en questions<\/a><\/em><\/strong><\/td><td><strong><em><a href=\"https:\/\/pigyki.fr\/index.php\/2023\/09\/10\/les-chansons-en-questions\/\" target=\"_blank\" rel=\"noreferrer noopener\">Les chansons en questions<\/a><\/em><\/strong><br><strong><em><a href=\"https:\/\/pigyki.fr\/index.php\/2024\/04\/14\/30-chansons-enfantines-francaises\/\" target=\"_blank\" rel=\"noreferrer noopener\">30 Chansons fran\u00e7aises &#8211; Anthologiques !<\/a><\/em><\/strong><\/td><\/tr><tr><td><strong><em><a href=\"https:\/\/pigyki.fr\/index.php\/2023\/06\/08\/pedagogie-fr\/\" target=\"_blank\" rel=\"noreferrer noopener\">Les parents en question<\/a><\/em><\/strong><\/td><td><strong><em><a href=\"https:\/\/pigyki.fr\/index.php\/2023\/11\/02\/lideal-en-question\/\" target=\"_blank\" rel=\"noreferrer noopener\">L&rsquo;id\u00e9al en question<\/a><\/em><\/strong><\/td><\/tr><tr><td><strong><em><a href=\"https:\/\/pigyki.fr\/index.php\/2023\/06\/27\/questions-sur-la-tonalite\/\" target=\"_blank\" rel=\"noreferrer noopener\">La tonalit\u00e9 en questions<\/a><\/em><\/strong><\/td><td><strong><em><a href=\"https:\/\/pigyki.fr\/index.php\/2024\/01\/16\/la-discipline-en-questions\/\" target=\"_blank\" rel=\"noreferrer noopener\">La discipline en questions<\/a><\/em><\/strong><\/td><\/tr><tr><td><strong><em><a href=\"https:\/\/pigyki.fr\/index.php\/2023\/09\/02\/lhumour-en-question\/\" target=\"_blank\" rel=\"noreferrer noopener\">L&rsquo;humour en question<\/a><\/em><\/strong><\/td><td><strong><em><a href=\"https:\/\/pigyki.fr\/index.php\/2024\/01\/24\/les-convictions-en-questions\/\" target=\"_blank\" rel=\"noreferrer noopener\">Les convictions en questions<\/a><\/em><\/strong><\/td><\/tr><tr><td><strong><em><a href=\"https:\/\/pigyki.fr\/index.php\/2024\/01\/24\/lecoute-musicale-en-questions\/\" target=\"_blank\" rel=\"noreferrer noopener\">L&rsquo;\u00e9coute musicale en questions<\/a><\/em><\/strong><\/td><td><strong><em><a href=\"https:\/\/pigyki.fr\/index.php\/2024\/01\/25\/les-mouvements-corporels-en-question\/\" target=\"_blank\" rel=\"noreferrer noopener\">Les mouvements corporels en question<\/a><\/em><\/strong><\/td><\/tr><tr><td><strong><em><a href=\"https:\/\/pigyki.fr\/index.php\/2024\/02\/01\/les-capacites-en-question\/\" target=\"_blank\" rel=\"noreferrer noopener\">Les capacit\u00e9s en question<\/a><\/em><\/strong><\/td><td><strong><em><a href=\"https:\/\/pigyki.fr\/index.php\/2024\/01\/30\/en-guise-de-podcast\/\" target=\"_blank\" rel=\"noreferrer noopener\">En guise de Podcast<\/a><\/em><\/strong><\/td><\/tr><tr><td><strong><em><a href=\"https:\/\/pigyki.fr\/index.php\/2024\/02\/15\/les-hierarchies-en-question\/\" target=\"_blank\" rel=\"noreferrer noopener\">Les hi\u00e9rarchies en question<\/a><\/em><\/strong><\/td><td><strong><em><a href=\"https:\/\/pigyki.fr\/index.php\/conference-se-former-a-willems-et-apres\/\" target=\"_blank\" rel=\"noreferrer noopener\">Se former \u00e0 la p\u00e9dagogie Willems<sup>\u00ae<\/sup><\/a><\/em><\/strong><\/td><\/tr><tr><td><strong><em><a href=\"https:\/\/pigyki.fr\/index.php\/2024\/03\/08\/les-contre-exemples-en-question\/\" target=\"_blank\" rel=\"noreferrer noopener\">Les contre-exemples en question<\/a><\/em><\/strong><\/td><td><strong><em><a href=\"https:\/\/pigyki.fr\/index.php\/2024\/03\/10\/la-confiance-en-soi-en-question\/\" target=\"_blank\" rel=\"noreferrer noopener\">La confiance en soi en question<\/a><\/em><\/strong><\/td><\/tr><tr><td><strong><em><a href=\"https:\/\/pigyki.fr\/index.php\/2024\/03\/24\/le-travail-a-la-maison-en-question\/\" target=\"_blank\" rel=\"noreferrer noopener\">Le travail \u00e0 la maison en question<\/a><\/em><\/strong><\/td><td><strong><em><a href=\"https:\/\/pigyki.fr\/index.php\/2024\/04\/14\/les-cadences-en-question\/\" target=\"_blank\" rel=\"noreferrer noopener\">Les cadences en question<\/a><\/em><\/strong><\/td><\/tr><tr><td><strong><em><a href=\"https:\/\/pigyki.fr\/index.php\/2024\/05\/18\/la-joie-en-question\/\" target=\"_blank\" rel=\"noreferrer noopener\">La joie en question<\/a><\/em><\/strong><\/td><td><a href=\"https:\/\/pigyki.fr\/index.php\/2024\/08\/07\/lintratonal-en-question\/\" target=\"_blank\" rel=\"noreferrer noopener\"><em><strong>L&rsquo;intratonal en question<\/strong><\/em><\/a><\/td><\/tr><tr><td><strong><em><a href=\"https:\/\/pigyki.fr\/index.php\/2025\/07\/10\/lacousmatique-en-questions\/\" target=\"_blank\" rel=\"noreferrer noopener\">L&rsquo;acousmatique en questions<\/a><\/em><\/strong><\/td><td><\/td><\/tr><\/tbody><\/table><\/figure>\n\n\n\n<p>Si vous souhaitez aborder d&rsquo;autres sujets, \u00e9crivez-moi : <a href=\"mailto:contact@pigyki.fr\" target=\"_blank\" rel=\"noreferrer noopener\"><strong><em>contact@pigyki.fr<\/em><\/strong><\/a>&#8230;<\/p>\n","protected":false},"excerpt":{"rendered":"<p>Acc\u00e9dez directement \u00e0 l&rsquo;article traitant une question qui vous int\u00e9resse en cliquant sur le titre dans le tableau suivant.N&rsquo;h\u00e9sitez pas \u00e0 les commenter, voire les contredire, ils sont l\u00e0 pour &hellip;<\/p>\n","protected":false},"author":1,"featured_media":0,"parent":0,"menu_order":0,"comment_status":"closed","ping_status":"closed","template":"","meta":{"rop_custom_images_group":[],"rop_custom_messages_group":[],"rop_publish_now":"initial","rop_publish_now_accounts":[],"rop_publish_now_history":[],"rop_publish_now_status":"pending","footnotes":""},"class_list":["post-5776","page","type-page","status-publish","hentry"],"yoast_head":"<!-- This site is optimized with the Yoast SEO plugin v27.4 - https:\/\/yoast.com\/product\/yoast-seo-wordpress\/ -->\n<title>Sommaire des articles sur la p\u00e9dagogie - Pigyki<\/title>\n<meta name=\"description\" content=\"Acc\u00e9dez directement aux articles Pigyki sur la p\u00e9dagogie, la musique, les mouvements corporels, l\u2019\u00e9coute musicale et bien d\u2019autres questions. Lisez, commentez et partagez vos exp\u00e9riences sur Pigyki.fr.\" \/>\n<meta name=\"robots\" content=\"index, follow, max-snippet:-1, max-image-preview:large, max-video-preview:-1\" \/>\n<link rel=\"canonical\" href=\"https:\/\/pigyki.fr\/index.php\/sommaire-des-articles-sur-la-pedagogie-2\/\" \/>\n<meta property=\"og:locale\" content=\"fr_FR\" \/>\n<meta property=\"og:type\" content=\"article\" \/>\n<meta property=\"og:title\" content=\"Sommaire des articles sur la p\u00e9dagogie - Pigyki\" \/>\n<meta property=\"og:description\" content=\"Acc\u00e9dez directement aux articles Pigyki sur la p\u00e9dagogie, la musique, les mouvements corporels, l\u2019\u00e9coute musicale et bien d\u2019autres questions. Lisez, commentez et partagez vos exp\u00e9riences sur Pigyki.fr.\" \/>\n<meta property=\"og:url\" content=\"https:\/\/pigyki.fr\/index.php\/sommaire-des-articles-sur-la-pedagogie-2\/\" \/>\n<meta property=\"og:site_name\" content=\"Pigyki\" \/>\n<meta property=\"article:modified_time\" content=\"2025-07-13T11:19:04+00:00\" \/>\n<meta name=\"twitter:card\" content=\"summary_large_image\" \/>\n<meta name=\"twitter:label1\" content=\"Dur\u00e9e de lecture estim\u00e9e\" \/>\n\t<meta name=\"twitter:data1\" content=\"1 minute\" \/>\n<script type=\"application\/ld+json\" class=\"yoast-schema-graph\">{\"@context\":\"https:\\\/\\\/schema.org\",\"@graph\":[{\"@type\":\"WebPage\",\"@id\":\"https:\\\/\\\/pigyki.fr\\\/index.php\\\/sommaire-des-articles-sur-la-pedagogie-2\\\/\",\"url\":\"https:\\\/\\\/pigyki.fr\\\/index.php\\\/sommaire-des-articles-sur-la-pedagogie-2\\\/\",\"name\":\"Sommaire des articles sur la p\u00e9dagogie - Pigyki\",\"isPartOf\":{\"@id\":\"https:\\\/\\\/pigyki.fr\\\/#website\"},\"datePublished\":\"2025-07-12T20:52:50+00:00\",\"dateModified\":\"2025-07-13T11:19:04+00:00\",\"description\":\"Acc\u00e9dez directement aux articles Pigyki sur la p\u00e9dagogie, la musique, les mouvements corporels, l\u2019\u00e9coute musicale et bien d\u2019autres questions. Lisez, commentez et partagez vos exp\u00e9riences sur Pigyki.fr.\",\"breadcrumb\":{\"@id\":\"https:\\\/\\\/pigyki.fr\\\/index.php\\\/sommaire-des-articles-sur-la-pedagogie-2\\\/#breadcrumb\"},\"inLanguage\":\"fr-FR\",\"potentialAction\":[{\"@type\":\"ReadAction\",\"target\":[\"https:\\\/\\\/pigyki.fr\\\/index.php\\\/sommaire-des-articles-sur-la-pedagogie-2\\\/\"]}]},{\"@type\":\"BreadcrumbList\",\"@id\":\"https:\\\/\\\/pigyki.fr\\\/index.php\\\/sommaire-des-articles-sur-la-pedagogie-2\\\/#breadcrumb\",\"itemListElement\":[{\"@type\":\"ListItem\",\"position\":1,\"name\":\"Accueil\",\"item\":\"https:\\\/\\\/pigyki.fr\\\/\"},{\"@type\":\"ListItem\",\"position\":2,\"name\":\"Sommaire des articles sur la p\u00e9dagogie\"}]},{\"@type\":\"WebSite\",\"@id\":\"https:\\\/\\\/pigyki.fr\\\/#website\",\"url\":\"https:\\\/\\\/pigyki.fr\\\/\",\"name\":\"Pigyki\",\"description\":\"C.L. al fine\",\"publisher\":{\"@id\":\"https:\\\/\\\/pigyki.fr\\\/#\\\/schema\\\/person\\\/69b76bc8a17bddaf3ffd40d3cc9a4161\"},\"potentialAction\":[{\"@type\":\"SearchAction\",\"target\":{\"@type\":\"EntryPoint\",\"urlTemplate\":\"https:\\\/\\\/pigyki.fr\\\/?s={search_term_string}\"},\"query-input\":{\"@type\":\"PropertyValueSpecification\",\"valueRequired\":true,\"valueName\":\"search_term_string\"}}],\"inLanguage\":\"fr-FR\"},{\"@type\":[\"Person\",\"Organization\"],\"@id\":\"https:\\\/\\\/pigyki.fr\\\/#\\\/schema\\\/person\\\/69b76bc8a17bddaf3ffd40d3cc9a4161\",\"name\":\"Pigyki\",\"image\":{\"@type\":\"ImageObject\",\"inLanguage\":\"fr-FR\",\"@id\":\"https:\\\/\\\/pigyki.fr\\\/wp-content\\\/uploads\\\/2023\\\/06\\\/Logo-CL.jpg\",\"url\":\"https:\\\/\\\/pigyki.fr\\\/wp-content\\\/uploads\\\/2023\\\/06\\\/Logo-CL.jpg\",\"contentUrl\":\"https:\\\/\\\/pigyki.fr\\\/wp-content\\\/uploads\\\/2023\\\/06\\\/Logo-CL.jpg\",\"width\":524,\"height\":586,\"caption\":\"Pigyki\"},\"logo\":{\"@id\":\"https:\\\/\\\/pigyki.fr\\\/wp-content\\\/uploads\\\/2023\\\/06\\\/Logo-CL.jpg\"},\"sameAs\":[\"http:\\\/\\\/pigyki.fr\"]}]}<\/script>\n<!-- \/ Yoast SEO plugin. -->","yoast_head_json":{"title":"Sommaire des articles sur la p\u00e9dagogie - Pigyki","description":"Acc\u00e9dez directement aux articles Pigyki sur la p\u00e9dagogie, la musique, les mouvements corporels, l\u2019\u00e9coute musicale et bien d\u2019autres questions. Lisez, commentez et partagez vos exp\u00e9riences sur Pigyki.fr.","robots":{"index":"index","follow":"follow","max-snippet":"max-snippet:-1","max-image-preview":"max-image-preview:large","max-video-preview":"max-video-preview:-1"},"canonical":"https:\/\/pigyki.fr\/index.php\/sommaire-des-articles-sur-la-pedagogie-2\/","og_locale":"fr_FR","og_type":"article","og_title":"Sommaire des articles sur la p\u00e9dagogie - Pigyki","og_description":"Acc\u00e9dez directement aux articles Pigyki sur la p\u00e9dagogie, la musique, les mouvements corporels, l\u2019\u00e9coute musicale et bien d\u2019autres questions. Lisez, commentez et partagez vos exp\u00e9riences sur Pigyki.fr.","og_url":"https:\/\/pigyki.fr\/index.php\/sommaire-des-articles-sur-la-pedagogie-2\/","og_site_name":"Pigyki","article_modified_time":"2025-07-13T11:19:04+00:00","twitter_card":"summary_large_image","twitter_misc":{"Dur\u00e9e de lecture estim\u00e9e":"1 minute"},"schema":{"@context":"https:\/\/schema.org","@graph":[{"@type":"WebPage","@id":"https:\/\/pigyki.fr\/index.php\/sommaire-des-articles-sur-la-pedagogie-2\/","url":"https:\/\/pigyki.fr\/index.php\/sommaire-des-articles-sur-la-pedagogie-2\/","name":"Sommaire des articles sur la p\u00e9dagogie - Pigyki","isPartOf":{"@id":"https:\/\/pigyki.fr\/#website"},"datePublished":"2025-07-12T20:52:50+00:00","dateModified":"2025-07-13T11:19:04+00:00","description":"Acc\u00e9dez directement aux articles Pigyki sur la p\u00e9dagogie, la musique, les mouvements corporels, l\u2019\u00e9coute musicale et bien d\u2019autres questions. Lisez, commentez et partagez vos exp\u00e9riences sur Pigyki.fr.","breadcrumb":{"@id":"https:\/\/pigyki.fr\/index.php\/sommaire-des-articles-sur-la-pedagogie-2\/#breadcrumb"},"inLanguage":"fr-FR","potentialAction":[{"@type":"ReadAction","target":["https:\/\/pigyki.fr\/index.php\/sommaire-des-articles-sur-la-pedagogie-2\/"]}]},{"@type":"BreadcrumbList","@id":"https:\/\/pigyki.fr\/index.php\/sommaire-des-articles-sur-la-pedagogie-2\/#breadcrumb","itemListElement":[{"@type":"ListItem","position":1,"name":"Accueil","item":"https:\/\/pigyki.fr\/"},{"@type":"ListItem","position":2,"name":"Sommaire des articles sur la p\u00e9dagogie"}]},{"@type":"WebSite","@id":"https:\/\/pigyki.fr\/#website","url":"https:\/\/pigyki.fr\/","name":"Pigyki","description":"C.L. al fine","publisher":{"@id":"https:\/\/pigyki.fr\/#\/schema\/person\/69b76bc8a17bddaf3ffd40d3cc9a4161"},"potentialAction":[{"@type":"SearchAction","target":{"@type":"EntryPoint","urlTemplate":"https:\/\/pigyki.fr\/?s={search_term_string}"},"query-input":{"@type":"PropertyValueSpecification","valueRequired":true,"valueName":"search_term_string"}}],"inLanguage":"fr-FR"},{"@type":["Person","Organization"],"@id":"https:\/\/pigyki.fr\/#\/schema\/person\/69b76bc8a17bddaf3ffd40d3cc9a4161","name":"Pigyki","image":{"@type":"ImageObject","inLanguage":"fr-FR","@id":"https:\/\/pigyki.fr\/wp-content\/uploads\/2023\/06\/Logo-CL.jpg","url":"https:\/\/pigyki.fr\/wp-content\/uploads\/2023\/06\/Logo-CL.jpg","contentUrl":"https:\/\/pigyki.fr\/wp-content\/uploads\/2023\/06\/Logo-CL.jpg","width":524,"height":586,"caption":"Pigyki"},"logo":{"@id":"https:\/\/pigyki.fr\/wp-content\/uploads\/2023\/06\/Logo-CL.jpg"},"sameAs":["http:\/\/pigyki.fr"]}]}},"_links":{"self":[{"href":"https:\/\/pigyki.fr\/index.php\/wp-json\/wp\/v2\/pages\/5776","targetHints":{"allow":["GET"]}}],"collection":[{"href":"https:\/\/pigyki.fr\/index.php\/wp-json\/wp\/v2\/pages"}],"about":[{"href":"https:\/\/pigyki.fr\/index.php\/wp-json\/wp\/v2\/types\/page"}],"author":[{"embeddable":true,"href":"https:\/\/pigyki.fr\/index.php\/wp-json\/wp\/v2\/users\/1"}],"replies":[{"embeddable":true,"href":"https:\/\/pigyki.fr\/index.php\/wp-json\/wp\/v2\/comments?post=5776"}],"version-history":[{"count":1,"href":"https:\/\/pigyki.fr\/index.php\/wp-json\/wp\/v2\/pages\/5776\/revisions"}],"predecessor-version":[{"id":5777,"href":"https:\/\/pigyki.fr\/index.php\/wp-json\/wp\/v2\/pages\/5776\/revisions\/5777"}],"wp:attachment":[{"href":"https:\/\/pigyki.fr\/index.php\/wp-json\/wp\/v2\/media?parent=5776"}],"curies":[{"name":"wp","href":"https:\/\/api.w.org\/{rel}","templated":true}]}}