{"id":5763,"date":"2025-07-12T19:48:47","date_gmt":"2025-07-12T17:48:47","guid":{"rendered":"https:\/\/pigyki.fr\/?page_id=5763"},"modified":"2025-11-16T19:06:31","modified_gmt":"2025-11-16T18:06:31","slug":"blog-pt","status":"publish","type":"page","link":"https:\/\/pigyki.fr\/index.php\/pt\/blog-pt\/","title":{"rendered":"Blog"},"content":{"rendered":"\n<p>Neste blog, voc\u00ea encontrar\u00e1 as \u201cescutas musicais\u201d que preparei inicialmente para meus alunos da Rym\u00e9a e para os estudantes em forma\u00e7\u00e3o na FIW. Uma p\u00e1gina de apresenta\u00e7\u00e3o e todos os posts que ser\u00e3o publicados online na 1<sup>\u00aa<\/sup> e 3<sup>\u00aa<\/sup> sextas-feiras de cada m\u00eas (salvo exce\u00e7\u00f5es e at\u00e9 o esgotamento da blogueira\u2026).<\/p>\n\n\n\n<p>N\u00e3o tenho nenhuma pretens\u00e3o de ser music\u00f3loga ou analista musical.<br>Aqui, partilho impress\u00f5es, m\u00fasicas que gosto e\/ou que descubro nesta ocasi\u00e3o, e aproveito para aprofundar os meus conhecimentos ao preparar estes artigos.<br>Fico fascinada com os tesouros que a internet coloca \u00e0 disposi\u00e7\u00e3o de todos.<br>Como \u00e9 um po\u00e7o sem fundo, \u00e9 f\u00e1cil se perder nele. Limito-me, de forma humilde, a trazer \u00e0 tona artigos ou grava\u00e7\u00f5es que possam satisfazer a curiosidade dos leitores que t\u00eam tempo\u2026<\/p>\n\n\n\n<p>Espero que voc\u00ea encontre tanto prazer quanto eu.<br>Voc\u00ea pode se inscrever para receber as novas publica\u00e7\u00f5es: <a href=\"https:\/\/pigyki.fr\/index.php\/abonnement\/\">https:\/\/pigyki.fr\/index.php\/abonnement\/<\/a><\/p>\n\n\n\n<p>Boa escuta! <\/p>\n","protected":false},"excerpt":{"rendered":"<p>Neste blog, voc\u00ea encontrar\u00e1 as \u201cescutas musicais\u201d que preparei inicialmente para meus alunos da Rym\u00e9a e para os estudantes em forma\u00e7\u00e3o na FIW. Uma p\u00e1gina de apresenta\u00e7\u00e3o e todos os &hellip;<\/p>\n","protected":false},"author":1,"featured_media":211,"parent":0,"menu_order":0,"comment_status":"closed","ping_status":"closed","template":"","meta":{"rop_custom_images_group":[],"rop_custom_messages_group":[],"rop_publish_now":"initial","rop_publish_now_accounts":[],"rop_publish_now_history":[],"rop_publish_now_status":"pending","footnotes":""},"class_list":["post-5763","page","type-page","status-publish","has-post-thumbnail","hentry"],"yoast_head":"<!-- This site is optimized with the Yoast SEO plugin v27.4 - https:\/\/yoast.com\/product\/yoast-seo-wordpress\/ -->\n<title>Blog - Pigyki<\/title>\n<meta name=\"description\" content=\"Blog Pigyki pedagogy Willems\u00ae music listening by composers music Idade M\u00e9dia Cl\u00e1ssico Renascentista Rom\u00e2ntico Moderno Contempor\u00e2neo\" \/>\n<meta name=\"robots\" content=\"index, follow, max-snippet:-1, max-image-preview:large, max-video-preview:-1\" \/>\n<link rel=\"canonical\" href=\"https:\/\/pigyki.fr\/index.php\/pt\/blog-pt\/\" \/>\n<meta property=\"og:locale\" content=\"fr_FR\" \/>\n<meta property=\"og:type\" content=\"article\" \/>\n<meta property=\"og:title\" content=\"Blog - Pigyki\" \/>\n<meta property=\"og:description\" content=\"Blog Pigyki pedagogy Willems\u00ae music listening by composers music Idade M\u00e9dia Cl\u00e1ssico Renascentista Rom\u00e2ntico Moderno Contempor\u00e2neo\" \/>\n<meta property=\"og:url\" content=\"https:\/\/pigyki.fr\/index.php\/pt\/blog-pt\/\" \/>\n<meta property=\"og:site_name\" content=\"Pigyki\" \/>\n<meta property=\"article:modified_time\" content=\"2025-11-16T18:06:31+00:00\" \/>\n<meta property=\"og:image\" content=\"https:\/\/pigyki.fr\/wp-content\/uploads\/2023\/06\/piano-1655558_1920.jpg.webp\" \/>\n\t<meta property=\"og:image:width\" content=\"1038\" \/>\n\t<meta property=\"og:image:height\" content=\"576\" \/>\n\t<meta property=\"og:image:type\" content=\"image\/webp\" \/>\n<meta name=\"twitter:card\" content=\"summary_large_image\" \/>\n<meta name=\"twitter:label1\" content=\"Dur\u00e9e de lecture estim\u00e9e\" \/>\n\t<meta name=\"twitter:data1\" content=\"1 minute\" \/>\n<script type=\"application\/ld+json\" class=\"yoast-schema-graph\">{\"@context\":\"https:\\\/\\\/schema.org\",\"@graph\":[{\"@type\":\"WebPage\",\"@id\":\"https:\\\/\\\/pigyki.fr\\\/index.php\\\/pt\\\/blog-pt\\\/\",\"url\":\"https:\\\/\\\/pigyki.fr\\\/index.php\\\/pt\\\/blog-pt\\\/\",\"name\":\"Blog - Pigyki\",\"isPartOf\":{\"@id\":\"https:\\\/\\\/pigyki.fr\\\/#website\"},\"primaryImageOfPage\":{\"@id\":\"https:\\\/\\\/pigyki.fr\\\/index.php\\\/pt\\\/blog-pt\\\/#primaryimage\"},\"image\":{\"@id\":\"https:\\\/\\\/pigyki.fr\\\/index.php\\\/pt\\\/blog-pt\\\/#primaryimage\"},\"thumbnailUrl\":\"https:\\\/\\\/pigyki.fr\\\/wp-content\\\/uploads\\\/2023\\\/06\\\/piano-1655558_1920.jpg.webp\",\"datePublished\":\"2025-07-12T17:48:47+00:00\",\"dateModified\":\"2025-11-16T18:06:31+00:00\",\"description\":\"Blog Pigyki pedagogy Willems\u00ae music listening by composers music Idade M\u00e9dia Cl\u00e1ssico Renascentista Rom\u00e2ntico Moderno Contempor\u00e2neo\",\"breadcrumb\":{\"@id\":\"https:\\\/\\\/pigyki.fr\\\/index.php\\\/pt\\\/blog-pt\\\/#breadcrumb\"},\"inLanguage\":\"fr-FR\",\"potentialAction\":[{\"@type\":\"ReadAction\",\"target\":[\"https:\\\/\\\/pigyki.fr\\\/index.php\\\/pt\\\/blog-pt\\\/\"]}]},{\"@type\":\"ImageObject\",\"inLanguage\":\"fr-FR\",\"@id\":\"https:\\\/\\\/pigyki.fr\\\/index.php\\\/pt\\\/blog-pt\\\/#primaryimage\",\"url\":\"https:\\\/\\\/pigyki.fr\\\/wp-content\\\/uploads\\\/2023\\\/06\\\/piano-1655558_1920.jpg.webp\",\"contentUrl\":\"https:\\\/\\\/pigyki.fr\\\/wp-content\\\/uploads\\\/2023\\\/06\\\/piano-1655558_1920.jpg.webp\",\"width\":1038,\"height\":576},{\"@type\":\"BreadcrumbList\",\"@id\":\"https:\\\/\\\/pigyki.fr\\\/index.php\\\/pt\\\/blog-pt\\\/#breadcrumb\",\"itemListElement\":[{\"@type\":\"ListItem\",\"position\":1,\"name\":\"Accueil\",\"item\":\"https:\\\/\\\/pigyki.fr\\\/\"},{\"@type\":\"ListItem\",\"position\":2,\"name\":\"Blog\"}]},{\"@type\":\"WebSite\",\"@id\":\"https:\\\/\\\/pigyki.fr\\\/#website\",\"url\":\"https:\\\/\\\/pigyki.fr\\\/\",\"name\":\"Pigyki\",\"description\":\"C.L. al fine\",\"publisher\":{\"@id\":\"https:\\\/\\\/pigyki.fr\\\/#\\\/schema\\\/person\\\/69b76bc8a17bddaf3ffd40d3cc9a4161\"},\"potentialAction\":[{\"@type\":\"SearchAction\",\"target\":{\"@type\":\"EntryPoint\",\"urlTemplate\":\"https:\\\/\\\/pigyki.fr\\\/?s={search_term_string}\"},\"query-input\":{\"@type\":\"PropertyValueSpecification\",\"valueRequired\":true,\"valueName\":\"search_term_string\"}}],\"inLanguage\":\"fr-FR\"},{\"@type\":[\"Person\",\"Organization\"],\"@id\":\"https:\\\/\\\/pigyki.fr\\\/#\\\/schema\\\/person\\\/69b76bc8a17bddaf3ffd40d3cc9a4161\",\"name\":\"Pigyki\",\"image\":{\"@type\":\"ImageObject\",\"inLanguage\":\"fr-FR\",\"@id\":\"https:\\\/\\\/pigyki.fr\\\/wp-content\\\/uploads\\\/2023\\\/06\\\/Logo-CL.jpg\",\"url\":\"https:\\\/\\\/pigyki.fr\\\/wp-content\\\/uploads\\\/2023\\\/06\\\/Logo-CL.jpg\",\"contentUrl\":\"https:\\\/\\\/pigyki.fr\\\/wp-content\\\/uploads\\\/2023\\\/06\\\/Logo-CL.jpg\",\"width\":524,\"height\":586,\"caption\":\"Pigyki\"},\"logo\":{\"@id\":\"https:\\\/\\\/pigyki.fr\\\/wp-content\\\/uploads\\\/2023\\\/06\\\/Logo-CL.jpg\"},\"sameAs\":[\"http:\\\/\\\/pigyki.fr\"]}]}<\/script>\n<!-- \/ Yoast SEO plugin. -->","yoast_head_json":{"title":"Blog - Pigyki","description":"Blog Pigyki pedagogy Willems\u00ae music listening by composers music Idade M\u00e9dia Cl\u00e1ssico Renascentista Rom\u00e2ntico Moderno Contempor\u00e2neo","robots":{"index":"index","follow":"follow","max-snippet":"max-snippet:-1","max-image-preview":"max-image-preview:large","max-video-preview":"max-video-preview:-1"},"canonical":"https:\/\/pigyki.fr\/index.php\/pt\/blog-pt\/","og_locale":"fr_FR","og_type":"article","og_title":"Blog - Pigyki","og_description":"Blog Pigyki pedagogy Willems\u00ae music listening by composers music Idade M\u00e9dia Cl\u00e1ssico Renascentista Rom\u00e2ntico Moderno Contempor\u00e2neo","og_url":"https:\/\/pigyki.fr\/index.php\/pt\/blog-pt\/","og_site_name":"Pigyki","article_modified_time":"2025-11-16T18:06:31+00:00","og_image":[{"width":1038,"height":576,"url":"https:\/\/pigyki.fr\/wp-content\/uploads\/2023\/06\/piano-1655558_1920.jpg.webp","type":"image\/webp"}],"twitter_card":"summary_large_image","twitter_misc":{"Dur\u00e9e de lecture estim\u00e9e":"1 minute"},"schema":{"@context":"https:\/\/schema.org","@graph":[{"@type":"WebPage","@id":"https:\/\/pigyki.fr\/index.php\/pt\/blog-pt\/","url":"https:\/\/pigyki.fr\/index.php\/pt\/blog-pt\/","name":"Blog - Pigyki","isPartOf":{"@id":"https:\/\/pigyki.fr\/#website"},"primaryImageOfPage":{"@id":"https:\/\/pigyki.fr\/index.php\/pt\/blog-pt\/#primaryimage"},"image":{"@id":"https:\/\/pigyki.fr\/index.php\/pt\/blog-pt\/#primaryimage"},"thumbnailUrl":"https:\/\/pigyki.fr\/wp-content\/uploads\/2023\/06\/piano-1655558_1920.jpg.webp","datePublished":"2025-07-12T17:48:47+00:00","dateModified":"2025-11-16T18:06:31+00:00","description":"Blog Pigyki pedagogy Willems\u00ae music listening by composers music Idade M\u00e9dia Cl\u00e1ssico Renascentista Rom\u00e2ntico Moderno Contempor\u00e2neo","breadcrumb":{"@id":"https:\/\/pigyki.fr\/index.php\/pt\/blog-pt\/#breadcrumb"},"inLanguage":"fr-FR","potentialAction":[{"@type":"ReadAction","target":["https:\/\/pigyki.fr\/index.php\/pt\/blog-pt\/"]}]},{"@type":"ImageObject","inLanguage":"fr-FR","@id":"https:\/\/pigyki.fr\/index.php\/pt\/blog-pt\/#primaryimage","url":"https:\/\/pigyki.fr\/wp-content\/uploads\/2023\/06\/piano-1655558_1920.jpg.webp","contentUrl":"https:\/\/pigyki.fr\/wp-content\/uploads\/2023\/06\/piano-1655558_1920.jpg.webp","width":1038,"height":576},{"@type":"BreadcrumbList","@id":"https:\/\/pigyki.fr\/index.php\/pt\/blog-pt\/#breadcrumb","itemListElement":[{"@type":"ListItem","position":1,"name":"Accueil","item":"https:\/\/pigyki.fr\/"},{"@type":"ListItem","position":2,"name":"Blog"}]},{"@type":"WebSite","@id":"https:\/\/pigyki.fr\/#website","url":"https:\/\/pigyki.fr\/","name":"Pigyki","description":"C.L. al fine","publisher":{"@id":"https:\/\/pigyki.fr\/#\/schema\/person\/69b76bc8a17bddaf3ffd40d3cc9a4161"},"potentialAction":[{"@type":"SearchAction","target":{"@type":"EntryPoint","urlTemplate":"https:\/\/pigyki.fr\/?s={search_term_string}"},"query-input":{"@type":"PropertyValueSpecification","valueRequired":true,"valueName":"search_term_string"}}],"inLanguage":"fr-FR"},{"@type":["Person","Organization"],"@id":"https:\/\/pigyki.fr\/#\/schema\/person\/69b76bc8a17bddaf3ffd40d3cc9a4161","name":"Pigyki","image":{"@type":"ImageObject","inLanguage":"fr-FR","@id":"https:\/\/pigyki.fr\/wp-content\/uploads\/2023\/06\/Logo-CL.jpg","url":"https:\/\/pigyki.fr\/wp-content\/uploads\/2023\/06\/Logo-CL.jpg","contentUrl":"https:\/\/pigyki.fr\/wp-content\/uploads\/2023\/06\/Logo-CL.jpg","width":524,"height":586,"caption":"Pigyki"},"logo":{"@id":"https:\/\/pigyki.fr\/wp-content\/uploads\/2023\/06\/Logo-CL.jpg"},"sameAs":["http:\/\/pigyki.fr"]}]}},"_links":{"self":[{"href":"https:\/\/pigyki.fr\/index.php\/wp-json\/wp\/v2\/pages\/5763","targetHints":{"allow":["GET"]}}],"collection":[{"href":"https:\/\/pigyki.fr\/index.php\/wp-json\/wp\/v2\/pages"}],"about":[{"href":"https:\/\/pigyki.fr\/index.php\/wp-json\/wp\/v2\/types\/page"}],"author":[{"embeddable":true,"href":"https:\/\/pigyki.fr\/index.php\/wp-json\/wp\/v2\/users\/1"}],"replies":[{"embeddable":true,"href":"https:\/\/pigyki.fr\/index.php\/wp-json\/wp\/v2\/comments?post=5763"}],"version-history":[{"count":3,"href":"https:\/\/pigyki.fr\/index.php\/wp-json\/wp\/v2\/pages\/5763\/revisions"}],"predecessor-version":[{"id":7690,"href":"https:\/\/pigyki.fr\/index.php\/wp-json\/wp\/v2\/pages\/5763\/revisions\/7690"}],"wp:featuredmedia":[{"embeddable":true,"href":"https:\/\/pigyki.fr\/index.php\/wp-json\/wp\/v2\/media\/211"}],"wp:attachment":[{"href":"https:\/\/pigyki.fr\/index.php\/wp-json\/wp\/v2\/media?parent=5763"}],"curies":[{"name":"wp","href":"https:\/\/api.w.org\/{rel}","templated":true}]}}