{"id":5760,"date":"2025-07-12T19:43:46","date_gmt":"2025-07-12T17:43:46","guid":{"rendered":"https:\/\/pigyki.fr\/?page_id=5760"},"modified":"2025-11-16T19:06:08","modified_gmt":"2025-11-16T18:06:08","slug":"blog-sl","status":"publish","type":"page","link":"https:\/\/pigyki.fr\/index.php\/sl\/blog-sl\/","title":{"rendered":"Blog"},"content":{"rendered":"\n<p>Na tem blogu najdete \u00bbglasbena poslu\u0161anja\u00ab, ki sem jih sprva pripravljala za svoje u\u010dence na <strong><em>Rym\u00e9a<\/em><\/strong> in za \u0161tudente, ki se usposabljajo na <strong><em>FIW<\/em><\/strong>. Predstavitvena stran in vsi prispevki, ki bodo objavljeni prvi in tretji petek v mesecu (razen izjem in do iz\u010drpanosti blogerke\u2026).<\/p>\n\n\n\n<p>Nimam nobenih pretenzij, da sem muzikologinja ali glasbena analiti\u010darka.<br>Tukaj delim svoje vtise, glasbo, ki mi je v\u0161e\u010d in\/ali jo odkrijem ob tej prilo\u017enosti, in ob pripravi teh \u010dlankov izkoristim prilo\u017enost za poglobitev svojega znanja.<br>Ob tem sem navdu\u0161ena nad zakladi, ki jih splet ponuja vsem nam.<br>Ker je to brezno brez dna, se v njem hitro izgubimo. Skromno posku\u0161am na povr\u0161je prinesti \u010dlanke ali posnetke, ki lahko zadovoljijo radovednost bralcev, ki imajo \u010das\u2026<\/p>\n\n\n\n<p>Upam, da boste pri poslu\u0161anju u\u017eivali tako kot jaz.<br>Na nove objave se lahko naro\u010dite tukaj: <a href=\"https:\/\/pigyki.fr\/index.php\/abonnement\/\" target=\"_blank\" rel=\"noreferrer noopener\"><strong><em>https:\/\/pigyki.fr\/index.php\/abonnement\/<\/em><\/strong><\/a><br>Prijetno poslu\u0161anje!<\/p>\n","protected":false},"excerpt":{"rendered":"<p>Na tem blogu najdete \u00bbglasbena poslu\u0161anja\u00ab, ki sem jih sprva pripravljala za svoje u\u010dence na Rym\u00e9a in za \u0161tudente, ki se usposabljajo na FIW. Predstavitvena stran in vsi prispevki, ki &hellip;<\/p>\n","protected":false},"author":1,"featured_media":211,"parent":0,"menu_order":0,"comment_status":"closed","ping_status":"closed","template":"","meta":{"rop_custom_images_group":[],"rop_custom_messages_group":[],"rop_publish_now":"initial","rop_publish_now_accounts":[],"rop_publish_now_history":[],"rop_publish_now_status":"pending","footnotes":""},"class_list":["post-5760","page","type-page","status-publish","has-post-thumbnail","hentry"],"yoast_head":"<!-- This site is optimized with the Yoast SEO plugin v27.4 - https:\/\/yoast.com\/product\/yoast-seo-wordpress\/ -->\n<title>Blog - Pigyki<\/title>\n<meta name=\"description\" content=\"Blog Pigyki pedagogika Willems\u00ae poslu\u0161anje glasbe po skladateljih glasba Srednji vek Klasi\u010dna renesansa Romantika Moderna sodobnost\" \/>\n<meta name=\"robots\" content=\"index, follow, max-snippet:-1, max-image-preview:large, max-video-preview:-1\" \/>\n<link rel=\"canonical\" href=\"https:\/\/pigyki.fr\/index.php\/sl\/blog-sl\/\" \/>\n<meta property=\"og:locale\" content=\"fr_FR\" \/>\n<meta property=\"og:type\" content=\"article\" \/>\n<meta property=\"og:title\" content=\"Blog - Pigyki\" \/>\n<meta property=\"og:description\" content=\"Blog Pigyki pedagogika Willems\u00ae poslu\u0161anje glasbe po skladateljih glasba Srednji vek Klasi\u010dna renesansa Romantika Moderna sodobnost\" \/>\n<meta property=\"og:url\" content=\"https:\/\/pigyki.fr\/index.php\/sl\/blog-sl\/\" \/>\n<meta property=\"og:site_name\" content=\"Pigyki\" \/>\n<meta property=\"article:modified_time\" content=\"2025-11-16T18:06:08+00:00\" \/>\n<meta property=\"og:image\" content=\"https:\/\/pigyki.fr\/wp-content\/uploads\/2023\/06\/piano-1655558_1920.jpg.webp\" \/>\n\t<meta property=\"og:image:width\" content=\"1038\" \/>\n\t<meta property=\"og:image:height\" content=\"576\" \/>\n\t<meta property=\"og:image:type\" content=\"image\/webp\" \/>\n<meta name=\"twitter:card\" content=\"summary_large_image\" \/>\n<meta name=\"twitter:label1\" content=\"Dur\u00e9e de lecture estim\u00e9e\" \/>\n\t<meta name=\"twitter:data1\" content=\"1 minute\" \/>\n<script type=\"application\/ld+json\" class=\"yoast-schema-graph\">{\"@context\":\"https:\\\/\\\/schema.org\",\"@graph\":[{\"@type\":\"WebPage\",\"@id\":\"https:\\\/\\\/pigyki.fr\\\/index.php\\\/sl\\\/blog-sl\\\/\",\"url\":\"https:\\\/\\\/pigyki.fr\\\/index.php\\\/sl\\\/blog-sl\\\/\",\"name\":\"Blog - Pigyki\",\"isPartOf\":{\"@id\":\"https:\\\/\\\/pigyki.fr\\\/#website\"},\"primaryImageOfPage\":{\"@id\":\"https:\\\/\\\/pigyki.fr\\\/index.php\\\/sl\\\/blog-sl\\\/#primaryimage\"},\"image\":{\"@id\":\"https:\\\/\\\/pigyki.fr\\\/index.php\\\/sl\\\/blog-sl\\\/#primaryimage\"},\"thumbnailUrl\":\"https:\\\/\\\/pigyki.fr\\\/wp-content\\\/uploads\\\/2023\\\/06\\\/piano-1655558_1920.jpg.webp\",\"datePublished\":\"2025-07-12T17:43:46+00:00\",\"dateModified\":\"2025-11-16T18:06:08+00:00\",\"description\":\"Blog Pigyki pedagogika Willems\u00ae poslu\u0161anje glasbe po skladateljih glasba Srednji vek Klasi\u010dna renesansa Romantika Moderna sodobnost\",\"breadcrumb\":{\"@id\":\"https:\\\/\\\/pigyki.fr\\\/index.php\\\/sl\\\/blog-sl\\\/#breadcrumb\"},\"inLanguage\":\"fr-FR\",\"potentialAction\":[{\"@type\":\"ReadAction\",\"target\":[\"https:\\\/\\\/pigyki.fr\\\/index.php\\\/sl\\\/blog-sl\\\/\"]}]},{\"@type\":\"ImageObject\",\"inLanguage\":\"fr-FR\",\"@id\":\"https:\\\/\\\/pigyki.fr\\\/index.php\\\/sl\\\/blog-sl\\\/#primaryimage\",\"url\":\"https:\\\/\\\/pigyki.fr\\\/wp-content\\\/uploads\\\/2023\\\/06\\\/piano-1655558_1920.jpg.webp\",\"contentUrl\":\"https:\\\/\\\/pigyki.fr\\\/wp-content\\\/uploads\\\/2023\\\/06\\\/piano-1655558_1920.jpg.webp\",\"width\":1038,\"height\":576},{\"@type\":\"BreadcrumbList\",\"@id\":\"https:\\\/\\\/pigyki.fr\\\/index.php\\\/sl\\\/blog-sl\\\/#breadcrumb\",\"itemListElement\":[{\"@type\":\"ListItem\",\"position\":1,\"name\":\"Accueil\",\"item\":\"https:\\\/\\\/pigyki.fr\\\/\"},{\"@type\":\"ListItem\",\"position\":2,\"name\":\"Blog\"}]},{\"@type\":\"WebSite\",\"@id\":\"https:\\\/\\\/pigyki.fr\\\/#website\",\"url\":\"https:\\\/\\\/pigyki.fr\\\/\",\"name\":\"Pigyki\",\"description\":\"C.L. al fine\",\"publisher\":{\"@id\":\"https:\\\/\\\/pigyki.fr\\\/#\\\/schema\\\/person\\\/69b76bc8a17bddaf3ffd40d3cc9a4161\"},\"potentialAction\":[{\"@type\":\"SearchAction\",\"target\":{\"@type\":\"EntryPoint\",\"urlTemplate\":\"https:\\\/\\\/pigyki.fr\\\/?s={search_term_string}\"},\"query-input\":{\"@type\":\"PropertyValueSpecification\",\"valueRequired\":true,\"valueName\":\"search_term_string\"}}],\"inLanguage\":\"fr-FR\"},{\"@type\":[\"Person\",\"Organization\"],\"@id\":\"https:\\\/\\\/pigyki.fr\\\/#\\\/schema\\\/person\\\/69b76bc8a17bddaf3ffd40d3cc9a4161\",\"name\":\"Pigyki\",\"image\":{\"@type\":\"ImageObject\",\"inLanguage\":\"fr-FR\",\"@id\":\"https:\\\/\\\/pigyki.fr\\\/wp-content\\\/uploads\\\/2023\\\/06\\\/Logo-CL.jpg\",\"url\":\"https:\\\/\\\/pigyki.fr\\\/wp-content\\\/uploads\\\/2023\\\/06\\\/Logo-CL.jpg\",\"contentUrl\":\"https:\\\/\\\/pigyki.fr\\\/wp-content\\\/uploads\\\/2023\\\/06\\\/Logo-CL.jpg\",\"width\":524,\"height\":586,\"caption\":\"Pigyki\"},\"logo\":{\"@id\":\"https:\\\/\\\/pigyki.fr\\\/wp-content\\\/uploads\\\/2023\\\/06\\\/Logo-CL.jpg\"},\"sameAs\":[\"http:\\\/\\\/pigyki.fr\"]}]}<\/script>\n<!-- \/ Yoast SEO plugin. -->","yoast_head_json":{"title":"Blog - Pigyki","description":"Blog Pigyki pedagogika Willems\u00ae poslu\u0161anje glasbe po skladateljih glasba Srednji vek Klasi\u010dna renesansa Romantika Moderna sodobnost","robots":{"index":"index","follow":"follow","max-snippet":"max-snippet:-1","max-image-preview":"max-image-preview:large","max-video-preview":"max-video-preview:-1"},"canonical":"https:\/\/pigyki.fr\/index.php\/sl\/blog-sl\/","og_locale":"fr_FR","og_type":"article","og_title":"Blog - Pigyki","og_description":"Blog Pigyki pedagogika Willems\u00ae poslu\u0161anje glasbe po skladateljih glasba Srednji vek Klasi\u010dna renesansa Romantika Moderna sodobnost","og_url":"https:\/\/pigyki.fr\/index.php\/sl\/blog-sl\/","og_site_name":"Pigyki","article_modified_time":"2025-11-16T18:06:08+00:00","og_image":[{"width":1038,"height":576,"url":"https:\/\/pigyki.fr\/wp-content\/uploads\/2023\/06\/piano-1655558_1920.jpg.webp","type":"image\/webp"}],"twitter_card":"summary_large_image","twitter_misc":{"Dur\u00e9e de lecture estim\u00e9e":"1 minute"},"schema":{"@context":"https:\/\/schema.org","@graph":[{"@type":"WebPage","@id":"https:\/\/pigyki.fr\/index.php\/sl\/blog-sl\/","url":"https:\/\/pigyki.fr\/index.php\/sl\/blog-sl\/","name":"Blog - Pigyki","isPartOf":{"@id":"https:\/\/pigyki.fr\/#website"},"primaryImageOfPage":{"@id":"https:\/\/pigyki.fr\/index.php\/sl\/blog-sl\/#primaryimage"},"image":{"@id":"https:\/\/pigyki.fr\/index.php\/sl\/blog-sl\/#primaryimage"},"thumbnailUrl":"https:\/\/pigyki.fr\/wp-content\/uploads\/2023\/06\/piano-1655558_1920.jpg.webp","datePublished":"2025-07-12T17:43:46+00:00","dateModified":"2025-11-16T18:06:08+00:00","description":"Blog Pigyki pedagogika Willems\u00ae poslu\u0161anje glasbe po skladateljih glasba Srednji vek Klasi\u010dna renesansa Romantika Moderna sodobnost","breadcrumb":{"@id":"https:\/\/pigyki.fr\/index.php\/sl\/blog-sl\/#breadcrumb"},"inLanguage":"fr-FR","potentialAction":[{"@type":"ReadAction","target":["https:\/\/pigyki.fr\/index.php\/sl\/blog-sl\/"]}]},{"@type":"ImageObject","inLanguage":"fr-FR","@id":"https:\/\/pigyki.fr\/index.php\/sl\/blog-sl\/#primaryimage","url":"https:\/\/pigyki.fr\/wp-content\/uploads\/2023\/06\/piano-1655558_1920.jpg.webp","contentUrl":"https:\/\/pigyki.fr\/wp-content\/uploads\/2023\/06\/piano-1655558_1920.jpg.webp","width":1038,"height":576},{"@type":"BreadcrumbList","@id":"https:\/\/pigyki.fr\/index.php\/sl\/blog-sl\/#breadcrumb","itemListElement":[{"@type":"ListItem","position":1,"name":"Accueil","item":"https:\/\/pigyki.fr\/"},{"@type":"ListItem","position":2,"name":"Blog"}]},{"@type":"WebSite","@id":"https:\/\/pigyki.fr\/#website","url":"https:\/\/pigyki.fr\/","name":"Pigyki","description":"C.L. al fine","publisher":{"@id":"https:\/\/pigyki.fr\/#\/schema\/person\/69b76bc8a17bddaf3ffd40d3cc9a4161"},"potentialAction":[{"@type":"SearchAction","target":{"@type":"EntryPoint","urlTemplate":"https:\/\/pigyki.fr\/?s={search_term_string}"},"query-input":{"@type":"PropertyValueSpecification","valueRequired":true,"valueName":"search_term_string"}}],"inLanguage":"fr-FR"},{"@type":["Person","Organization"],"@id":"https:\/\/pigyki.fr\/#\/schema\/person\/69b76bc8a17bddaf3ffd40d3cc9a4161","name":"Pigyki","image":{"@type":"ImageObject","inLanguage":"fr-FR","@id":"https:\/\/pigyki.fr\/wp-content\/uploads\/2023\/06\/Logo-CL.jpg","url":"https:\/\/pigyki.fr\/wp-content\/uploads\/2023\/06\/Logo-CL.jpg","contentUrl":"https:\/\/pigyki.fr\/wp-content\/uploads\/2023\/06\/Logo-CL.jpg","width":524,"height":586,"caption":"Pigyki"},"logo":{"@id":"https:\/\/pigyki.fr\/wp-content\/uploads\/2023\/06\/Logo-CL.jpg"},"sameAs":["http:\/\/pigyki.fr"]}]}},"_links":{"self":[{"href":"https:\/\/pigyki.fr\/index.php\/wp-json\/wp\/v2\/pages\/5760","targetHints":{"allow":["GET"]}}],"collection":[{"href":"https:\/\/pigyki.fr\/index.php\/wp-json\/wp\/v2\/pages"}],"about":[{"href":"https:\/\/pigyki.fr\/index.php\/wp-json\/wp\/v2\/types\/page"}],"author":[{"embeddable":true,"href":"https:\/\/pigyki.fr\/index.php\/wp-json\/wp\/v2\/users\/1"}],"replies":[{"embeddable":true,"href":"https:\/\/pigyki.fr\/index.php\/wp-json\/wp\/v2\/comments?post=5760"}],"version-history":[{"count":3,"href":"https:\/\/pigyki.fr\/index.php\/wp-json\/wp\/v2\/pages\/5760\/revisions"}],"predecessor-version":[{"id":7689,"href":"https:\/\/pigyki.fr\/index.php\/wp-json\/wp\/v2\/pages\/5760\/revisions\/7689"}],"wp:featuredmedia":[{"embeddable":true,"href":"https:\/\/pigyki.fr\/index.php\/wp-json\/wp\/v2\/media\/211"}],"wp:attachment":[{"href":"https:\/\/pigyki.fr\/index.php\/wp-json\/wp\/v2\/media?parent=5760"}],"curies":[{"name":"wp","href":"https:\/\/api.w.org\/{rel}","templated":true}]}}