{"id":5736,"date":"2025-07-12T19:09:09","date_gmt":"2025-07-12T17:09:09","guid":{"rendered":"https:\/\/pigyki.fr\/?page_id=5736"},"modified":"2025-07-12T19:25:38","modified_gmt":"2025-07-12T17:25:38","slug":"chi-e-pigyki","status":"publish","type":"page","link":"https:\/\/pigyki.fr\/index.php\/it\/chi-e-pigyki\/","title":{"rendered":"Chi \u00e8 Pigyki?"},"content":{"rendered":"\n<div class=\"wp-block-media-text alignwide is-stacked-on-mobile\" style=\"grid-template-columns:16% auto\"><figure class=\"wp-block-media-text__media\"><img loading=\"lazy\" decoding=\"async\" width=\"314\" height=\"390\" src=\"http:\/\/pigyki.fr\/wp-content\/uploads\/2023\/06\/Petit-faon.jpg\" alt=\"\" class=\"wp-image-79 size-full\" srcset=\"https:\/\/pigyki.fr\/wp-content\/uploads\/2023\/06\/Petit-faon.jpg 314w, https:\/\/pigyki.fr\/wp-content\/uploads\/2023\/06\/Petit-faon-242x300.jpg 242w\" sizes=\"auto, (max-width: 314px) 100vw, 314px\" \/><\/figure><div class=\"wp-block-media-text__content\">\n<p class=\"has-black-color has-text-color has-normal-font-size\">Benvenuto sul sito di Pigyki! Ma chi \u00e8 Pigyki?<br>\u00c8 il nome del personaggio della prima favola musicale di cui ho scritto sia il testo che la musica.<br>\u00c8 poi diventato il mio pseudonimo preferito\u2026<\/p>\n<\/div><\/div>\n\n\n\n<p class=\"has-text-align-center has-black-color has-text-color has-normal-font-size\">Questo sito ha diversi obiettivi:<\/p>\n\n\n\n<ul class=\"wp-block-list has-black-color has-text-color has-normal-font-size\">\n<li class=\"has-normal-font-size\">Tenere un blog che raccolga gli \u201cascolti musicali\u201d proposti ai miei allievi pi\u00f9 grandi<\/li>\n\n\n\n<li class=\"has-normal-font-size\">Pubblicare articoli su questioni di pedagogia<\/li>\n\n\n\n<li>Presentare le mie favole musicali e altre composizioni<\/li>\n\n\n\n<li>Riunire alcuni ricordi di esperienze pedagogiche che hanno segnato il mio percorso<\/li>\n\n\n\n<li class=\"has-normal-font-size\">Offrirmi uno spazio per esprimermi quando ho qualcosa da dire\u2026<\/li>\n<\/ul>\n\n\n\n<p class=\"has-text-align-center\"><em>Grazie per la vostra visita!<\/em><\/p>\n","protected":false},"excerpt":{"rendered":"<p>Benvenuto sul sito di Pigyki! Ma chi \u00e8 Pigyki?\u00c8 il nome del personaggio della prima favola musicale di cui ho scritto sia il testo che la musica.\u00c8 poi diventato il &hellip;<\/p>\n","protected":false},"author":1,"featured_media":0,"parent":0,"menu_order":0,"comment_status":"closed","ping_status":"closed","template":"","meta":{"rop_custom_images_group":[],"rop_custom_messages_group":[],"rop_publish_now":"initial","rop_publish_now_accounts":[],"rop_publish_now_history":[],"rop_publish_now_status":"pending","footnotes":""},"class_list":["post-5736","page","type-page","status-publish","hentry"],"yoast_head":"<!-- This site is optimized with the Yoast SEO plugin v27.4 - https:\/\/yoast.com\/product\/yoast-seo-wordpress\/ -->\n<title>Chi \u00e8 Pigyki?  - Pigyki<\/title>\n<meta name=\"description\" content=\"Pigyki \u00e8 il titolo di un racconto musicale di Christophe Lazerges. \u00c8 diventato il suo pseudonimo preferito!Pigyki Chi \u00e8 Pigyki?\" \/>\n<meta name=\"robots\" content=\"index, follow, max-snippet:-1, max-image-preview:large, max-video-preview:-1\" \/>\n<link rel=\"canonical\" href=\"https:\/\/pigyki.fr\/index.php\/it\/chi-e-pigyki\/\" \/>\n<meta property=\"og:locale\" content=\"fr_FR\" \/>\n<meta property=\"og:type\" content=\"article\" \/>\n<meta property=\"og:title\" content=\"Chi \u00e8 Pigyki?  - Pigyki\" \/>\n<meta property=\"og:description\" content=\"Pigyki \u00e8 il titolo di un racconto musicale di Christophe Lazerges. \u00c8 diventato il suo pseudonimo preferito!Pigyki Chi \u00e8 Pigyki?\" \/>\n<meta property=\"og:url\" content=\"https:\/\/pigyki.fr\/index.php\/it\/chi-e-pigyki\/\" \/>\n<meta property=\"og:site_name\" content=\"Pigyki\" \/>\n<meta property=\"article:modified_time\" content=\"2025-07-12T17:25:38+00:00\" \/>\n<meta property=\"og:image\" content=\"https:\/\/pigyki.fr\/wp-content\/uploads\/2023\/06\/Petit-faon.jpg\" \/>\n\t<meta property=\"og:image:width\" content=\"314\" \/>\n\t<meta property=\"og:image:height\" content=\"390\" \/>\n\t<meta property=\"og:image:type\" content=\"image\/jpeg\" \/>\n<meta name=\"twitter:card\" content=\"summary_large_image\" \/>\n<meta name=\"twitter:label1\" content=\"Dur\u00e9e de lecture estim\u00e9e\" \/>\n\t<meta name=\"twitter:data1\" content=\"1 minute\" \/>\n<script type=\"application\/ld+json\" class=\"yoast-schema-graph\">{\"@context\":\"https:\\\/\\\/schema.org\",\"@graph\":[{\"@type\":\"WebPage\",\"@id\":\"https:\\\/\\\/pigyki.fr\\\/index.php\\\/it\\\/chi-e-pigyki\\\/\",\"url\":\"https:\\\/\\\/pigyki.fr\\\/index.php\\\/it\\\/chi-e-pigyki\\\/\",\"name\":\"Chi \u00e8 Pigyki? - Pigyki\",\"isPartOf\":{\"@id\":\"https:\\\/\\\/pigyki.fr\\\/#website\"},\"primaryImageOfPage\":{\"@id\":\"https:\\\/\\\/pigyki.fr\\\/index.php\\\/it\\\/chi-e-pigyki\\\/#primaryimage\"},\"image\":{\"@id\":\"https:\\\/\\\/pigyki.fr\\\/index.php\\\/it\\\/chi-e-pigyki\\\/#primaryimage\"},\"thumbnailUrl\":\"http:\\\/\\\/pigyki.fr\\\/wp-content\\\/uploads\\\/2023\\\/06\\\/Petit-faon.jpg\",\"datePublished\":\"2025-07-12T17:09:09+00:00\",\"dateModified\":\"2025-07-12T17:25:38+00:00\",\"description\":\"Pigyki \u00e8 il titolo di un racconto musicale di Christophe Lazerges. \u00c8 diventato il suo pseudonimo preferito!Pigyki Chi \u00e8 Pigyki?\",\"breadcrumb\":{\"@id\":\"https:\\\/\\\/pigyki.fr\\\/index.php\\\/it\\\/chi-e-pigyki\\\/#breadcrumb\"},\"inLanguage\":\"fr-FR\",\"potentialAction\":[{\"@type\":\"ReadAction\",\"target\":[\"https:\\\/\\\/pigyki.fr\\\/index.php\\\/it\\\/chi-e-pigyki\\\/\"]}]},{\"@type\":\"ImageObject\",\"inLanguage\":\"fr-FR\",\"@id\":\"https:\\\/\\\/pigyki.fr\\\/index.php\\\/it\\\/chi-e-pigyki\\\/#primaryimage\",\"url\":\"http:\\\/\\\/pigyki.fr\\\/wp-content\\\/uploads\\\/2023\\\/06\\\/Petit-faon.jpg\",\"contentUrl\":\"http:\\\/\\\/pigyki.fr\\\/wp-content\\\/uploads\\\/2023\\\/06\\\/Petit-faon.jpg\"},{\"@type\":\"BreadcrumbList\",\"@id\":\"https:\\\/\\\/pigyki.fr\\\/index.php\\\/it\\\/chi-e-pigyki\\\/#breadcrumb\",\"itemListElement\":[{\"@type\":\"ListItem\",\"position\":1,\"name\":\"Accueil\",\"item\":\"https:\\\/\\\/pigyki.fr\\\/\"},{\"@type\":\"ListItem\",\"position\":2,\"name\":\"Chi \u00e8 Pigyki?\"}]},{\"@type\":\"WebSite\",\"@id\":\"https:\\\/\\\/pigyki.fr\\\/#website\",\"url\":\"https:\\\/\\\/pigyki.fr\\\/\",\"name\":\"Pigyki\",\"description\":\"C.L. al fine\",\"publisher\":{\"@id\":\"https:\\\/\\\/pigyki.fr\\\/#\\\/schema\\\/person\\\/69b76bc8a17bddaf3ffd40d3cc9a4161\"},\"potentialAction\":[{\"@type\":\"SearchAction\",\"target\":{\"@type\":\"EntryPoint\",\"urlTemplate\":\"https:\\\/\\\/pigyki.fr\\\/?s={search_term_string}\"},\"query-input\":{\"@type\":\"PropertyValueSpecification\",\"valueRequired\":true,\"valueName\":\"search_term_string\"}}],\"inLanguage\":\"fr-FR\"},{\"@type\":[\"Person\",\"Organization\"],\"@id\":\"https:\\\/\\\/pigyki.fr\\\/#\\\/schema\\\/person\\\/69b76bc8a17bddaf3ffd40d3cc9a4161\",\"name\":\"Pigyki\",\"image\":{\"@type\":\"ImageObject\",\"inLanguage\":\"fr-FR\",\"@id\":\"https:\\\/\\\/pigyki.fr\\\/wp-content\\\/uploads\\\/2023\\\/06\\\/Logo-CL.jpg\",\"url\":\"https:\\\/\\\/pigyki.fr\\\/wp-content\\\/uploads\\\/2023\\\/06\\\/Logo-CL.jpg\",\"contentUrl\":\"https:\\\/\\\/pigyki.fr\\\/wp-content\\\/uploads\\\/2023\\\/06\\\/Logo-CL.jpg\",\"width\":524,\"height\":586,\"caption\":\"Pigyki\"},\"logo\":{\"@id\":\"https:\\\/\\\/pigyki.fr\\\/wp-content\\\/uploads\\\/2023\\\/06\\\/Logo-CL.jpg\"},\"sameAs\":[\"http:\\\/\\\/pigyki.fr\"]}]}<\/script>\n<!-- \/ Yoast SEO plugin. -->","yoast_head_json":{"title":"Chi \u00e8 Pigyki?  - Pigyki","description":"Pigyki \u00e8 il titolo di un racconto musicale di Christophe Lazerges. \u00c8 diventato il suo pseudonimo preferito!Pigyki Chi \u00e8 Pigyki?","robots":{"index":"index","follow":"follow","max-snippet":"max-snippet:-1","max-image-preview":"max-image-preview:large","max-video-preview":"max-video-preview:-1"},"canonical":"https:\/\/pigyki.fr\/index.php\/it\/chi-e-pigyki\/","og_locale":"fr_FR","og_type":"article","og_title":"Chi \u00e8 Pigyki?  - Pigyki","og_description":"Pigyki \u00e8 il titolo di un racconto musicale di Christophe Lazerges. \u00c8 diventato il suo pseudonimo preferito!Pigyki Chi \u00e8 Pigyki?","og_url":"https:\/\/pigyki.fr\/index.php\/it\/chi-e-pigyki\/","og_site_name":"Pigyki","article_modified_time":"2025-07-12T17:25:38+00:00","og_image":[{"width":314,"height":390,"url":"https:\/\/pigyki.fr\/wp-content\/uploads\/2023\/06\/Petit-faon.jpg","type":"image\/jpeg"}],"twitter_card":"summary_large_image","twitter_misc":{"Dur\u00e9e de lecture estim\u00e9e":"1 minute"},"schema":{"@context":"https:\/\/schema.org","@graph":[{"@type":"WebPage","@id":"https:\/\/pigyki.fr\/index.php\/it\/chi-e-pigyki\/","url":"https:\/\/pigyki.fr\/index.php\/it\/chi-e-pigyki\/","name":"Chi \u00e8 Pigyki? - Pigyki","isPartOf":{"@id":"https:\/\/pigyki.fr\/#website"},"primaryImageOfPage":{"@id":"https:\/\/pigyki.fr\/index.php\/it\/chi-e-pigyki\/#primaryimage"},"image":{"@id":"https:\/\/pigyki.fr\/index.php\/it\/chi-e-pigyki\/#primaryimage"},"thumbnailUrl":"http:\/\/pigyki.fr\/wp-content\/uploads\/2023\/06\/Petit-faon.jpg","datePublished":"2025-07-12T17:09:09+00:00","dateModified":"2025-07-12T17:25:38+00:00","description":"Pigyki \u00e8 il titolo di un racconto musicale di Christophe Lazerges. \u00c8 diventato il suo pseudonimo preferito!Pigyki Chi \u00e8 Pigyki?","breadcrumb":{"@id":"https:\/\/pigyki.fr\/index.php\/it\/chi-e-pigyki\/#breadcrumb"},"inLanguage":"fr-FR","potentialAction":[{"@type":"ReadAction","target":["https:\/\/pigyki.fr\/index.php\/it\/chi-e-pigyki\/"]}]},{"@type":"ImageObject","inLanguage":"fr-FR","@id":"https:\/\/pigyki.fr\/index.php\/it\/chi-e-pigyki\/#primaryimage","url":"http:\/\/pigyki.fr\/wp-content\/uploads\/2023\/06\/Petit-faon.jpg","contentUrl":"http:\/\/pigyki.fr\/wp-content\/uploads\/2023\/06\/Petit-faon.jpg"},{"@type":"BreadcrumbList","@id":"https:\/\/pigyki.fr\/index.php\/it\/chi-e-pigyki\/#breadcrumb","itemListElement":[{"@type":"ListItem","position":1,"name":"Accueil","item":"https:\/\/pigyki.fr\/"},{"@type":"ListItem","position":2,"name":"Chi \u00e8 Pigyki?"}]},{"@type":"WebSite","@id":"https:\/\/pigyki.fr\/#website","url":"https:\/\/pigyki.fr\/","name":"Pigyki","description":"C.L. al fine","publisher":{"@id":"https:\/\/pigyki.fr\/#\/schema\/person\/69b76bc8a17bddaf3ffd40d3cc9a4161"},"potentialAction":[{"@type":"SearchAction","target":{"@type":"EntryPoint","urlTemplate":"https:\/\/pigyki.fr\/?s={search_term_string}"},"query-input":{"@type":"PropertyValueSpecification","valueRequired":true,"valueName":"search_term_string"}}],"inLanguage":"fr-FR"},{"@type":["Person","Organization"],"@id":"https:\/\/pigyki.fr\/#\/schema\/person\/69b76bc8a17bddaf3ffd40d3cc9a4161","name":"Pigyki","image":{"@type":"ImageObject","inLanguage":"fr-FR","@id":"https:\/\/pigyki.fr\/wp-content\/uploads\/2023\/06\/Logo-CL.jpg","url":"https:\/\/pigyki.fr\/wp-content\/uploads\/2023\/06\/Logo-CL.jpg","contentUrl":"https:\/\/pigyki.fr\/wp-content\/uploads\/2023\/06\/Logo-CL.jpg","width":524,"height":586,"caption":"Pigyki"},"logo":{"@id":"https:\/\/pigyki.fr\/wp-content\/uploads\/2023\/06\/Logo-CL.jpg"},"sameAs":["http:\/\/pigyki.fr"]}]}},"_links":{"self":[{"href":"https:\/\/pigyki.fr\/index.php\/wp-json\/wp\/v2\/pages\/5736","targetHints":{"allow":["GET"]}}],"collection":[{"href":"https:\/\/pigyki.fr\/index.php\/wp-json\/wp\/v2\/pages"}],"about":[{"href":"https:\/\/pigyki.fr\/index.php\/wp-json\/wp\/v2\/types\/page"}],"author":[{"embeddable":true,"href":"https:\/\/pigyki.fr\/index.php\/wp-json\/wp\/v2\/users\/1"}],"replies":[{"embeddable":true,"href":"https:\/\/pigyki.fr\/index.php\/wp-json\/wp\/v2\/comments?post=5736"}],"version-history":[{"count":3,"href":"https:\/\/pigyki.fr\/index.php\/wp-json\/wp\/v2\/pages\/5736\/revisions"}],"predecessor-version":[{"id":5753,"href":"https:\/\/pigyki.fr\/index.php\/wp-json\/wp\/v2\/pages\/5736\/revisions\/5753"}],"wp:attachment":[{"href":"https:\/\/pigyki.fr\/index.php\/wp-json\/wp\/v2\/media?parent=5736"}],"curies":[{"name":"wp","href":"https:\/\/api.w.org\/{rel}","templated":true}]}}