{"id":5730,"date":"2025-07-12T19:03:15","date_gmt":"2025-07-12T17:03:15","guid":{"rendered":"https:\/\/pigyki.fr\/?page_id=5730"},"modified":"2025-07-12T19:26:38","modified_gmt":"2025-07-12T17:26:38","slug":"kdo-je-pigyki","status":"publish","type":"page","link":"https:\/\/pigyki.fr\/index.php\/sl\/kdo-je-pigyki\/","title":{"rendered":"Kdo je Pigyki?"},"content":{"rendered":"\n<div class=\"wp-block-media-text alignwide is-stacked-on-mobile\" style=\"grid-template-columns:16% auto\"><figure class=\"wp-block-media-text__media\"><img loading=\"lazy\" decoding=\"async\" width=\"314\" height=\"390\" src=\"http:\/\/pigyki.fr\/wp-content\/uploads\/2023\/06\/Petit-faon.jpg\" alt=\"\" class=\"wp-image-79 size-full\" srcset=\"https:\/\/pigyki.fr\/wp-content\/uploads\/2023\/06\/Petit-faon.jpg 314w, https:\/\/pigyki.fr\/wp-content\/uploads\/2023\/06\/Petit-faon-242x300.jpg 242w\" sizes=\"auto, (max-width: 314px) 100vw, 314px\" \/><\/figure><div class=\"wp-block-media-text__content\">\n<p class=\"has-black-color has-text-color has-normal-font-size\">Dobrodo\u0161li na spletni strani Pigyki! Ampak kdo je Pigyki?<br>To je ime lika iz prve glasbene pravljice, za katero sem napisala tako besedilo kot glasbo.<br>S\u010dasoma je postal moj priljubljeni psevdonim\u2026<\/p>\n<\/div><\/div>\n\n\n\n<p class=\"has-text-align-center has-black-color has-text-color has-normal-font-size\">Ta spletna stran ima ve\u010d namenov:<\/p>\n\n\n\n<ul class=\"wp-block-list has-black-color has-text-color has-normal-font-size\">\n<li class=\"has-normal-font-size\">Vodenje bloga, ki zdru\u017euje \u00bbglasbena poslu\u0161anja\u00ab, ki jih ponujam svojim starej\u0161im u\u010dencem<\/li>\n\n\n\n<li class=\"has-normal-font-size\">Objavljanje \u010dlankov o pedago\u0161kih vpra\u0161anjih<\/li>\n\n\n\n<li>Predstavitev mojih glasbenih pravljic in drugih skladb<\/li>\n\n\n\n<li>Zbiranje spominov na pedago\u0161ke izku\u0161nje, ki so zaznamovale mojo pot<\/li>\n\n\n\n<li class=\"has-normal-font-size\">Nudenje prostora za izra\u017eanje, kadar imam kaj povedati \u2026<\/li>\n<\/ul>\n\n\n\n<p class=\"has-text-align-center\"><em>Hvala za va\u0161 obisk!<\/em><\/p>\n","protected":false},"excerpt":{"rendered":"<p>Dobrodo\u0161li na spletni strani Pigyki! Ampak kdo je Pigyki?To je ime lika iz prve glasbene pravljice, za katero sem napisala tako besedilo kot glasbo.S\u010dasoma je postal moj priljubljeni psevdonim\u2026 Ta &hellip;<\/p>\n","protected":false},"author":1,"featured_media":0,"parent":0,"menu_order":0,"comment_status":"closed","ping_status":"closed","template":"","meta":{"rop_custom_images_group":[],"rop_custom_messages_group":[],"rop_publish_now":"initial","rop_publish_now_accounts":[],"rop_publish_now_history":[],"rop_publish_now_status":"pending","footnotes":""},"class_list":["post-5730","page","type-page","status-publish","hentry"],"yoast_head":"<!-- This site is optimized with the Yoast SEO plugin v27.4 - https:\/\/yoast.com\/product\/yoast-seo-wordpress\/ -->\n<title>Kdo je Pigyki?  - Pigyki<\/title>\n<meta name=\"description\" content=\"Pigyki je naslov glasbene zgodbe Christopha Lazergesa. Postal je njegov najljub\u0161i psevdonim! Pigyki Kdo je Pigyki?\" \/>\n<meta name=\"robots\" content=\"index, follow, max-snippet:-1, max-image-preview:large, max-video-preview:-1\" \/>\n<link rel=\"canonical\" href=\"https:\/\/pigyki.fr\/index.php\/sl\/kdo-je-pigyki\/\" \/>\n<meta property=\"og:locale\" content=\"fr_FR\" \/>\n<meta property=\"og:type\" content=\"article\" \/>\n<meta property=\"og:title\" content=\"Kdo je Pigyki?  - Pigyki\" \/>\n<meta property=\"og:description\" content=\"Pigyki je naslov glasbene zgodbe Christopha Lazergesa. Postal je njegov najljub\u0161i psevdonim! Pigyki Kdo je Pigyki?\" \/>\n<meta property=\"og:url\" content=\"https:\/\/pigyki.fr\/index.php\/sl\/kdo-je-pigyki\/\" \/>\n<meta property=\"og:site_name\" content=\"Pigyki\" \/>\n<meta property=\"article:modified_time\" content=\"2025-07-12T17:26:38+00:00\" \/>\n<meta property=\"og:image\" content=\"https:\/\/pigyki.fr\/wp-content\/uploads\/2023\/06\/Petit-faon.jpg\" \/>\n\t<meta property=\"og:image:width\" content=\"314\" \/>\n\t<meta property=\"og:image:height\" content=\"390\" \/>\n\t<meta property=\"og:image:type\" content=\"image\/jpeg\" \/>\n<meta name=\"twitter:card\" content=\"summary_large_image\" \/>\n<meta name=\"twitter:label1\" content=\"Dur\u00e9e de lecture estim\u00e9e\" \/>\n\t<meta name=\"twitter:data1\" content=\"1 minute\" \/>\n<script type=\"application\/ld+json\" class=\"yoast-schema-graph\">{\"@context\":\"https:\\\/\\\/schema.org\",\"@graph\":[{\"@type\":\"WebPage\",\"@id\":\"https:\\\/\\\/pigyki.fr\\\/index.php\\\/sl\\\/kdo-je-pigyki\\\/\",\"url\":\"https:\\\/\\\/pigyki.fr\\\/index.php\\\/sl\\\/kdo-je-pigyki\\\/\",\"name\":\"Kdo je Pigyki? - Pigyki\",\"isPartOf\":{\"@id\":\"https:\\\/\\\/pigyki.fr\\\/#website\"},\"primaryImageOfPage\":{\"@id\":\"https:\\\/\\\/pigyki.fr\\\/index.php\\\/sl\\\/kdo-je-pigyki\\\/#primaryimage\"},\"image\":{\"@id\":\"https:\\\/\\\/pigyki.fr\\\/index.php\\\/sl\\\/kdo-je-pigyki\\\/#primaryimage\"},\"thumbnailUrl\":\"http:\\\/\\\/pigyki.fr\\\/wp-content\\\/uploads\\\/2023\\\/06\\\/Petit-faon.jpg\",\"datePublished\":\"2025-07-12T17:03:15+00:00\",\"dateModified\":\"2025-07-12T17:26:38+00:00\",\"description\":\"Pigyki je naslov glasbene zgodbe Christopha Lazergesa. Postal je njegov najljub\u0161i psevdonim! Pigyki Kdo je Pigyki?\",\"breadcrumb\":{\"@id\":\"https:\\\/\\\/pigyki.fr\\\/index.php\\\/sl\\\/kdo-je-pigyki\\\/#breadcrumb\"},\"inLanguage\":\"fr-FR\",\"potentialAction\":[{\"@type\":\"ReadAction\",\"target\":[\"https:\\\/\\\/pigyki.fr\\\/index.php\\\/sl\\\/kdo-je-pigyki\\\/\"]}]},{\"@type\":\"ImageObject\",\"inLanguage\":\"fr-FR\",\"@id\":\"https:\\\/\\\/pigyki.fr\\\/index.php\\\/sl\\\/kdo-je-pigyki\\\/#primaryimage\",\"url\":\"http:\\\/\\\/pigyki.fr\\\/wp-content\\\/uploads\\\/2023\\\/06\\\/Petit-faon.jpg\",\"contentUrl\":\"http:\\\/\\\/pigyki.fr\\\/wp-content\\\/uploads\\\/2023\\\/06\\\/Petit-faon.jpg\"},{\"@type\":\"BreadcrumbList\",\"@id\":\"https:\\\/\\\/pigyki.fr\\\/index.php\\\/sl\\\/kdo-je-pigyki\\\/#breadcrumb\",\"itemListElement\":[{\"@type\":\"ListItem\",\"position\":1,\"name\":\"Accueil\",\"item\":\"https:\\\/\\\/pigyki.fr\\\/\"},{\"@type\":\"ListItem\",\"position\":2,\"name\":\"Kdo je Pigyki?\"}]},{\"@type\":\"WebSite\",\"@id\":\"https:\\\/\\\/pigyki.fr\\\/#website\",\"url\":\"https:\\\/\\\/pigyki.fr\\\/\",\"name\":\"Pigyki\",\"description\":\"C.L. al fine\",\"publisher\":{\"@id\":\"https:\\\/\\\/pigyki.fr\\\/#\\\/schema\\\/person\\\/69b76bc8a17bddaf3ffd40d3cc9a4161\"},\"potentialAction\":[{\"@type\":\"SearchAction\",\"target\":{\"@type\":\"EntryPoint\",\"urlTemplate\":\"https:\\\/\\\/pigyki.fr\\\/?s={search_term_string}\"},\"query-input\":{\"@type\":\"PropertyValueSpecification\",\"valueRequired\":true,\"valueName\":\"search_term_string\"}}],\"inLanguage\":\"fr-FR\"},{\"@type\":[\"Person\",\"Organization\"],\"@id\":\"https:\\\/\\\/pigyki.fr\\\/#\\\/schema\\\/person\\\/69b76bc8a17bddaf3ffd40d3cc9a4161\",\"name\":\"Pigyki\",\"image\":{\"@type\":\"ImageObject\",\"inLanguage\":\"fr-FR\",\"@id\":\"https:\\\/\\\/pigyki.fr\\\/wp-content\\\/uploads\\\/2023\\\/06\\\/Logo-CL.jpg\",\"url\":\"https:\\\/\\\/pigyki.fr\\\/wp-content\\\/uploads\\\/2023\\\/06\\\/Logo-CL.jpg\",\"contentUrl\":\"https:\\\/\\\/pigyki.fr\\\/wp-content\\\/uploads\\\/2023\\\/06\\\/Logo-CL.jpg\",\"width\":524,\"height\":586,\"caption\":\"Pigyki\"},\"logo\":{\"@id\":\"https:\\\/\\\/pigyki.fr\\\/wp-content\\\/uploads\\\/2023\\\/06\\\/Logo-CL.jpg\"},\"sameAs\":[\"http:\\\/\\\/pigyki.fr\"]}]}<\/script>\n<!-- \/ Yoast SEO plugin. -->","yoast_head_json":{"title":"Kdo je Pigyki?  - Pigyki","description":"Pigyki je naslov glasbene zgodbe Christopha Lazergesa. Postal je njegov najljub\u0161i psevdonim! Pigyki Kdo je Pigyki?","robots":{"index":"index","follow":"follow","max-snippet":"max-snippet:-1","max-image-preview":"max-image-preview:large","max-video-preview":"max-video-preview:-1"},"canonical":"https:\/\/pigyki.fr\/index.php\/sl\/kdo-je-pigyki\/","og_locale":"fr_FR","og_type":"article","og_title":"Kdo je Pigyki?  - Pigyki","og_description":"Pigyki je naslov glasbene zgodbe Christopha Lazergesa. Postal je njegov najljub\u0161i psevdonim! Pigyki Kdo je Pigyki?","og_url":"https:\/\/pigyki.fr\/index.php\/sl\/kdo-je-pigyki\/","og_site_name":"Pigyki","article_modified_time":"2025-07-12T17:26:38+00:00","og_image":[{"width":314,"height":390,"url":"https:\/\/pigyki.fr\/wp-content\/uploads\/2023\/06\/Petit-faon.jpg","type":"image\/jpeg"}],"twitter_card":"summary_large_image","twitter_misc":{"Dur\u00e9e de lecture estim\u00e9e":"1 minute"},"schema":{"@context":"https:\/\/schema.org","@graph":[{"@type":"WebPage","@id":"https:\/\/pigyki.fr\/index.php\/sl\/kdo-je-pigyki\/","url":"https:\/\/pigyki.fr\/index.php\/sl\/kdo-je-pigyki\/","name":"Kdo je Pigyki? - Pigyki","isPartOf":{"@id":"https:\/\/pigyki.fr\/#website"},"primaryImageOfPage":{"@id":"https:\/\/pigyki.fr\/index.php\/sl\/kdo-je-pigyki\/#primaryimage"},"image":{"@id":"https:\/\/pigyki.fr\/index.php\/sl\/kdo-je-pigyki\/#primaryimage"},"thumbnailUrl":"http:\/\/pigyki.fr\/wp-content\/uploads\/2023\/06\/Petit-faon.jpg","datePublished":"2025-07-12T17:03:15+00:00","dateModified":"2025-07-12T17:26:38+00:00","description":"Pigyki je naslov glasbene zgodbe Christopha Lazergesa. Postal je njegov najljub\u0161i psevdonim! Pigyki Kdo je Pigyki?","breadcrumb":{"@id":"https:\/\/pigyki.fr\/index.php\/sl\/kdo-je-pigyki\/#breadcrumb"},"inLanguage":"fr-FR","potentialAction":[{"@type":"ReadAction","target":["https:\/\/pigyki.fr\/index.php\/sl\/kdo-je-pigyki\/"]}]},{"@type":"ImageObject","inLanguage":"fr-FR","@id":"https:\/\/pigyki.fr\/index.php\/sl\/kdo-je-pigyki\/#primaryimage","url":"http:\/\/pigyki.fr\/wp-content\/uploads\/2023\/06\/Petit-faon.jpg","contentUrl":"http:\/\/pigyki.fr\/wp-content\/uploads\/2023\/06\/Petit-faon.jpg"},{"@type":"BreadcrumbList","@id":"https:\/\/pigyki.fr\/index.php\/sl\/kdo-je-pigyki\/#breadcrumb","itemListElement":[{"@type":"ListItem","position":1,"name":"Accueil","item":"https:\/\/pigyki.fr\/"},{"@type":"ListItem","position":2,"name":"Kdo je Pigyki?"}]},{"@type":"WebSite","@id":"https:\/\/pigyki.fr\/#website","url":"https:\/\/pigyki.fr\/","name":"Pigyki","description":"C.L. al fine","publisher":{"@id":"https:\/\/pigyki.fr\/#\/schema\/person\/69b76bc8a17bddaf3ffd40d3cc9a4161"},"potentialAction":[{"@type":"SearchAction","target":{"@type":"EntryPoint","urlTemplate":"https:\/\/pigyki.fr\/?s={search_term_string}"},"query-input":{"@type":"PropertyValueSpecification","valueRequired":true,"valueName":"search_term_string"}}],"inLanguage":"fr-FR"},{"@type":["Person","Organization"],"@id":"https:\/\/pigyki.fr\/#\/schema\/person\/69b76bc8a17bddaf3ffd40d3cc9a4161","name":"Pigyki","image":{"@type":"ImageObject","inLanguage":"fr-FR","@id":"https:\/\/pigyki.fr\/wp-content\/uploads\/2023\/06\/Logo-CL.jpg","url":"https:\/\/pigyki.fr\/wp-content\/uploads\/2023\/06\/Logo-CL.jpg","contentUrl":"https:\/\/pigyki.fr\/wp-content\/uploads\/2023\/06\/Logo-CL.jpg","width":524,"height":586,"caption":"Pigyki"},"logo":{"@id":"https:\/\/pigyki.fr\/wp-content\/uploads\/2023\/06\/Logo-CL.jpg"},"sameAs":["http:\/\/pigyki.fr"]}]}},"_links":{"self":[{"href":"https:\/\/pigyki.fr\/index.php\/wp-json\/wp\/v2\/pages\/5730","targetHints":{"allow":["GET"]}}],"collection":[{"href":"https:\/\/pigyki.fr\/index.php\/wp-json\/wp\/v2\/pages"}],"about":[{"href":"https:\/\/pigyki.fr\/index.php\/wp-json\/wp\/v2\/types\/page"}],"author":[{"embeddable":true,"href":"https:\/\/pigyki.fr\/index.php\/wp-json\/wp\/v2\/users\/1"}],"replies":[{"embeddable":true,"href":"https:\/\/pigyki.fr\/index.php\/wp-json\/wp\/v2\/comments?post=5730"}],"version-history":[{"count":3,"href":"https:\/\/pigyki.fr\/index.php\/wp-json\/wp\/v2\/pages\/5730\/revisions"}],"predecessor-version":[{"id":5754,"href":"https:\/\/pigyki.fr\/index.php\/wp-json\/wp\/v2\/pages\/5730\/revisions\/5754"}],"wp:attachment":[{"href":"https:\/\/pigyki.fr\/index.php\/wp-json\/wp\/v2\/media?parent=5730"}],"curies":[{"name":"wp","href":"https:\/\/api.w.org\/{rel}","templated":true}]}}