{"id":476,"date":"2023-06-20T10:54:06","date_gmt":"2023-06-20T08:54:06","guid":{"rendered":"https:\/\/pigyki.fr\/?page_id=476"},"modified":"2023-06-20T10:55:00","modified_gmt":"2023-06-20T08:55:00","slug":"escuchar","status":"publish","type":"page","link":"https:\/\/pigyki.fr\/index.php\/es\/escuchar\/","title":{"rendered":"\u00bfEscuchar?"},"content":{"rendered":"\n<h4 class=\"wp-block-heading\">\u00bfPor qu\u00e9 estas escuchas musicales?<\/h4>\n\n\n\n<p>Ya hay tantas oportunidades y medios para escuchar m\u00fasica, \u00bfpor qu\u00e9 a\u00f1adir algo m\u00e1s a la lista?<br>Al principio, para crear un v\u00ednculo especial entre mis antiguos alumnos y la m\u00fasica, y para mantener el contacto con quienes lo desean. Luego a\u00f1ad\u00ed a los destinatarios de los primeros n\u00fameros a mis alumnos en formaci\u00f3n, mis amigos, mi familia\u2026<\/p>\n\n\n\n<p>La idea original era invitar a mis alumnos a que se tomaran un tiempo cada semana para sentarse, con sus padres, y escuchar m\u00fasica durante 10 o 20 minutos, sin hacer nada m\u00e1s, preferiblemente sentados c\u00f3modamente con los ojos cerrados, sin ninguna ense\u00f1anza de por medio, s\u00f3lo por el placer de escuchar m\u00fasica juntos.<\/p>\n\n\n<div class=\"wp-block-image\">\n<figure class=\"aligncenter size-medium\"><img loading=\"lazy\" decoding=\"async\" width=\"300\" height=\"193\" src=\"https:\/\/pigyki.fr\/wp-content\/uploads\/2023\/06\/Famille-canape-300x193.jpg\" alt=\"\" class=\"wp-image-34\" srcset=\"https:\/\/pigyki.fr\/wp-content\/uploads\/2023\/06\/Famille-canape-300x193.jpg 300w, https:\/\/pigyki.fr\/wp-content\/uploads\/2023\/06\/Famille-canape.jpg 480w\" sizes=\"auto, (max-width: 300px) 100vw, 300px\" \/><\/figure>\n<\/div>\n\n\n<h4 class=\"wp-block-heading\">\u00bfDe d\u00f3nde surgi\u00f3 esta idea?<\/h4>\n\n\n\n<p>En el verano de 2022, me encontr\u00e9 con mis amigos Eul\u00e0lia y Jordi en Catalu\u00f1a, y Jordi me cont\u00f3 que todos los viernes se reun\u00edan con un hermano y un primo para escuchar y ver un concierto en un canal de m\u00fasica. Esta idea de compartir me pareci\u00f3 genial y me imagin\u00e9 poder compartir estos momentos con ellos, pero no era tan sencillo.<\/p>\n\n\n\n<p>Me qued\u00e9 con la idea de compartir un momento de escucha ritualizado.<br>Entonces me di cuenta de que mis alumnos apenas escuchan m\u00fasica, aparte de la contempor\u00e1nea, y se me ocurri\u00f3 ofrecerles estos breves momentos de escucha.<\/p>\n\n\n\n<h4 class=\"wp-block-heading\">Evoluci\u00f3n de la propuesta<\/h4>\n\n\n\n<p>Empec\u00e9 enviando mis programas a un grupo de estudiantes, que r\u00e1pidamente creci\u00f3 hasta incluir a los destinatarios antes mencionados. Cuando llegu\u00e9 a m\u00e1s de 50, sin pr\u00e1cticamente ninguna devoluci\u00f3n ni acuse de recibo, reduje mis env\u00edos a quienes me escribieran expresamente que deseaban seguir recibi\u00e9ndolos.<br>Mi lista se ha reducido, \u00a1pero sigue habiendo lectores fieles!<\/p>\n\n\n\n<p>Ahora que he llegado al n\u00famero 13, voy a cambiar mi formato para incluirlo en este blog, donde cualquiera podr\u00e1 suscribirse o darse de baja seg\u00fan desee. La ventaja ser\u00e1 la posibilidad de un di\u00e1logo m\u00e1s amplio para todos los suscriptores.<\/p>\n\n\n\n<h4 class=\"wp-block-heading\">\u00a1Viva la m\u00fasica!<\/h4>\n\n\n\n<p>Una cosa es segura, desde que empec\u00e9 esta emisi\u00f3n, \u00a1he escuchado mucha m\u00e1s m\u00fasica que antes! Gracias, Jordi.<\/p>\n\n\n\n<p>Esto me ha llevado a investigar un poco sobre las obras presentadas, los compositores, los int\u00e9rpretes, y a sugerir algunos enlaces para profundizar los conocimientos de todos, al menos de los que tienen tiempo libre, como me permite mi reciente jubilaci\u00f3n\u2026<\/p>\n\n\n\n<p>El \u00fanico inconveniente es la importancia de la pantalla en este intercambio.<br>As\u00ed que siempre hay que empezar escuchando las grabaciones de audio con los ojos cerrados\u2026<\/p>\n\n\n\n<p>Espero que disfrutes escuchando estas grabaciones tanto como yo, y que este blog sea una oportunidad para intercambiar ideas a trav\u00e9s de los comentarios que dejar\u00e1s al pie de los art\u00edculos\u2026<\/p>\n\n\n\n<p>\u00a1Christophe Lazerges, alias Pigyki!<\/p>\n\n\n<style>.kb-gallery-id-_466411-12 .kadence-blocks-gallery-item .kb-gal-image-radius, .kb-gallery-id-_466411-12 .kb-slide-item .kb-gal-image-radius img{border-radius:0px 0px 0px 0px;;}.kb-gallery-wrap-id-_466411-12.wp-block-kadence-advancedgallery{overflow:visible;}.kb-gallery-wrap-id-_466411-12.wp-block-kadence-advancedgallery .kt-blocks-carousel{overflow:visible;}.kb-gallery-id-_466411-12 .splide.kt-carousel-dotstyle-light .splide__pagination__page, .kb-gallery-id-_466411-12 .splide.kt-carousel-dotstyle-light .splide__pagination__page.is-active{background-color:#fff;}<\/style><div class=\"kb-gallery-wrap-id-_466411-12 alignnone wp-block-kadence-advancedgallery\"><div class=\"kb-gallery-ul kb-gallery-non-static kb-gallery-type-slider kb-gallery-id-_466411-12 kb-gallery-caption-style-bottom-hover kb-gallery-filter-none\" data-image-filter=\"none\" data-lightbox-caption=\"true\"><div class=\"kt-blocks-carousel splide kt-carousel-container-dotstyle-light kt-carousel-arrowstyle-none kt-carousel-dotstyle-light kb-slider-group-arrow kb-slider-arrow-position-center\" data-slider-anim-speed=\"3700\" data-slider-scroll=\"1\" data-slider-arrows=\"false\" data-slider-fade=\"true\" data-slider-dots=\"true\" data-slider-type=\"slider\" data-slider-hover-pause=\"false\" data-slider-auto=\"1\" data-slider-speed=\"4000\" data-show-pause-button=\"false\"><div class=\"splide__track\"><ul class=\"kt-blocks-carousel-init kb-blocks-slider splide__list\"><li class=\"kb-slide-item kb-gallery-slide-item splide__slide\"><div class=\"kadence-blocks-gallery-item\"><div class=\"kadence-blocks-gallery-item-inner\"><figure class=\"kb-gallery-figure kadence-blocks-gallery-item-hide-caption\"><div class=\"kb-gal-image-radius\"><div class=\"kb-gallery-image-contain kadence-blocks-gallery-intrinsic kb-gallery-image-ratio-land21 kb-has-image-ratio-land21\" ><img loading=\"lazy\" decoding=\"async\" src=\"https:\/\/pigyki.fr\/wp-content\/uploads\/2023\/06\/20230608_185030-scaled-e1686243681235-738x1024.jpg\" width=\"738\" height=\"1024\" alt=\"\" data-full-image=\"https:\/\/pigyki.fr\/wp-content\/uploads\/2023\/06\/20230608_185030-scaled-e1686243681235.jpg\" data-light-image=\"https:\/\/pigyki.fr\/wp-content\/uploads\/2023\/06\/20230608_185030-scaled-e1686243681235.jpg\" data-id=\"297\" class=\"wp-image-297 skip-lazy\" srcset=\"https:\/\/pigyki.fr\/wp-content\/uploads\/2023\/06\/20230608_185030-scaled-e1686243681235-738x1024.jpg 738w, https:\/\/pigyki.fr\/wp-content\/uploads\/2023\/06\/20230608_185030-scaled-e1686243681235-216x300.jpg 216w, https:\/\/pigyki.fr\/wp-content\/uploads\/2023\/06\/20230608_185030-scaled-e1686243681235-768x1065.jpg 768w, https:\/\/pigyki.fr\/wp-content\/uploads\/2023\/06\/20230608_185030-scaled-e1686243681235-1107x1536.jpg 1107w, https:\/\/pigyki.fr\/wp-content\/uploads\/2023\/06\/20230608_185030-scaled-e1686243681235.jpg 1150w\" sizes=\"auto, (max-width: 738px) 100vw, 738px\" \/><\/div><\/div><\/figure><\/div><\/div><\/li><li class=\"kb-slide-item kb-gallery-slide-item splide__slide\"><div class=\"kadence-blocks-gallery-item\"><div class=\"kadence-blocks-gallery-item-inner\"><figure class=\"kb-gallery-figure kadence-blocks-gallery-item-hide-caption\"><div class=\"kb-gal-image-radius\"><div class=\"kb-gallery-image-contain kadence-blocks-gallery-intrinsic kb-gallery-image-ratio-land21 kb-has-image-ratio-land21\" ><img loading=\"lazy\" decoding=\"async\" src=\"https:\/\/pigyki.fr\/wp-content\/uploads\/2023\/06\/images-22.jpeg\" width=\"275\" height=\"183\" alt=\"\" data-full-image=\"https:\/\/pigyki.fr\/wp-content\/uploads\/2023\/06\/images-22.jpeg\" data-light-image=\"https:\/\/pigyki.fr\/wp-content\/uploads\/2023\/06\/images-22.jpeg\" data-id=\"258\" class=\"wp-image-258 skip-lazy\"\/><\/div><\/div><\/figure><\/div><\/div><\/li><li class=\"kb-slide-item kb-gallery-slide-item splide__slide\"><div class=\"kadence-blocks-gallery-item\"><div class=\"kadence-blocks-gallery-item-inner\"><figure class=\"kb-gallery-figure kadence-blocks-gallery-item-hide-caption\"><div class=\"kb-gal-image-radius\"><div class=\"kb-gallery-image-contain kadence-blocks-gallery-intrinsic kb-gallery-image-ratio-land21 kb-has-image-ratio-land21\" ><img loading=\"lazy\" decoding=\"async\" src=\"https:\/\/pigyki.fr\/wp-content\/uploads\/2023\/06\/20230608_184840-scaled-e1686243726388-746x1024.jpg\" width=\"746\" height=\"1024\" alt=\"Christophe Lazerges - Portrait aux yeux grands ouverts\" data-full-image=\"https:\/\/pigyki.fr\/wp-content\/uploads\/2023\/06\/20230608_184840-scaled-e1686243726388.jpg\" data-light-image=\"https:\/\/pigyki.fr\/wp-content\/uploads\/2023\/06\/20230608_184840-scaled-e1686243726388.jpg\" data-id=\"295\" class=\"wp-image-295 skip-lazy\" srcset=\"https:\/\/pigyki.fr\/wp-content\/uploads\/2023\/06\/20230608_184840-scaled-e1686243726388-746x1024.jpg 746w, https:\/\/pigyki.fr\/wp-content\/uploads\/2023\/06\/20230608_184840-scaled-e1686243726388-219x300.jpg 219w, https:\/\/pigyki.fr\/wp-content\/uploads\/2023\/06\/20230608_184840-scaled-e1686243726388-768x1054.jpg 768w, https:\/\/pigyki.fr\/wp-content\/uploads\/2023\/06\/20230608_184840-scaled-e1686243726388-1119x1536.jpg 1119w, https:\/\/pigyki.fr\/wp-content\/uploads\/2023\/06\/20230608_184840-scaled-e1686243726388.jpg 1152w\" sizes=\"auto, (max-width: 746px) 100vw, 746px\" \/><\/div><\/div><\/figure><\/div><\/div><\/li><li class=\"kb-slide-item kb-gallery-slide-item splide__slide\"><div class=\"kadence-blocks-gallery-item\"><div class=\"kadence-blocks-gallery-item-inner\"><figure class=\"kb-gallery-figure kadence-blocks-gallery-item-hide-caption\"><div class=\"kb-gal-image-radius\"><div class=\"kb-gallery-image-contain kadence-blocks-gallery-intrinsic kb-gallery-image-ratio-land21 kb-has-image-ratio-land21\" ><img loading=\"lazy\" decoding=\"async\" src=\"https:\/\/pigyki.fr\/wp-content\/uploads\/2023\/06\/69481748-jeune-homme-qui-dort-dans-un-canape-lit.jpg\" width=\"450\" height=\"300\" alt=\"\" data-full-image=\"https:\/\/pigyki.fr\/wp-content\/uploads\/2023\/06\/69481748-jeune-homme-qui-dort-dans-un-canape-lit.jpg\" data-light-image=\"https:\/\/pigyki.fr\/wp-content\/uploads\/2023\/06\/69481748-jeune-homme-qui-dort-dans-un-canape-lit.jpg\" data-id=\"157\" class=\"wp-image-157 skip-lazy\" srcset=\"https:\/\/pigyki.fr\/wp-content\/uploads\/2023\/06\/69481748-jeune-homme-qui-dort-dans-un-canape-lit.jpg 450w, https:\/\/pigyki.fr\/wp-content\/uploads\/2023\/06\/69481748-jeune-homme-qui-dort-dans-un-canape-lit-300x200.jpg 300w, https:\/\/pigyki.fr\/wp-content\/uploads\/2023\/06\/69481748-jeune-homme-qui-dort-dans-un-canape-lit-421x281.jpg 421w\" sizes=\"auto, (max-width: 450px) 100vw, 450px\" \/><\/div><\/div><\/figure><\/div><\/div><\/li><li class=\"kb-slide-item kb-gallery-slide-item splide__slide\"><div class=\"kadence-blocks-gallery-item\"><div class=\"kadence-blocks-gallery-item-inner\"><figure class=\"kb-gallery-figure kadence-blocks-gallery-item-hide-caption\"><div class=\"kb-gal-image-radius\"><div class=\"kb-gallery-image-contain kadence-blocks-gallery-intrinsic kb-gallery-image-ratio-land21 kb-has-image-ratio-land21\" ><img loading=\"lazy\" decoding=\"async\" src=\"https:\/\/pigyki.fr\/wp-content\/uploads\/2023\/06\/20230608_184924-scaled-e1686243707188-738x1024.jpg\" width=\"738\" height=\"1024\" alt=\"\" data-full-image=\"https:\/\/pigyki.fr\/wp-content\/uploads\/2023\/06\/20230608_184924-scaled-e1686243707188.jpg\" data-light-image=\"https:\/\/pigyki.fr\/wp-content\/uploads\/2023\/06\/20230608_184924-scaled-e1686243707188.jpg\" data-id=\"296\" class=\"wp-image-296 skip-lazy\" srcset=\"https:\/\/pigyki.fr\/wp-content\/uploads\/2023\/06\/20230608_184924-scaled-e1686243707188-738x1024.jpg 738w, https:\/\/pigyki.fr\/wp-content\/uploads\/2023\/06\/20230608_184924-scaled-e1686243707188-216x300.jpg 216w, https:\/\/pigyki.fr\/wp-content\/uploads\/2023\/06\/20230608_184924-scaled-e1686243707188-768x1066.jpg 768w, https:\/\/pigyki.fr\/wp-content\/uploads\/2023\/06\/20230608_184924-scaled-e1686243707188-1107x1536.jpg 1107w, https:\/\/pigyki.fr\/wp-content\/uploads\/2023\/06\/20230608_184924-scaled-e1686243707188.jpg 1152w\" sizes=\"auto, (max-width: 738px) 100vw, 738px\" \/><\/div><\/div><\/figure><\/div><\/div><\/li><li class=\"kb-slide-item kb-gallery-slide-item splide__slide\"><div class=\"kadence-blocks-gallery-item\"><div class=\"kadence-blocks-gallery-item-inner\"><figure class=\"kb-gallery-figure kadence-blocks-gallery-item-hide-caption\"><div class=\"kb-gal-image-radius\"><div class=\"kb-gallery-image-contain kadence-blocks-gallery-intrinsic kb-gallery-image-ratio-land21 kb-has-image-ratio-land21\" ><img loading=\"lazy\" decoding=\"async\" src=\"https:\/\/pigyki.fr\/wp-content\/uploads\/2023\/06\/Famille-canape.jpg\" width=\"480\" height=\"309\" alt=\"\" data-full-image=\"https:\/\/pigyki.fr\/wp-content\/uploads\/2023\/06\/Famille-canape.jpg\" data-light-image=\"https:\/\/pigyki.fr\/wp-content\/uploads\/2023\/06\/Famille-canape.jpg\" data-id=\"34\" class=\"wp-image-34 skip-lazy\" srcset=\"https:\/\/pigyki.fr\/wp-content\/uploads\/2023\/06\/Famille-canape.jpg 480w, https:\/\/pigyki.fr\/wp-content\/uploads\/2023\/06\/Famille-canape-300x193.jpg 300w\" sizes=\"auto, (max-width: 480px) 100vw, 480px\" \/><\/div><\/div><\/figure><\/div><\/div><\/li><\/ul><\/div><\/div><\/div><\/div>","protected":false},"excerpt":{"rendered":"<p>\u00bfPor qu\u00e9 estas escuchas musicales? Ya hay tantas oportunidades y medios para escuchar m\u00fasica, \u00bfpor qu\u00e9 a\u00f1adir algo m\u00e1s a la lista?Al principio, para crear un v\u00ednculo especial entre mis &hellip;<\/p>\n","protected":false},"author":1,"featured_media":157,"parent":0,"menu_order":0,"comment_status":"closed","ping_status":"closed","template":"","meta":{"rop_custom_images_group":[],"rop_custom_messages_group":[],"rop_publish_now":"initial","rop_publish_now_accounts":[],"rop_publish_now_history":[],"rop_publish_now_status":"pending","footnotes":""},"class_list":["post-476","page","type-page","status-publish","has-post-thumbnail","hentry"],"yoast_head":"<!-- This site is optimized with the Yoast SEO plugin v27.4 - https:\/\/yoast.com\/product\/yoast-seo-wordpress\/ -->\n<title>\u00bfEscuchar? - Pigyki<\/title>\n<meta name=\"description\" content=\"Pourquoi et comment \u00e9couter de la musique \u00e0 la maison ? Proposition de Christophe Lazerges.\" \/>\n<meta name=\"robots\" content=\"index, follow, max-snippet:-1, max-image-preview:large, max-video-preview:-1\" \/>\n<link rel=\"canonical\" href=\"https:\/\/pigyki.fr\/index.php\/es\/escuchar\/\" \/>\n<meta property=\"og:locale\" content=\"fr_FR\" \/>\n<meta property=\"og:type\" content=\"article\" \/>\n<meta property=\"og:title\" content=\"\u00bfEscuchar? - Pigyki\" \/>\n<meta property=\"og:description\" content=\"Pourquoi et comment \u00e9couter de la musique \u00e0 la maison ? Proposition de Christophe Lazerges.\" \/>\n<meta property=\"og:url\" content=\"https:\/\/pigyki.fr\/index.php\/es\/escuchar\/\" \/>\n<meta property=\"og:site_name\" content=\"Pigyki\" \/>\n<meta property=\"article:modified_time\" content=\"2023-06-20T08:55:00+00:00\" \/>\n<meta property=\"og:image\" content=\"https:\/\/pigyki.fr\/wp-content\/uploads\/2023\/06\/69481748-jeune-homme-qui-dort-dans-un-canape-lit.jpg\" \/>\n\t<meta property=\"og:image:width\" content=\"450\" \/>\n\t<meta property=\"og:image:height\" content=\"300\" \/>\n\t<meta property=\"og:image:type\" content=\"image\/jpeg\" \/>\n<meta name=\"twitter:card\" content=\"summary_large_image\" \/>\n<meta name=\"twitter:label1\" content=\"Dur\u00e9e de lecture estim\u00e9e\" \/>\n\t<meta name=\"twitter:data1\" content=\"3 minutes\" \/>\n<script type=\"application\/ld+json\" class=\"yoast-schema-graph\">{\"@context\":\"https:\\\/\\\/schema.org\",\"@graph\":[{\"@type\":\"WebPage\",\"@id\":\"https:\\\/\\\/pigyki.fr\\\/index.php\\\/es\\\/escuchar\\\/\",\"url\":\"https:\\\/\\\/pigyki.fr\\\/index.php\\\/es\\\/escuchar\\\/\",\"name\":\"\u00bfEscuchar? - Pigyki\",\"isPartOf\":{\"@id\":\"https:\\\/\\\/pigyki.fr\\\/#website\"},\"primaryImageOfPage\":{\"@id\":\"https:\\\/\\\/pigyki.fr\\\/index.php\\\/es\\\/escuchar\\\/#primaryimage\"},\"image\":{\"@id\":\"https:\\\/\\\/pigyki.fr\\\/index.php\\\/es\\\/escuchar\\\/#primaryimage\"},\"thumbnailUrl\":\"https:\\\/\\\/pigyki.fr\\\/wp-content\\\/uploads\\\/2023\\\/06\\\/69481748-jeune-homme-qui-dort-dans-un-canape-lit.jpg\",\"datePublished\":\"2023-06-20T08:54:06+00:00\",\"dateModified\":\"2023-06-20T08:55:00+00:00\",\"description\":\"Pourquoi et comment \u00e9couter de la musique \u00e0 la maison ? Proposition de Christophe Lazerges.\",\"breadcrumb\":{\"@id\":\"https:\\\/\\\/pigyki.fr\\\/index.php\\\/es\\\/escuchar\\\/#breadcrumb\"},\"inLanguage\":\"fr-FR\",\"potentialAction\":[{\"@type\":\"ReadAction\",\"target\":[\"https:\\\/\\\/pigyki.fr\\\/index.php\\\/es\\\/escuchar\\\/\"]}]},{\"@type\":\"ImageObject\",\"inLanguage\":\"fr-FR\",\"@id\":\"https:\\\/\\\/pigyki.fr\\\/index.php\\\/es\\\/escuchar\\\/#primaryimage\",\"url\":\"https:\\\/\\\/pigyki.fr\\\/wp-content\\\/uploads\\\/2023\\\/06\\\/69481748-jeune-homme-qui-dort-dans-un-canape-lit.jpg\",\"contentUrl\":\"https:\\\/\\\/pigyki.fr\\\/wp-content\\\/uploads\\\/2023\\\/06\\\/69481748-jeune-homme-qui-dort-dans-un-canape-lit.jpg\",\"width\":450,\"height\":300},{\"@type\":\"BreadcrumbList\",\"@id\":\"https:\\\/\\\/pigyki.fr\\\/index.php\\\/es\\\/escuchar\\\/#breadcrumb\",\"itemListElement\":[{\"@type\":\"ListItem\",\"position\":1,\"name\":\"Accueil\",\"item\":\"https:\\\/\\\/pigyki.fr\\\/\"},{\"@type\":\"ListItem\",\"position\":2,\"name\":\"\u00bfEscuchar?\"}]},{\"@type\":\"WebSite\",\"@id\":\"https:\\\/\\\/pigyki.fr\\\/#website\",\"url\":\"https:\\\/\\\/pigyki.fr\\\/\",\"name\":\"Pigyki\",\"description\":\"C.L. al fine\",\"publisher\":{\"@id\":\"https:\\\/\\\/pigyki.fr\\\/#\\\/schema\\\/person\\\/69b76bc8a17bddaf3ffd40d3cc9a4161\"},\"potentialAction\":[{\"@type\":\"SearchAction\",\"target\":{\"@type\":\"EntryPoint\",\"urlTemplate\":\"https:\\\/\\\/pigyki.fr\\\/?s={search_term_string}\"},\"query-input\":{\"@type\":\"PropertyValueSpecification\",\"valueRequired\":true,\"valueName\":\"search_term_string\"}}],\"inLanguage\":\"fr-FR\"},{\"@type\":[\"Person\",\"Organization\"],\"@id\":\"https:\\\/\\\/pigyki.fr\\\/#\\\/schema\\\/person\\\/69b76bc8a17bddaf3ffd40d3cc9a4161\",\"name\":\"Pigyki\",\"image\":{\"@type\":\"ImageObject\",\"inLanguage\":\"fr-FR\",\"@id\":\"https:\\\/\\\/pigyki.fr\\\/wp-content\\\/uploads\\\/2023\\\/06\\\/Logo-CL.jpg\",\"url\":\"https:\\\/\\\/pigyki.fr\\\/wp-content\\\/uploads\\\/2023\\\/06\\\/Logo-CL.jpg\",\"contentUrl\":\"https:\\\/\\\/pigyki.fr\\\/wp-content\\\/uploads\\\/2023\\\/06\\\/Logo-CL.jpg\",\"width\":524,\"height\":586,\"caption\":\"Pigyki\"},\"logo\":{\"@id\":\"https:\\\/\\\/pigyki.fr\\\/wp-content\\\/uploads\\\/2023\\\/06\\\/Logo-CL.jpg\"},\"sameAs\":[\"http:\\\/\\\/pigyki.fr\"]}]}<\/script>\n<!-- \/ Yoast SEO plugin. -->","yoast_head_json":{"title":"\u00bfEscuchar? - Pigyki","description":"Pourquoi et comment \u00e9couter de la musique \u00e0 la maison ? Proposition de Christophe Lazerges.","robots":{"index":"index","follow":"follow","max-snippet":"max-snippet:-1","max-image-preview":"max-image-preview:large","max-video-preview":"max-video-preview:-1"},"canonical":"https:\/\/pigyki.fr\/index.php\/es\/escuchar\/","og_locale":"fr_FR","og_type":"article","og_title":"\u00bfEscuchar? - Pigyki","og_description":"Pourquoi et comment \u00e9couter de la musique \u00e0 la maison ? Proposition de Christophe Lazerges.","og_url":"https:\/\/pigyki.fr\/index.php\/es\/escuchar\/","og_site_name":"Pigyki","article_modified_time":"2023-06-20T08:55:00+00:00","og_image":[{"width":450,"height":300,"url":"https:\/\/pigyki.fr\/wp-content\/uploads\/2023\/06\/69481748-jeune-homme-qui-dort-dans-un-canape-lit.jpg","type":"image\/jpeg"}],"twitter_card":"summary_large_image","twitter_misc":{"Dur\u00e9e de lecture estim\u00e9e":"3 minutes"},"schema":{"@context":"https:\/\/schema.org","@graph":[{"@type":"WebPage","@id":"https:\/\/pigyki.fr\/index.php\/es\/escuchar\/","url":"https:\/\/pigyki.fr\/index.php\/es\/escuchar\/","name":"\u00bfEscuchar? - Pigyki","isPartOf":{"@id":"https:\/\/pigyki.fr\/#website"},"primaryImageOfPage":{"@id":"https:\/\/pigyki.fr\/index.php\/es\/escuchar\/#primaryimage"},"image":{"@id":"https:\/\/pigyki.fr\/index.php\/es\/escuchar\/#primaryimage"},"thumbnailUrl":"https:\/\/pigyki.fr\/wp-content\/uploads\/2023\/06\/69481748-jeune-homme-qui-dort-dans-un-canape-lit.jpg","datePublished":"2023-06-20T08:54:06+00:00","dateModified":"2023-06-20T08:55:00+00:00","description":"Pourquoi et comment \u00e9couter de la musique \u00e0 la maison ? Proposition de Christophe Lazerges.","breadcrumb":{"@id":"https:\/\/pigyki.fr\/index.php\/es\/escuchar\/#breadcrumb"},"inLanguage":"fr-FR","potentialAction":[{"@type":"ReadAction","target":["https:\/\/pigyki.fr\/index.php\/es\/escuchar\/"]}]},{"@type":"ImageObject","inLanguage":"fr-FR","@id":"https:\/\/pigyki.fr\/index.php\/es\/escuchar\/#primaryimage","url":"https:\/\/pigyki.fr\/wp-content\/uploads\/2023\/06\/69481748-jeune-homme-qui-dort-dans-un-canape-lit.jpg","contentUrl":"https:\/\/pigyki.fr\/wp-content\/uploads\/2023\/06\/69481748-jeune-homme-qui-dort-dans-un-canape-lit.jpg","width":450,"height":300},{"@type":"BreadcrumbList","@id":"https:\/\/pigyki.fr\/index.php\/es\/escuchar\/#breadcrumb","itemListElement":[{"@type":"ListItem","position":1,"name":"Accueil","item":"https:\/\/pigyki.fr\/"},{"@type":"ListItem","position":2,"name":"\u00bfEscuchar?"}]},{"@type":"WebSite","@id":"https:\/\/pigyki.fr\/#website","url":"https:\/\/pigyki.fr\/","name":"Pigyki","description":"C.L. al fine","publisher":{"@id":"https:\/\/pigyki.fr\/#\/schema\/person\/69b76bc8a17bddaf3ffd40d3cc9a4161"},"potentialAction":[{"@type":"SearchAction","target":{"@type":"EntryPoint","urlTemplate":"https:\/\/pigyki.fr\/?s={search_term_string}"},"query-input":{"@type":"PropertyValueSpecification","valueRequired":true,"valueName":"search_term_string"}}],"inLanguage":"fr-FR"},{"@type":["Person","Organization"],"@id":"https:\/\/pigyki.fr\/#\/schema\/person\/69b76bc8a17bddaf3ffd40d3cc9a4161","name":"Pigyki","image":{"@type":"ImageObject","inLanguage":"fr-FR","@id":"https:\/\/pigyki.fr\/wp-content\/uploads\/2023\/06\/Logo-CL.jpg","url":"https:\/\/pigyki.fr\/wp-content\/uploads\/2023\/06\/Logo-CL.jpg","contentUrl":"https:\/\/pigyki.fr\/wp-content\/uploads\/2023\/06\/Logo-CL.jpg","width":524,"height":586,"caption":"Pigyki"},"logo":{"@id":"https:\/\/pigyki.fr\/wp-content\/uploads\/2023\/06\/Logo-CL.jpg"},"sameAs":["http:\/\/pigyki.fr"]}]}},"_links":{"self":[{"href":"https:\/\/pigyki.fr\/index.php\/wp-json\/wp\/v2\/pages\/476","targetHints":{"allow":["GET"]}}],"collection":[{"href":"https:\/\/pigyki.fr\/index.php\/wp-json\/wp\/v2\/pages"}],"about":[{"href":"https:\/\/pigyki.fr\/index.php\/wp-json\/wp\/v2\/types\/page"}],"author":[{"embeddable":true,"href":"https:\/\/pigyki.fr\/index.php\/wp-json\/wp\/v2\/users\/1"}],"replies":[{"embeddable":true,"href":"https:\/\/pigyki.fr\/index.php\/wp-json\/wp\/v2\/comments?post=476"}],"version-history":[{"count":3,"href":"https:\/\/pigyki.fr\/index.php\/wp-json\/wp\/v2\/pages\/476\/revisions"}],"predecessor-version":[{"id":479,"href":"https:\/\/pigyki.fr\/index.php\/wp-json\/wp\/v2\/pages\/476\/revisions\/479"}],"wp:featuredmedia":[{"embeddable":true,"href":"https:\/\/pigyki.fr\/index.php\/wp-json\/wp\/v2\/media\/157"}],"wp:attachment":[{"href":"https:\/\/pigyki.fr\/index.php\/wp-json\/wp\/v2\/media?parent=476"}],"curies":[{"name":"wp","href":"https:\/\/api.w.org\/{rel}","templated":true}]}}