{"id":468,"date":"2023-06-20T10:28:48","date_gmt":"2023-06-20T08:28:48","guid":{"rendered":"https:\/\/pigyki.fr\/?page_id=468"},"modified":"2025-07-21T23:32:59","modified_gmt":"2025-07-21T21:32:59","slug":"biografia-es","status":"publish","type":"page","link":"https:\/\/pigyki.fr\/index.php\/es\/biografia-es\/","title":{"rendered":"Christophe Lazerges"},"content":{"rendered":"\n<p>Tras sus inicios en la Ville de Paris de 1979 a 1983 como Profesor de educaci\u00f3n musical interviniendo en escuelas infantiles y primarias, luego en la \u00c9cole Nationale de Musique de la Creuse como profesor de Formaci\u00f3n Musical de 1983 a 1986, se uni\u00f3 a Lyon donde lo solicitaba Jacques Chapuis, Presidente de la AIEM Willems.<\/p>\n\n\n\n<div class=\"wp-block-media-text alignwide is-stacked-on-mobile is-image-fill-element\" style=\"grid-template-columns:24% auto\"><figure class=\"wp-block-media-text__media\"><img loading=\"lazy\" decoding=\"async\" width=\"746\" height=\"1024\" src=\"https:\/\/pigyki.fr\/wp-content\/uploads\/2023\/09\/20230608_184840-scaled-e1686243726388-746x1024.jpg\" alt=\"\" class=\"wp-image-734 size-full\" style=\"object-position:50% 50%\" srcset=\"https:\/\/pigyki.fr\/wp-content\/uploads\/2023\/09\/20230608_184840-scaled-e1686243726388-746x1024.jpg 746w, https:\/\/pigyki.fr\/wp-content\/uploads\/2023\/09\/20230608_184840-scaled-e1686243726388-219x300.jpg 219w, https:\/\/pigyki.fr\/wp-content\/uploads\/2023\/09\/20230608_184840-scaled-e1686243726388-768x1054.jpg 768w, https:\/\/pigyki.fr\/wp-content\/uploads\/2023\/09\/20230608_184840-scaled-e1686243726388-1119x1536.jpg 1119w, https:\/\/pigyki.fr\/wp-content\/uploads\/2023\/09\/20230608_184840-scaled-e1686243726388.jpg 1152w\" sizes=\"auto, (max-width: 746px) 100vw, 746px\" \/><\/figure><div class=\"wp-block-media-text__content\">\n<p class=\"has-normal-font-size\">Cofundador bajo la \u00e9gida de la AIEM Willems, y actor principal de la escuela de m\u00fasica <strong><em>Rym\u00e9a*<\/em><\/strong> en Lyon de 1987 a 2023, que dirigi\u00f3 de 1991 a 2020, Christophe Lazerges ha adquirido una gran experiencia en la pr\u00e1ctica pedag\u00f3gica Willems\u00ae con p\u00fablicos variados.<\/p>\n\n\n\n<p class=\"has-normal-font-size\">Especialista en la primera infancia desde los 3 a\u00f1os en Rym\u00e9a, intervino tambi\u00e9n durante unos quince a\u00f1os en guarder\u00edas con beb\u00e9s desde los 4 meses, y 10 a\u00f1os en la escuela Montessori de Lyon (infantil y primaria). De 2013 a 2019 intervino, siempre en nombre de Rym\u00e9a, con los ni\u00f1os (alumnos de primaria y secundaria) del coro \u201cPetits chanteurs de Lyon\u201d.<\/p>\n<\/div><\/div>\n\n\n\n<p>Es pues en <strong><em>Rym\u00e9a<\/em><\/strong> donde ha realizado esencialmente su carrera, ense\u00f1ando a ni\u00f1os, adolescentes y adultos solfeo, piano y canto coral, as\u00ed como a ni\u00f1os y j\u00f3venes adultos con discapacidades severas.<\/p>\n\n\n\n<p class=\"has-normal-font-size\">Paralelamente, trabaj\u00f3 en estrecha colaboraci\u00f3n con Jacques Chapuis para las formaciones Willems\u00ae de Lyon y Par\u00eds.<br>De 2008 a 2012 fue elegido Presidente de la AIEM Willems, contribuyendo a la renovaci\u00f3n del Movimiento Willems<sup>\u00ae<\/sup> desarroll\u00e1ndolo en Federaci\u00f3n Internacional Willems<sup>\u00ae<\/sup> (FIW), registrando el nombre Willems protegido desde entonces por <sup>\u00ae<\/sup>, y devolviendo la pedagog\u00eda pr\u00e1ctica al centro de la formaci\u00f3n de profesores utilizando el v\u00eddeo como herramienta de formaci\u00f3n y control.<\/p>\n\n\n\n<p>A nivel internacional, ha dado conferencias y cursos en Espa\u00f1a, Portugal, Brasil, M\u00e9xico, Colombia y Eslovenia. De 2009 a 2019, estuvo particularmente activo en Colombia, donde contribuy\u00f3 a la creaci\u00f3n de un nuevo centro de formaci\u00f3n Willems<sup>\u00ae<\/sup> en Medell\u00edn. De 2016 a 2020, tambi\u00e9n estuvo frecuentemente implicado en las formaciones Willems<sup>\u00ae<\/sup> en Eslovenia.<\/p>\n\n\n\n<p>Miembro del Consejo de Administraci\u00f3n del Movimiento Willems<sup>\u00ae<\/sup> durante unos treinta a\u00f1os, dimiti\u00f3 en julio de 2023 durante su \u00faltimo Congreso en Italia.<\/p>\n\n\n\n<div class=\"wp-block-media-text has-media-on-the-right is-stacked-on-mobile is-image-fill-element\" style=\"grid-template-columns:auto 27%\"><div class=\"wp-block-media-text__content\">\n<p>Retirado de la direcci\u00f3n de Rym\u00e9a en 2020, sin embargo, continu\u00f3 all\u00ed su actividad como profesor freelance durante 3 a\u00f1os para acompa\u00f1ar a su sucesor en la direcci\u00f3n de la escuela, dej\u00e1ndole tiempo para formarse en la pedagog\u00eda Willems\u00ae y en la gesti\u00f3n de la escuela.<\/p>\n\n\n\n<p>Asegur\u00f3 conjuntamente e \u00edntegramente hasta 2023 la formaci\u00f3n de la primera promoci\u00f3n de la nueva versi\u00f3n del Diploma Willems\u00ae en 2 a\u00f1os en lugar de 3, reforma en la que colabor\u00f3 estrechamente con B\u00e9atrice Chapuis-Westphal.<\/p>\n<\/div><figure class=\"wp-block-media-text__media\"><img loading=\"lazy\" decoding=\"async\" width=\"738\" height=\"1024\" src=\"https:\/\/pigyki.fr\/wp-content\/uploads\/2023\/09\/20230608_185030-scaled-e1686243681235-738x1024.jpg\" alt=\"\" class=\"wp-image-732 size-full\" style=\"object-position:50% 50%\" srcset=\"https:\/\/pigyki.fr\/wp-content\/uploads\/2023\/09\/20230608_185030-scaled-e1686243681235-738x1024.jpg 738w, https:\/\/pigyki.fr\/wp-content\/uploads\/2023\/09\/20230608_185030-scaled-e1686243681235-216x300.jpg 216w, https:\/\/pigyki.fr\/wp-content\/uploads\/2023\/09\/20230608_185030-scaled-e1686243681235-768x1065.jpg 768w, https:\/\/pigyki.fr\/wp-content\/uploads\/2023\/09\/20230608_185030-scaled-e1686243681235-1107x1536.jpg 1107w, https:\/\/pigyki.fr\/wp-content\/uploads\/2023\/09\/20230608_185030-scaled-e1686243681235.jpg 1150w\" sizes=\"auto, (max-width: 738px) 100vw, 738px\" \/><\/figure><\/div>\n\n\n\n<p>Cuenta as\u00ed con 44 a\u00f1os de carrera, compartiendo con gusto su experiencia sin dejar de cuestionar los principios fundamentales de la ense\u00f1anza, que considera un arte vivo.<\/p>\n\n\n\n<p style=\"font-size:14px\">*<strong><em>La escuela Willems<sup>\u00ae<\/sup> Rym\u00e9a<\/em><\/strong> fue creada en Lyon en 1987 por la AIEM Willems<sup>\u00ae<\/sup> bajo la direcci\u00f3n de Jacques Chapuis como escuela piloto con un programa de ense\u00f1anza basado exclusivamente en el m\u00e9todo Willems<sup>\u00ae<\/sup>.<\/p>\n\n\n\n<hr class=\"wp-block-separator has-alpha-channel-opacity\"\/>\n","protected":false},"excerpt":{"rendered":"<p>Tras sus inicios en la Ville de Paris de 1979 a 1983 como Profesor de educaci\u00f3n musical interviniendo en escuelas infantiles y primarias, luego en la \u00c9cole Nationale de Musique &hellip;<\/p>\n","protected":false},"author":1,"featured_media":735,"parent":0,"menu_order":0,"comment_status":"closed","ping_status":"closed","template":"","meta":{"rop_custom_images_group":[],"rop_custom_messages_group":[],"rop_publish_now":"initial","rop_publish_now_accounts":[],"rop_publish_now_history":[],"rop_publish_now_status":"pending","footnotes":""},"class_list":["post-468","page","type-page","status-publish","has-post-thumbnail","hentry"],"yoast_head":"<!-- This site is optimized with the Yoast SEO plugin v27.4 - https:\/\/yoast.com\/product\/yoast-seo-wordpress\/ -->\n<title>Christophe Lazerges - Pigyki %<\/title>\n<meta name=\"description\" content=\"Biograf\u00eda de Christophe Lazerges - Profesor de educaci\u00f3n musical infantil y especialista en pedagog\u00eda Willems\" \/>\n<meta name=\"robots\" content=\"index, follow, max-snippet:-1, max-image-preview:large, max-video-preview:-1\" \/>\n<link rel=\"canonical\" href=\"https:\/\/pigyki.fr\/index.php\/es\/biografia-es\/\" \/>\n<meta property=\"og:locale\" content=\"fr_FR\" \/>\n<meta property=\"og:type\" content=\"article\" \/>\n<meta property=\"og:title\" content=\"Christophe Lazerges - Pigyki %\" \/>\n<meta property=\"og:description\" content=\"Biograf\u00eda de Christophe Lazerges - Profesor de educaci\u00f3n musical infantil y especialista en pedagog\u00eda Willems\" \/>\n<meta property=\"og:url\" content=\"https:\/\/pigyki.fr\/index.php\/es\/biografia-es\/\" \/>\n<meta property=\"og:site_name\" content=\"Pigyki\" \/>\n<meta property=\"article:modified_time\" content=\"2025-07-21T21:32:59+00:00\" \/>\n<meta property=\"og:image\" content=\"https:\/\/pigyki.fr\/wp-content\/uploads\/2023\/09\/20230608_184924-scaled-e1686243707188.jpg\" \/>\n\t<meta property=\"og:image:width\" content=\"1152\" \/>\n\t<meta property=\"og:image:height\" content=\"1599\" \/>\n\t<meta property=\"og:image:type\" content=\"image\/jpeg\" \/>\n<meta name=\"twitter:card\" content=\"summary_large_image\" \/>\n<meta name=\"twitter:label1\" content=\"Dur\u00e9e de lecture estim\u00e9e\" \/>\n\t<meta name=\"twitter:data1\" content=\"4 minutes\" \/>\n<script type=\"application\/ld+json\" class=\"yoast-schema-graph\">{\"@context\":\"https:\\\/\\\/schema.org\",\"@graph\":[{\"@type\":\"WebPage\",\"@id\":\"https:\\\/\\\/pigyki.fr\\\/index.php\\\/es\\\/biografia-es\\\/\",\"url\":\"https:\\\/\\\/pigyki.fr\\\/index.php\\\/es\\\/biografia-es\\\/\",\"name\":\"Christophe Lazerges - Pigyki %\",\"isPartOf\":{\"@id\":\"https:\\\/\\\/pigyki.fr\\\/#website\"},\"primaryImageOfPage\":{\"@id\":\"https:\\\/\\\/pigyki.fr\\\/index.php\\\/es\\\/biografia-es\\\/#primaryimage\"},\"image\":{\"@id\":\"https:\\\/\\\/pigyki.fr\\\/index.php\\\/es\\\/biografia-es\\\/#primaryimage\"},\"thumbnailUrl\":\"https:\\\/\\\/pigyki.fr\\\/wp-content\\\/uploads\\\/2023\\\/09\\\/20230608_184924-scaled-e1686243707188.jpg\",\"datePublished\":\"2023-06-20T08:28:48+00:00\",\"dateModified\":\"2025-07-21T21:32:59+00:00\",\"description\":\"Biograf\u00eda de Christophe Lazerges - Profesor de educaci\u00f3n musical infantil y especialista en pedagog\u00eda Willems\",\"breadcrumb\":{\"@id\":\"https:\\\/\\\/pigyki.fr\\\/index.php\\\/es\\\/biografia-es\\\/#breadcrumb\"},\"inLanguage\":\"fr-FR\",\"potentialAction\":[{\"@type\":\"ReadAction\",\"target\":[\"https:\\\/\\\/pigyki.fr\\\/index.php\\\/es\\\/biografia-es\\\/\"]}]},{\"@type\":\"ImageObject\",\"inLanguage\":\"fr-FR\",\"@id\":\"https:\\\/\\\/pigyki.fr\\\/index.php\\\/es\\\/biografia-es\\\/#primaryimage\",\"url\":\"https:\\\/\\\/pigyki.fr\\\/wp-content\\\/uploads\\\/2023\\\/09\\\/20230608_184924-scaled-e1686243707188.jpg\",\"contentUrl\":\"https:\\\/\\\/pigyki.fr\\\/wp-content\\\/uploads\\\/2023\\\/09\\\/20230608_184924-scaled-e1686243707188.jpg\",\"width\":1152,\"height\":1599},{\"@type\":\"BreadcrumbList\",\"@id\":\"https:\\\/\\\/pigyki.fr\\\/index.php\\\/es\\\/biografia-es\\\/#breadcrumb\",\"itemListElement\":[{\"@type\":\"ListItem\",\"position\":1,\"name\":\"Accueil\",\"item\":\"https:\\\/\\\/pigyki.fr\\\/\"},{\"@type\":\"ListItem\",\"position\":2,\"name\":\"Christophe Lazerges\"}]},{\"@type\":\"WebSite\",\"@id\":\"https:\\\/\\\/pigyki.fr\\\/#website\",\"url\":\"https:\\\/\\\/pigyki.fr\\\/\",\"name\":\"Pigyki\",\"description\":\"C.L. al fine\",\"publisher\":{\"@id\":\"https:\\\/\\\/pigyki.fr\\\/#\\\/schema\\\/person\\\/69b76bc8a17bddaf3ffd40d3cc9a4161\"},\"potentialAction\":[{\"@type\":\"SearchAction\",\"target\":{\"@type\":\"EntryPoint\",\"urlTemplate\":\"https:\\\/\\\/pigyki.fr\\\/?s={search_term_string}\"},\"query-input\":{\"@type\":\"PropertyValueSpecification\",\"valueRequired\":true,\"valueName\":\"search_term_string\"}}],\"inLanguage\":\"fr-FR\"},{\"@type\":[\"Person\",\"Organization\"],\"@id\":\"https:\\\/\\\/pigyki.fr\\\/#\\\/schema\\\/person\\\/69b76bc8a17bddaf3ffd40d3cc9a4161\",\"name\":\"Pigyki\",\"image\":{\"@type\":\"ImageObject\",\"inLanguage\":\"fr-FR\",\"@id\":\"https:\\\/\\\/pigyki.fr\\\/wp-content\\\/uploads\\\/2023\\\/06\\\/Logo-CL.jpg\",\"url\":\"https:\\\/\\\/pigyki.fr\\\/wp-content\\\/uploads\\\/2023\\\/06\\\/Logo-CL.jpg\",\"contentUrl\":\"https:\\\/\\\/pigyki.fr\\\/wp-content\\\/uploads\\\/2023\\\/06\\\/Logo-CL.jpg\",\"width\":524,\"height\":586,\"caption\":\"Pigyki\"},\"logo\":{\"@id\":\"https:\\\/\\\/pigyki.fr\\\/wp-content\\\/uploads\\\/2023\\\/06\\\/Logo-CL.jpg\"},\"sameAs\":[\"http:\\\/\\\/pigyki.fr\"]}]}<\/script>\n<!-- \/ Yoast SEO plugin. -->","yoast_head_json":{"title":"Christophe Lazerges - Pigyki %","description":"Biograf\u00eda de Christophe Lazerges - Profesor de educaci\u00f3n musical infantil y especialista en pedagog\u00eda Willems","robots":{"index":"index","follow":"follow","max-snippet":"max-snippet:-1","max-image-preview":"max-image-preview:large","max-video-preview":"max-video-preview:-1"},"canonical":"https:\/\/pigyki.fr\/index.php\/es\/biografia-es\/","og_locale":"fr_FR","og_type":"article","og_title":"Christophe Lazerges - Pigyki %","og_description":"Biograf\u00eda de Christophe Lazerges - Profesor de educaci\u00f3n musical infantil y especialista en pedagog\u00eda Willems","og_url":"https:\/\/pigyki.fr\/index.php\/es\/biografia-es\/","og_site_name":"Pigyki","article_modified_time":"2025-07-21T21:32:59+00:00","og_image":[{"width":1152,"height":1599,"url":"https:\/\/pigyki.fr\/wp-content\/uploads\/2023\/09\/20230608_184924-scaled-e1686243707188.jpg","type":"image\/jpeg"}],"twitter_card":"summary_large_image","twitter_misc":{"Dur\u00e9e de lecture estim\u00e9e":"4 minutes"},"schema":{"@context":"https:\/\/schema.org","@graph":[{"@type":"WebPage","@id":"https:\/\/pigyki.fr\/index.php\/es\/biografia-es\/","url":"https:\/\/pigyki.fr\/index.php\/es\/biografia-es\/","name":"Christophe Lazerges - Pigyki %","isPartOf":{"@id":"https:\/\/pigyki.fr\/#website"},"primaryImageOfPage":{"@id":"https:\/\/pigyki.fr\/index.php\/es\/biografia-es\/#primaryimage"},"image":{"@id":"https:\/\/pigyki.fr\/index.php\/es\/biografia-es\/#primaryimage"},"thumbnailUrl":"https:\/\/pigyki.fr\/wp-content\/uploads\/2023\/09\/20230608_184924-scaled-e1686243707188.jpg","datePublished":"2023-06-20T08:28:48+00:00","dateModified":"2025-07-21T21:32:59+00:00","description":"Biograf\u00eda de Christophe Lazerges - Profesor de educaci\u00f3n musical infantil y especialista en pedagog\u00eda Willems","breadcrumb":{"@id":"https:\/\/pigyki.fr\/index.php\/es\/biografia-es\/#breadcrumb"},"inLanguage":"fr-FR","potentialAction":[{"@type":"ReadAction","target":["https:\/\/pigyki.fr\/index.php\/es\/biografia-es\/"]}]},{"@type":"ImageObject","inLanguage":"fr-FR","@id":"https:\/\/pigyki.fr\/index.php\/es\/biografia-es\/#primaryimage","url":"https:\/\/pigyki.fr\/wp-content\/uploads\/2023\/09\/20230608_184924-scaled-e1686243707188.jpg","contentUrl":"https:\/\/pigyki.fr\/wp-content\/uploads\/2023\/09\/20230608_184924-scaled-e1686243707188.jpg","width":1152,"height":1599},{"@type":"BreadcrumbList","@id":"https:\/\/pigyki.fr\/index.php\/es\/biografia-es\/#breadcrumb","itemListElement":[{"@type":"ListItem","position":1,"name":"Accueil","item":"https:\/\/pigyki.fr\/"},{"@type":"ListItem","position":2,"name":"Christophe Lazerges"}]},{"@type":"WebSite","@id":"https:\/\/pigyki.fr\/#website","url":"https:\/\/pigyki.fr\/","name":"Pigyki","description":"C.L. al fine","publisher":{"@id":"https:\/\/pigyki.fr\/#\/schema\/person\/69b76bc8a17bddaf3ffd40d3cc9a4161"},"potentialAction":[{"@type":"SearchAction","target":{"@type":"EntryPoint","urlTemplate":"https:\/\/pigyki.fr\/?s={search_term_string}"},"query-input":{"@type":"PropertyValueSpecification","valueRequired":true,"valueName":"search_term_string"}}],"inLanguage":"fr-FR"},{"@type":["Person","Organization"],"@id":"https:\/\/pigyki.fr\/#\/schema\/person\/69b76bc8a17bddaf3ffd40d3cc9a4161","name":"Pigyki","image":{"@type":"ImageObject","inLanguage":"fr-FR","@id":"https:\/\/pigyki.fr\/wp-content\/uploads\/2023\/06\/Logo-CL.jpg","url":"https:\/\/pigyki.fr\/wp-content\/uploads\/2023\/06\/Logo-CL.jpg","contentUrl":"https:\/\/pigyki.fr\/wp-content\/uploads\/2023\/06\/Logo-CL.jpg","width":524,"height":586,"caption":"Pigyki"},"logo":{"@id":"https:\/\/pigyki.fr\/wp-content\/uploads\/2023\/06\/Logo-CL.jpg"},"sameAs":["http:\/\/pigyki.fr"]}]}},"_links":{"self":[{"href":"https:\/\/pigyki.fr\/index.php\/wp-json\/wp\/v2\/pages\/468","targetHints":{"allow":["GET"]}}],"collection":[{"href":"https:\/\/pigyki.fr\/index.php\/wp-json\/wp\/v2\/pages"}],"about":[{"href":"https:\/\/pigyki.fr\/index.php\/wp-json\/wp\/v2\/types\/page"}],"author":[{"embeddable":true,"href":"https:\/\/pigyki.fr\/index.php\/wp-json\/wp\/v2\/users\/1"}],"replies":[{"embeddable":true,"href":"https:\/\/pigyki.fr\/index.php\/wp-json\/wp\/v2\/comments?post=468"}],"version-history":[{"count":13,"href":"https:\/\/pigyki.fr\/index.php\/wp-json\/wp\/v2\/pages\/468\/revisions"}],"predecessor-version":[{"id":6101,"href":"https:\/\/pigyki.fr\/index.php\/wp-json\/wp\/v2\/pages\/468\/revisions\/6101"}],"wp:featuredmedia":[{"embeddable":true,"href":"https:\/\/pigyki.fr\/index.php\/wp-json\/wp\/v2\/media\/735"}],"wp:attachment":[{"href":"https:\/\/pigyki.fr\/index.php\/wp-json\/wp\/v2\/media?parent=468"}],"curies":[{"name":"wp","href":"https:\/\/api.w.org\/{rel}","templated":true}]}}