{"id":462,"date":"2023-06-20T10:15:50","date_gmt":"2023-06-20T08:15:50","guid":{"rendered":"https:\/\/pigyki.fr\/?page_id=462"},"modified":"2025-06-19T17:44:43","modified_gmt":"2025-06-19T15:44:43","slug":"catalogue","status":"publish","type":"page","link":"https:\/\/pigyki.fr\/index.php\/catalogue\/","title":{"rendered":"Catalogue des compositions"},"content":{"rendered":"\n<p>Tout au long de ma carri\u00e8re p\u00e9dagogique, j&rsquo;ai \u00e9crit de courtes chansons pour mes \u00e9l\u00e8ves, notamment pour la reconnaissance des accords diminu\u00e9 et augment\u00e9.<\/p>\n\n\n\n<p>Puis j&rsquo;ai \u00e9crit un mini-conte musical qui m&rsquo;a inspir\u00e9 la mise en musique des histoires du P\u00e8re Castor et des contes qui ont accompagn\u00e9 mon enfance (et celle de mes enfants), et enfin des cr\u00e9ations compl\u00e8tes.<br>Plus r\u00e9cemment, j&rsquo;ai mis en musique 3 fables de La Fontaine pour 3 voix mixtes.<\/p>\n\n\n\n<p>Voici le catalogue de mes compositions :<\/p>\n\n\n\n<h3 class=\"wp-block-heading\">Chansons<\/h3>\n\n\n\n<ul class=\"wp-block-list\">\n<li>Le 8 D\u00e9cembre \u00e0 Lyon<\/li>\n\n\n\n<li>No\u00ebl (mini canon pour petits enfants)<\/li>\n\n\n\n<li>A gla-gla<\/li>\n\n\n\n<li>Oh la-la !<\/li>\n\n\n\n<li><strong><em><a href=\"https:\/\/youtu.be\/KrQ_RH2t4jY\" target=\"_blank\" rel=\"noreferrer noopener\">Brouillard<\/a><\/em><\/strong> (pour l&rsquo;accord diminu\u00e9)<\/li>\n\n\n\n<li><strong><em><a href=\"https:\/\/pigyki.fr\/wp-content\/uploads\/2024\/12\/Trottinette.mp3\" target=\"_blank\" rel=\"noreferrer noopener\">Trottinette<\/a><\/em><\/strong> (pour l&rsquo;accord diminu\u00e9)<\/li>\n\n\n\n<li><strong><em><a href=\"https:\/\/pigyki.fr\/wp-content\/uploads\/2024\/12\/Attention.mp3\" target=\"_blank\" rel=\"noreferrer noopener\">Attention ! <\/a><\/em><\/strong>(pour l&rsquo;accord Augment\u00e9\u2013 Fondamental)<\/li>\n\n\n\n<li>La balan\u00e7oire (pour l&rsquo;accord Augment\u00e9 \u2013 1\u00b0 renversement)<\/li>\n\n\n\n<li>Le soleil (pour l&rsquo;accord Augment\u00e9 \u2013 2\u00b0 renversement)<\/li>\n<\/ul>\n\n\n\n<h3 class=\"wp-block-heading\">Contes musicaux pour jeunes enfants (de 3 \u00e0 6 ans)<\/h3>\n\n\n\n<ul class=\"wp-block-list\">\n<li>J&rsquo;ai perdu mon Doudou<\/li>\n\n\n\n<li>La ch\u00e8vre et les biquets<\/li>\n<\/ul>\n\n\n\n<p class=\"has-text-align-center\"><strong>La ch\u00e8vre et les biquets &#8211; Voix et synth\u00e9.<\/strong><\/p>\n\n\n\n<figure class=\"wp-block-audio\"><audio controls src=\"https:\/\/pigyki.fr\/wp-content\/uploads\/2024\/02\/1-Piste-01.mp3\"><\/audio><\/figure>\n\n\n\n<figure class=\"wp-block-audio\"><audio controls src=\"https:\/\/pigyki.fr\/wp-content\/uploads\/2024\/02\/2-Piste-02.mp3\"><\/audio><\/figure>\n\n\n\n<figure class=\"wp-block-audio\"><audio controls src=\"https:\/\/pigyki.fr\/wp-content\/uploads\/2024\/02\/3-Piste-03.mp3\"><\/audio><\/figure>\n\n\n\n<figure class=\"wp-block-audio\"><audio controls src=\"https:\/\/pigyki.fr\/wp-content\/uploads\/2024\/02\/4-kjk.mp3\"><\/audio><\/figure>\n\n\n\n<figure class=\"wp-block-audio\"><audio controls src=\"https:\/\/pigyki.fr\/wp-content\/uploads\/2024\/02\/5-Piste-05.mp3\"><\/audio><\/figure>\n\n\n\n<figure class=\"wp-block-audio\"><audio controls src=\"https:\/\/pigyki.fr\/wp-content\/uploads\/2024\/02\/6-Piste-06.mp3\"><\/audio><\/figure>\n\n\n\n<figure class=\"wp-block-audio\"><audio controls src=\"https:\/\/pigyki.fr\/wp-content\/uploads\/2024\/02\/7-Piste-07.mp3\"><\/audio><\/figure>\n\n\n\n<figure class=\"wp-block-audio\"><audio controls src=\"https:\/\/pigyki.fr\/wp-content\/uploads\/2024\/02\/8-Piste-08.mp3\"><\/audio><\/figure>\n\n\n\n<h3 class=\"wp-block-heading\">Contes musicaux pour grands enfants (de 6 \u00e0 11 ans)<\/h3>\n\n\n\n<ul class=\"wp-block-list\">\n<li>Le serpent blanc<\/li>\n\n\n\n<li>L&rsquo;oie d&rsquo;or<\/li>\n\n\n\n<li>Le petit bonhomme de pain d&rsquo;\u00e9pice<\/li>\n\n\n\n<li><strong><em><a href=\"https:\/\/youtu.be\/1s6ch7OiFMc\" target=\"_blank\" rel=\"noreferrer noopener\">Le voyage de Pigyki<\/a><\/em><\/strong><\/li>\n\n\n\n<li>Pigyki et les messagers<\/li>\n\n\n\n<li><strong><em><a href=\"https:\/\/youtu.be\/VRASF8mmF1U\" target=\"_blank\" rel=\"noreferrer noopener\">Tintinabulle<\/a><\/em><\/strong><\/li>\n<\/ul>\n\n\n\n<h3 class=\"wp-block-heading\">Fables de La Fontaine<\/h3>\n\n\n\n<p>Compositions pour solistes ou ch\u0153ur mixte \u00e0 3 voix.<br>Le enregistrements pr\u00e9snt\u00e9s ici sont purement indicatifs, car ils proviennent des voix synth\u00e9tiques du logiciel d&rsquo;\u00e9dition musicale que j&rsquo;utilise : \u00ab\u00a0Harmony Assistant\u00a0\u00bb.<\/p>\n\n\n\n<ul class=\"wp-block-list\">\n<li>Le corbeau et le renard<\/li>\n<\/ul>\n\n\n\n<figure class=\"wp-block-audio\"><audio controls src=\"https:\/\/pigyki.fr\/wp-content\/uploads\/2023\/09\/Le-corbeau-et-le-renard_1.mp3\"><\/audio><\/figure>\n\n\n\n<ul class=\"wp-block-list\">\n<li>Le loup et le chien<\/li>\n<\/ul>\n\n\n\n<figure class=\"wp-block-audio\"><audio controls src=\"https:\/\/pigyki.fr\/wp-content\/uploads\/2023\/09\/Le-loup-et-le-chien-3-voix-mixtes.mp3\"><\/audio><\/figure>\n\n\n\n<ul class=\"wp-block-list\">\n<li>Le h\u00e9ron<\/li>\n<\/ul>\n\n\n\n<figure class=\"wp-block-audio\"><audio controls src=\"https:\/\/pigyki.fr\/wp-content\/uploads\/2023\/09\/Le-heron_1.mp3\"><\/audio><\/figure>\n\n\n\n<ul class=\"wp-block-list\">\n<li>La cigale et la fourmi<\/li>\n<\/ul>\n\n\n\n<figure class=\"wp-block-audio\"><audio controls src=\"https:\/\/pigyki.fr\/wp-content\/uploads\/2023\/09\/La-cigale-et-la-fourmi.mp3\"><\/audio><\/figure>\n","protected":false},"excerpt":{"rendered":"<p>Tout au long de ma carri\u00e8re p\u00e9dagogique, j&rsquo;ai \u00e9crit de courtes chansons pour mes \u00e9l\u00e8ves, notamment pour la reconnaissance des accords diminu\u00e9 et augment\u00e9. Puis j&rsquo;ai \u00e9crit un mini-conte musical &hellip;<\/p>\n","protected":false},"author":1,"featured_media":222,"parent":0,"menu_order":0,"comment_status":"closed","ping_status":"closed","template":"","meta":{"rop_custom_images_group":[],"rop_custom_messages_group":[],"rop_publish_now":"initial","rop_publish_now_accounts":[],"rop_publish_now_history":[],"rop_publish_now_status":"pending","footnotes":""},"class_list":["post-462","page","type-page","status-publish","has-post-thumbnail","hentry"],"yoast_head":"<!-- This site is optimized with the Yoast SEO plugin v27.4 - https:\/\/yoast.com\/product\/yoast-seo-wordpress\/ -->\n<title>Catalogue des compositions - Pigyki<\/title>\n<meta name=\"description\" content=\"Catalogue des cr\u00e9ations musicales de Christophe Lazerges.\" \/>\n<meta name=\"robots\" content=\"index, follow, max-snippet:-1, max-image-preview:large, max-video-preview:-1\" \/>\n<link rel=\"canonical\" href=\"https:\/\/pigyki.fr\/index.php\/catalogue\/\" \/>\n<meta property=\"og:locale\" content=\"fr_FR\" \/>\n<meta property=\"og:type\" content=\"article\" \/>\n<meta property=\"og:title\" content=\"Catalogue des compositions - Pigyki\" \/>\n<meta property=\"og:description\" content=\"Catalogue des cr\u00e9ations musicales de Christophe Lazerges.\" \/>\n<meta property=\"og:url\" content=\"https:\/\/pigyki.fr\/index.php\/catalogue\/\" \/>\n<meta property=\"og:site_name\" content=\"Pigyki\" \/>\n<meta property=\"article:modified_time\" content=\"2025-06-19T15:44:43+00:00\" \/>\n<meta property=\"og:image\" content=\"https:\/\/pigyki.fr\/wp-content\/uploads\/2023\/06\/19868349-main-avec-un-crayon-et-une-feuille-de-musique.jpg\" \/>\n\t<meta property=\"og:image:width\" content=\"450\" \/>\n\t<meta property=\"og:image:height\" content=\"300\" \/>\n\t<meta property=\"og:image:type\" content=\"image\/jpeg\" \/>\n<meta name=\"twitter:card\" content=\"summary_large_image\" \/>\n<meta name=\"twitter:label1\" content=\"Dur\u00e9e de lecture estim\u00e9e\" \/>\n\t<meta name=\"twitter:data1\" content=\"2 minutes\" \/>\n<script type=\"application\/ld+json\" class=\"yoast-schema-graph\">{\"@context\":\"https:\\\/\\\/schema.org\",\"@graph\":[{\"@type\":\"WebPage\",\"@id\":\"https:\\\/\\\/pigyki.fr\\\/index.php\\\/catalogue\\\/\",\"url\":\"https:\\\/\\\/pigyki.fr\\\/index.php\\\/catalogue\\\/\",\"name\":\"Catalogue des compositions - Pigyki\",\"isPartOf\":{\"@id\":\"https:\\\/\\\/pigyki.fr\\\/#website\"},\"primaryImageOfPage\":{\"@id\":\"https:\\\/\\\/pigyki.fr\\\/index.php\\\/catalogue\\\/#primaryimage\"},\"image\":{\"@id\":\"https:\\\/\\\/pigyki.fr\\\/index.php\\\/catalogue\\\/#primaryimage\"},\"thumbnailUrl\":\"https:\\\/\\\/pigyki.fr\\\/wp-content\\\/uploads\\\/2023\\\/06\\\/19868349-main-avec-un-crayon-et-une-feuille-de-musique.jpg\",\"datePublished\":\"2023-06-20T08:15:50+00:00\",\"dateModified\":\"2025-06-19T15:44:43+00:00\",\"description\":\"Catalogue des cr\u00e9ations musicales de Christophe Lazerges.\",\"breadcrumb\":{\"@id\":\"https:\\\/\\\/pigyki.fr\\\/index.php\\\/catalogue\\\/#breadcrumb\"},\"inLanguage\":\"fr-FR\",\"potentialAction\":[{\"@type\":\"ReadAction\",\"target\":[\"https:\\\/\\\/pigyki.fr\\\/index.php\\\/catalogue\\\/\"]}]},{\"@type\":\"ImageObject\",\"inLanguage\":\"fr-FR\",\"@id\":\"https:\\\/\\\/pigyki.fr\\\/index.php\\\/catalogue\\\/#primaryimage\",\"url\":\"https:\\\/\\\/pigyki.fr\\\/wp-content\\\/uploads\\\/2023\\\/06\\\/19868349-main-avec-un-crayon-et-une-feuille-de-musique.jpg\",\"contentUrl\":\"https:\\\/\\\/pigyki.fr\\\/wp-content\\\/uploads\\\/2023\\\/06\\\/19868349-main-avec-un-crayon-et-une-feuille-de-musique.jpg\",\"width\":450,\"height\":300},{\"@type\":\"BreadcrumbList\",\"@id\":\"https:\\\/\\\/pigyki.fr\\\/index.php\\\/catalogue\\\/#breadcrumb\",\"itemListElement\":[{\"@type\":\"ListItem\",\"position\":1,\"name\":\"Accueil\",\"item\":\"https:\\\/\\\/pigyki.fr\\\/\"},{\"@type\":\"ListItem\",\"position\":2,\"name\":\"Catalogue des compositions\"}]},{\"@type\":\"WebSite\",\"@id\":\"https:\\\/\\\/pigyki.fr\\\/#website\",\"url\":\"https:\\\/\\\/pigyki.fr\\\/\",\"name\":\"Pigyki\",\"description\":\"C.L. al fine\",\"publisher\":{\"@id\":\"https:\\\/\\\/pigyki.fr\\\/#\\\/schema\\\/person\\\/69b76bc8a17bddaf3ffd40d3cc9a4161\"},\"potentialAction\":[{\"@type\":\"SearchAction\",\"target\":{\"@type\":\"EntryPoint\",\"urlTemplate\":\"https:\\\/\\\/pigyki.fr\\\/?s={search_term_string}\"},\"query-input\":{\"@type\":\"PropertyValueSpecification\",\"valueRequired\":true,\"valueName\":\"search_term_string\"}}],\"inLanguage\":\"fr-FR\"},{\"@type\":[\"Person\",\"Organization\"],\"@id\":\"https:\\\/\\\/pigyki.fr\\\/#\\\/schema\\\/person\\\/69b76bc8a17bddaf3ffd40d3cc9a4161\",\"name\":\"Pigyki\",\"image\":{\"@type\":\"ImageObject\",\"inLanguage\":\"fr-FR\",\"@id\":\"https:\\\/\\\/pigyki.fr\\\/wp-content\\\/uploads\\\/2023\\\/06\\\/Logo-CL.jpg\",\"url\":\"https:\\\/\\\/pigyki.fr\\\/wp-content\\\/uploads\\\/2023\\\/06\\\/Logo-CL.jpg\",\"contentUrl\":\"https:\\\/\\\/pigyki.fr\\\/wp-content\\\/uploads\\\/2023\\\/06\\\/Logo-CL.jpg\",\"width\":524,\"height\":586,\"caption\":\"Pigyki\"},\"logo\":{\"@id\":\"https:\\\/\\\/pigyki.fr\\\/wp-content\\\/uploads\\\/2023\\\/06\\\/Logo-CL.jpg\"},\"sameAs\":[\"http:\\\/\\\/pigyki.fr\"]}]}<\/script>\n<!-- \/ Yoast SEO plugin. -->","yoast_head_json":{"title":"Catalogue des compositions - Pigyki","description":"Catalogue des cr\u00e9ations musicales de Christophe Lazerges.","robots":{"index":"index","follow":"follow","max-snippet":"max-snippet:-1","max-image-preview":"max-image-preview:large","max-video-preview":"max-video-preview:-1"},"canonical":"https:\/\/pigyki.fr\/index.php\/catalogue\/","og_locale":"fr_FR","og_type":"article","og_title":"Catalogue des compositions - Pigyki","og_description":"Catalogue des cr\u00e9ations musicales de Christophe Lazerges.","og_url":"https:\/\/pigyki.fr\/index.php\/catalogue\/","og_site_name":"Pigyki","article_modified_time":"2025-06-19T15:44:43+00:00","og_image":[{"width":450,"height":300,"url":"https:\/\/pigyki.fr\/wp-content\/uploads\/2023\/06\/19868349-main-avec-un-crayon-et-une-feuille-de-musique.jpg","type":"image\/jpeg"}],"twitter_card":"summary_large_image","twitter_misc":{"Dur\u00e9e de lecture estim\u00e9e":"2 minutes"},"schema":{"@context":"https:\/\/schema.org","@graph":[{"@type":"WebPage","@id":"https:\/\/pigyki.fr\/index.php\/catalogue\/","url":"https:\/\/pigyki.fr\/index.php\/catalogue\/","name":"Catalogue des compositions - Pigyki","isPartOf":{"@id":"https:\/\/pigyki.fr\/#website"},"primaryImageOfPage":{"@id":"https:\/\/pigyki.fr\/index.php\/catalogue\/#primaryimage"},"image":{"@id":"https:\/\/pigyki.fr\/index.php\/catalogue\/#primaryimage"},"thumbnailUrl":"https:\/\/pigyki.fr\/wp-content\/uploads\/2023\/06\/19868349-main-avec-un-crayon-et-une-feuille-de-musique.jpg","datePublished":"2023-06-20T08:15:50+00:00","dateModified":"2025-06-19T15:44:43+00:00","description":"Catalogue des cr\u00e9ations musicales de Christophe Lazerges.","breadcrumb":{"@id":"https:\/\/pigyki.fr\/index.php\/catalogue\/#breadcrumb"},"inLanguage":"fr-FR","potentialAction":[{"@type":"ReadAction","target":["https:\/\/pigyki.fr\/index.php\/catalogue\/"]}]},{"@type":"ImageObject","inLanguage":"fr-FR","@id":"https:\/\/pigyki.fr\/index.php\/catalogue\/#primaryimage","url":"https:\/\/pigyki.fr\/wp-content\/uploads\/2023\/06\/19868349-main-avec-un-crayon-et-une-feuille-de-musique.jpg","contentUrl":"https:\/\/pigyki.fr\/wp-content\/uploads\/2023\/06\/19868349-main-avec-un-crayon-et-une-feuille-de-musique.jpg","width":450,"height":300},{"@type":"BreadcrumbList","@id":"https:\/\/pigyki.fr\/index.php\/catalogue\/#breadcrumb","itemListElement":[{"@type":"ListItem","position":1,"name":"Accueil","item":"https:\/\/pigyki.fr\/"},{"@type":"ListItem","position":2,"name":"Catalogue des compositions"}]},{"@type":"WebSite","@id":"https:\/\/pigyki.fr\/#website","url":"https:\/\/pigyki.fr\/","name":"Pigyki","description":"C.L. al fine","publisher":{"@id":"https:\/\/pigyki.fr\/#\/schema\/person\/69b76bc8a17bddaf3ffd40d3cc9a4161"},"potentialAction":[{"@type":"SearchAction","target":{"@type":"EntryPoint","urlTemplate":"https:\/\/pigyki.fr\/?s={search_term_string}"},"query-input":{"@type":"PropertyValueSpecification","valueRequired":true,"valueName":"search_term_string"}}],"inLanguage":"fr-FR"},{"@type":["Person","Organization"],"@id":"https:\/\/pigyki.fr\/#\/schema\/person\/69b76bc8a17bddaf3ffd40d3cc9a4161","name":"Pigyki","image":{"@type":"ImageObject","inLanguage":"fr-FR","@id":"https:\/\/pigyki.fr\/wp-content\/uploads\/2023\/06\/Logo-CL.jpg","url":"https:\/\/pigyki.fr\/wp-content\/uploads\/2023\/06\/Logo-CL.jpg","contentUrl":"https:\/\/pigyki.fr\/wp-content\/uploads\/2023\/06\/Logo-CL.jpg","width":524,"height":586,"caption":"Pigyki"},"logo":{"@id":"https:\/\/pigyki.fr\/wp-content\/uploads\/2023\/06\/Logo-CL.jpg"},"sameAs":["http:\/\/pigyki.fr"]}]}},"_links":{"self":[{"href":"https:\/\/pigyki.fr\/index.php\/wp-json\/wp\/v2\/pages\/462","targetHints":{"allow":["GET"]}}],"collection":[{"href":"https:\/\/pigyki.fr\/index.php\/wp-json\/wp\/v2\/pages"}],"about":[{"href":"https:\/\/pigyki.fr\/index.php\/wp-json\/wp\/v2\/types\/page"}],"author":[{"embeddable":true,"href":"https:\/\/pigyki.fr\/index.php\/wp-json\/wp\/v2\/users\/1"}],"replies":[{"embeddable":true,"href":"https:\/\/pigyki.fr\/index.php\/wp-json\/wp\/v2\/comments?post=462"}],"version-history":[{"count":8,"href":"https:\/\/pigyki.fr\/index.php\/wp-json\/wp\/v2\/pages\/462\/revisions"}],"predecessor-version":[{"id":4163,"href":"https:\/\/pigyki.fr\/index.php\/wp-json\/wp\/v2\/pages\/462\/revisions\/4163"}],"wp:featuredmedia":[{"embeddable":true,"href":"https:\/\/pigyki.fr\/index.php\/wp-json\/wp\/v2\/media\/222"}],"wp:attachment":[{"href":"https:\/\/pigyki.fr\/index.php\/wp-json\/wp\/v2\/media?parent=462"}],"curies":[{"name":"wp","href":"https:\/\/api.w.org\/{rel}","templated":true}]}}