{"id":448,"date":"2023-06-20T09:35:37","date_gmt":"2023-06-20T07:35:37","guid":{"rendered":"https:\/\/pigyki.fr\/?page_id=448"},"modified":"2025-11-16T19:04:43","modified_gmt":"2025-11-16T18:04:43","slug":"blog-es","status":"publish","type":"page","link":"https:\/\/pigyki.fr\/index.php\/es\/blog-es\/","title":{"rendered":"Blog"},"content":{"rendered":"\n<p>En este blog, encontrar\u00e1 una serie de \u00ab\u00a0sesiones de escucha musical\u00a0\u00bb destinadas inicialmente a mis alumnos de <strong><em><a href=\"http:\/\/www.rymea.fr\" target=\"_blank\" rel=\"noreferrer noopener\">Rym\u00e9a<\/a><\/em><\/strong> y a sus alumnos de la <strong><em><a href=\"http:\/\/www.fi-willems.org\/es\/\" target=\"_blank\" rel=\"noreferrer noopener\">FIW<\/a><\/em><\/strong> (Federaci\u00f3n Internacional Willems<sup>\u00ae<\/sup>). Una p\u00e1gina de presentaci\u00f3n y todas las publicaciones que se publicar\u00e1n el primer y tercer viernes de cada mes (salvo en circunstancias excepcionales, y hasta que el blogger se agote\u2026).<\/p>\n\n\n\n<p>No pretendo ser music\u00f3logo, ni analista musical.<br>Aqu\u00ed comparto mis impresiones, la m\u00fasica que me gusta y\/o que descubro en estas ocasiones, y aprovecho para ampliar mis conocimientos mientras preparo estos art\u00edculos.<br>Al hacerlo, me fascinan los tesoros que la red pone al alcance de todos.<br>Como es un pozo sin fondo, es f\u00e1cil perderse. Me contento modestamente con sacar a la superficie los art\u00edculos o grabaciones que pueden satisfacer la curiosidad de los lectores que disponen de tiempo\u2026<\/p>\n\n\n\n<p>Espero que disfruten tanto como yo.<br>\u00a1Disfrute de la escucha!<\/p>\n","protected":false},"excerpt":{"rendered":"<p>En este blog, encontrar\u00e1 una serie de \u00ab\u00a0sesiones de escucha musical\u00a0\u00bb destinadas inicialmente a mis alumnos de Rym\u00e9a y a sus alumnos de la FIW (Federaci\u00f3n Internacional Willems\u00ae). Una p\u00e1gina &hellip;<\/p>\n","protected":false},"author":1,"featured_media":211,"parent":0,"menu_order":0,"comment_status":"closed","ping_status":"closed","template":"","meta":{"rop_custom_images_group":[],"rop_custom_messages_group":[],"rop_publish_now":"initial","rop_publish_now_accounts":[],"rop_publish_now_history":[],"rop_publish_now_status":"pending","footnotes":""},"class_list":["post-448","page","type-page","status-publish","has-post-thumbnail","hentry"],"yoast_head":"<!-- This site is optimized with the Yoast SEO plugin v27.4 - https:\/\/yoast.com\/product\/yoast-seo-wordpress\/ -->\n<title>Blog - Pigyki<\/title>\n<meta name=\"description\" content=\"Blog Pigyki pedagog\u00eda m\u00fasica escuchar por compositores m\u00fasica Edad Media Cl\u00e1sica Renacimiento Romanticismo Moderna Contempor\u00e1nea\" \/>\n<meta name=\"robots\" content=\"index, follow, max-snippet:-1, max-image-preview:large, max-video-preview:-1\" \/>\n<link rel=\"canonical\" href=\"https:\/\/pigyki.fr\/index.php\/es\/blog-es\/\" \/>\n<meta property=\"og:locale\" content=\"fr_FR\" \/>\n<meta property=\"og:type\" content=\"article\" \/>\n<meta property=\"og:title\" content=\"Blog - Pigyki\" \/>\n<meta property=\"og:description\" content=\"Blog Pigyki pedagog\u00eda m\u00fasica escuchar por compositores m\u00fasica Edad Media Cl\u00e1sica Renacimiento Romanticismo Moderna Contempor\u00e1nea\" \/>\n<meta property=\"og:url\" content=\"https:\/\/pigyki.fr\/index.php\/es\/blog-es\/\" \/>\n<meta property=\"og:site_name\" content=\"Pigyki\" \/>\n<meta property=\"article:modified_time\" content=\"2025-11-16T18:04:43+00:00\" \/>\n<meta property=\"og:image\" content=\"https:\/\/pigyki.fr\/wp-content\/uploads\/2023\/06\/piano-1655558_1920.jpg.webp\" \/>\n\t<meta property=\"og:image:width\" content=\"1038\" \/>\n\t<meta property=\"og:image:height\" content=\"576\" \/>\n\t<meta property=\"og:image:type\" content=\"image\/webp\" \/>\n<meta name=\"twitter:card\" content=\"summary_large_image\" \/>\n<meta name=\"twitter:label1\" content=\"Dur\u00e9e de lecture estim\u00e9e\" \/>\n\t<meta name=\"twitter:data1\" content=\"1 minute\" \/>\n<script type=\"application\/ld+json\" class=\"yoast-schema-graph\">{\"@context\":\"https:\\\/\\\/schema.org\",\"@graph\":[{\"@type\":\"WebPage\",\"@id\":\"https:\\\/\\\/pigyki.fr\\\/index.php\\\/es\\\/blog-es\\\/\",\"url\":\"https:\\\/\\\/pigyki.fr\\\/index.php\\\/es\\\/blog-es\\\/\",\"name\":\"Blog - Pigyki\",\"isPartOf\":{\"@id\":\"https:\\\/\\\/pigyki.fr\\\/#website\"},\"primaryImageOfPage\":{\"@id\":\"https:\\\/\\\/pigyki.fr\\\/index.php\\\/es\\\/blog-es\\\/#primaryimage\"},\"image\":{\"@id\":\"https:\\\/\\\/pigyki.fr\\\/index.php\\\/es\\\/blog-es\\\/#primaryimage\"},\"thumbnailUrl\":\"https:\\\/\\\/pigyki.fr\\\/wp-content\\\/uploads\\\/2023\\\/06\\\/piano-1655558_1920.jpg.webp\",\"datePublished\":\"2023-06-20T07:35:37+00:00\",\"dateModified\":\"2025-11-16T18:04:43+00:00\",\"description\":\"Blog Pigyki pedagog\u00eda m\u00fasica escuchar por compositores m\u00fasica Edad Media Cl\u00e1sica Renacimiento Romanticismo Moderna Contempor\u00e1nea\",\"breadcrumb\":{\"@id\":\"https:\\\/\\\/pigyki.fr\\\/index.php\\\/es\\\/blog-es\\\/#breadcrumb\"},\"inLanguage\":\"fr-FR\",\"potentialAction\":[{\"@type\":\"ReadAction\",\"target\":[\"https:\\\/\\\/pigyki.fr\\\/index.php\\\/es\\\/blog-es\\\/\"]}]},{\"@type\":\"ImageObject\",\"inLanguage\":\"fr-FR\",\"@id\":\"https:\\\/\\\/pigyki.fr\\\/index.php\\\/es\\\/blog-es\\\/#primaryimage\",\"url\":\"https:\\\/\\\/pigyki.fr\\\/wp-content\\\/uploads\\\/2023\\\/06\\\/piano-1655558_1920.jpg.webp\",\"contentUrl\":\"https:\\\/\\\/pigyki.fr\\\/wp-content\\\/uploads\\\/2023\\\/06\\\/piano-1655558_1920.jpg.webp\",\"width\":1038,\"height\":576},{\"@type\":\"BreadcrumbList\",\"@id\":\"https:\\\/\\\/pigyki.fr\\\/index.php\\\/es\\\/blog-es\\\/#breadcrumb\",\"itemListElement\":[{\"@type\":\"ListItem\",\"position\":1,\"name\":\"Accueil\",\"item\":\"https:\\\/\\\/pigyki.fr\\\/\"},{\"@type\":\"ListItem\",\"position\":2,\"name\":\"Blog\"}]},{\"@type\":\"WebSite\",\"@id\":\"https:\\\/\\\/pigyki.fr\\\/#website\",\"url\":\"https:\\\/\\\/pigyki.fr\\\/\",\"name\":\"Pigyki\",\"description\":\"C.L. al fine\",\"publisher\":{\"@id\":\"https:\\\/\\\/pigyki.fr\\\/#\\\/schema\\\/person\\\/69b76bc8a17bddaf3ffd40d3cc9a4161\"},\"potentialAction\":[{\"@type\":\"SearchAction\",\"target\":{\"@type\":\"EntryPoint\",\"urlTemplate\":\"https:\\\/\\\/pigyki.fr\\\/?s={search_term_string}\"},\"query-input\":{\"@type\":\"PropertyValueSpecification\",\"valueRequired\":true,\"valueName\":\"search_term_string\"}}],\"inLanguage\":\"fr-FR\"},{\"@type\":[\"Person\",\"Organization\"],\"@id\":\"https:\\\/\\\/pigyki.fr\\\/#\\\/schema\\\/person\\\/69b76bc8a17bddaf3ffd40d3cc9a4161\",\"name\":\"Pigyki\",\"image\":{\"@type\":\"ImageObject\",\"inLanguage\":\"fr-FR\",\"@id\":\"https:\\\/\\\/pigyki.fr\\\/wp-content\\\/uploads\\\/2023\\\/06\\\/Logo-CL.jpg\",\"url\":\"https:\\\/\\\/pigyki.fr\\\/wp-content\\\/uploads\\\/2023\\\/06\\\/Logo-CL.jpg\",\"contentUrl\":\"https:\\\/\\\/pigyki.fr\\\/wp-content\\\/uploads\\\/2023\\\/06\\\/Logo-CL.jpg\",\"width\":524,\"height\":586,\"caption\":\"Pigyki\"},\"logo\":{\"@id\":\"https:\\\/\\\/pigyki.fr\\\/wp-content\\\/uploads\\\/2023\\\/06\\\/Logo-CL.jpg\"},\"sameAs\":[\"http:\\\/\\\/pigyki.fr\"]}]}<\/script>\n<!-- \/ Yoast SEO plugin. -->","yoast_head_json":{"title":"Blog - Pigyki","description":"Blog Pigyki pedagog\u00eda m\u00fasica escuchar por compositores m\u00fasica Edad Media Cl\u00e1sica Renacimiento Romanticismo Moderna Contempor\u00e1nea","robots":{"index":"index","follow":"follow","max-snippet":"max-snippet:-1","max-image-preview":"max-image-preview:large","max-video-preview":"max-video-preview:-1"},"canonical":"https:\/\/pigyki.fr\/index.php\/es\/blog-es\/","og_locale":"fr_FR","og_type":"article","og_title":"Blog - Pigyki","og_description":"Blog Pigyki pedagog\u00eda m\u00fasica escuchar por compositores m\u00fasica Edad Media Cl\u00e1sica Renacimiento Romanticismo Moderna Contempor\u00e1nea","og_url":"https:\/\/pigyki.fr\/index.php\/es\/blog-es\/","og_site_name":"Pigyki","article_modified_time":"2025-11-16T18:04:43+00:00","og_image":[{"width":1038,"height":576,"url":"https:\/\/pigyki.fr\/wp-content\/uploads\/2023\/06\/piano-1655558_1920.jpg.webp","type":"image\/webp"}],"twitter_card":"summary_large_image","twitter_misc":{"Dur\u00e9e de lecture estim\u00e9e":"1 minute"},"schema":{"@context":"https:\/\/schema.org","@graph":[{"@type":"WebPage","@id":"https:\/\/pigyki.fr\/index.php\/es\/blog-es\/","url":"https:\/\/pigyki.fr\/index.php\/es\/blog-es\/","name":"Blog - Pigyki","isPartOf":{"@id":"https:\/\/pigyki.fr\/#website"},"primaryImageOfPage":{"@id":"https:\/\/pigyki.fr\/index.php\/es\/blog-es\/#primaryimage"},"image":{"@id":"https:\/\/pigyki.fr\/index.php\/es\/blog-es\/#primaryimage"},"thumbnailUrl":"https:\/\/pigyki.fr\/wp-content\/uploads\/2023\/06\/piano-1655558_1920.jpg.webp","datePublished":"2023-06-20T07:35:37+00:00","dateModified":"2025-11-16T18:04:43+00:00","description":"Blog Pigyki pedagog\u00eda m\u00fasica escuchar por compositores m\u00fasica Edad Media Cl\u00e1sica Renacimiento Romanticismo Moderna Contempor\u00e1nea","breadcrumb":{"@id":"https:\/\/pigyki.fr\/index.php\/es\/blog-es\/#breadcrumb"},"inLanguage":"fr-FR","potentialAction":[{"@type":"ReadAction","target":["https:\/\/pigyki.fr\/index.php\/es\/blog-es\/"]}]},{"@type":"ImageObject","inLanguage":"fr-FR","@id":"https:\/\/pigyki.fr\/index.php\/es\/blog-es\/#primaryimage","url":"https:\/\/pigyki.fr\/wp-content\/uploads\/2023\/06\/piano-1655558_1920.jpg.webp","contentUrl":"https:\/\/pigyki.fr\/wp-content\/uploads\/2023\/06\/piano-1655558_1920.jpg.webp","width":1038,"height":576},{"@type":"BreadcrumbList","@id":"https:\/\/pigyki.fr\/index.php\/es\/blog-es\/#breadcrumb","itemListElement":[{"@type":"ListItem","position":1,"name":"Accueil","item":"https:\/\/pigyki.fr\/"},{"@type":"ListItem","position":2,"name":"Blog"}]},{"@type":"WebSite","@id":"https:\/\/pigyki.fr\/#website","url":"https:\/\/pigyki.fr\/","name":"Pigyki","description":"C.L. al fine","publisher":{"@id":"https:\/\/pigyki.fr\/#\/schema\/person\/69b76bc8a17bddaf3ffd40d3cc9a4161"},"potentialAction":[{"@type":"SearchAction","target":{"@type":"EntryPoint","urlTemplate":"https:\/\/pigyki.fr\/?s={search_term_string}"},"query-input":{"@type":"PropertyValueSpecification","valueRequired":true,"valueName":"search_term_string"}}],"inLanguage":"fr-FR"},{"@type":["Person","Organization"],"@id":"https:\/\/pigyki.fr\/#\/schema\/person\/69b76bc8a17bddaf3ffd40d3cc9a4161","name":"Pigyki","image":{"@type":"ImageObject","inLanguage":"fr-FR","@id":"https:\/\/pigyki.fr\/wp-content\/uploads\/2023\/06\/Logo-CL.jpg","url":"https:\/\/pigyki.fr\/wp-content\/uploads\/2023\/06\/Logo-CL.jpg","contentUrl":"https:\/\/pigyki.fr\/wp-content\/uploads\/2023\/06\/Logo-CL.jpg","width":524,"height":586,"caption":"Pigyki"},"logo":{"@id":"https:\/\/pigyki.fr\/wp-content\/uploads\/2023\/06\/Logo-CL.jpg"},"sameAs":["http:\/\/pigyki.fr"]}]}},"_links":{"self":[{"href":"https:\/\/pigyki.fr\/index.php\/wp-json\/wp\/v2\/pages\/448","targetHints":{"allow":["GET"]}}],"collection":[{"href":"https:\/\/pigyki.fr\/index.php\/wp-json\/wp\/v2\/pages"}],"about":[{"href":"https:\/\/pigyki.fr\/index.php\/wp-json\/wp\/v2\/types\/page"}],"author":[{"embeddable":true,"href":"https:\/\/pigyki.fr\/index.php\/wp-json\/wp\/v2\/users\/1"}],"replies":[{"embeddable":true,"href":"https:\/\/pigyki.fr\/index.php\/wp-json\/wp\/v2\/comments?post=448"}],"version-history":[{"count":4,"href":"https:\/\/pigyki.fr\/index.php\/wp-json\/wp\/v2\/pages\/448\/revisions"}],"predecessor-version":[{"id":7688,"href":"https:\/\/pigyki.fr\/index.php\/wp-json\/wp\/v2\/pages\/448\/revisions\/7688"}],"wp:featuredmedia":[{"embeddable":true,"href":"https:\/\/pigyki.fr\/index.php\/wp-json\/wp\/v2\/media\/211"}],"wp:attachment":[{"href":"https:\/\/pigyki.fr\/index.php\/wp-json\/wp\/v2\/media?parent=448"}],"curies":[{"name":"wp","href":"https:\/\/api.w.org\/{rel}","templated":true}]}}