{"id":3651,"date":"2024-11-03T23:22:16","date_gmt":"2024-11-03T22:22:16","guid":{"rendered":"https:\/\/pigyki.fr\/?page_id=3651"},"modified":"2025-08-28T10:13:52","modified_gmt":"2025-08-28T08:13:52","slug":"cronologia","status":"publish","type":"page","link":"https:\/\/pigyki.fr\/index.php\/es\/cronologia\/","title":{"rendered":"Cronolog\u00eda"},"content":{"rendered":"\n<p>Siempre es interesante situar a un compositor en la historia de la m\u00fasica, no s\u00f3lo en los grandes periodos se\u00f1alados en el primer cuadro, sino tambi\u00e9n en relaci\u00f3n con otros compositores de su \u00e9poca.<br>En el medio centenar de art\u00edculos publicados para mi serie <strong><a href=\"https:\/\/pigyki.fr\/index.php\/es\/lista-de-la-musica-escuchada\/\" target=\"_blank\" rel=\"noreferrer noopener\">\u00ab\u00a0Escuchas musicales\u00a0\u00bb<\/a><\/strong>, he presentado cada vez a un compositor diferente, con algunas excepciones. \u00c9stos son los que encontrar\u00e1 en la cronolog\u00eda haciendo clic en el cuadro que figura a continuaci\u00f3n.<\/p>\n\n\n\n<p style=\"font-size:14px\"><em>Disculpe la presencia de publicidad autom\u00e1tica en el cuadro\u2026 \u00a1este es el precio de pago para una buena aplicaci\u00f3n en versi\u00f3n gratuita!<\/em><\/p>\n\n\n\n<figure class=\"wp-block-image size-full is-resized\"><a href=\"https:\/\/www.timetoast.com\/timelines\/3117419\" target=\"_blank\" rel=\"noreferrer noopener\"><img loading=\"lazy\" decoding=\"async\" width=\"380\" height=\"133\" src=\"https:\/\/pigyki.fr\/wp-content\/uploads\/2024\/11\/images.png\" alt=\"\" class=\"wp-image-3622\" style=\"width:920px;height:auto\" srcset=\"https:\/\/pigyki.fr\/wp-content\/uploads\/2024\/11\/images.png 380w, https:\/\/pigyki.fr\/wp-content\/uploads\/2024\/11\/images-300x105.png 300w, https:\/\/pigyki.fr\/wp-content\/uploads\/2024\/11\/images-281x98.png 281w\" sizes=\"auto, (max-width: 380px) 100vw, 380px\" \/><\/a><\/figure>\n\n\n\n<h4 class=\"wp-block-heading\">\u00ab\u00a0Timeline\u00a0\u00bb instrucciones de uso<\/h4>\n\n\n\n<p>En la p\u00e1gina que se abre en el sitio web \u00abwww.timetoast.com\u00bb, seleccione la vista \u00abTimeline\u00bb en lugar de \u00abList\u00bb, a la derecha debajo del t\u00edtulo, y junto a ella, seleccione \u00abFullscreen mode\u00bb para poder reducir o ampliar la tabla con el cursor situado debajo.<\/p>\n\n\n\n<p>Al hacer clic en el nombre del compositor se abrir\u00e1 un cuadro de di\u00e1logo con enlaces.<br>Si hace clic en el nombre, se abrir\u00e1 una pesta\u00f1a con un retrato del compositor; si hace clic en el oyente, se abrir\u00e1n enlaces a la p\u00e1gina web; si hace clic en el t\u00edtulo de la obra, se abrir\u00e1 el extracto musical.<\/p>\n","protected":false},"excerpt":{"rendered":"<p>Siempre es interesante situar a un compositor en la historia de la m\u00fasica, no s\u00f3lo en los grandes periodos se\u00f1alados en el primer cuadro, sino tambi\u00e9n en relaci\u00f3n con otros &hellip;<\/p>\n","protected":false},"author":1,"featured_media":3631,"parent":0,"menu_order":0,"comment_status":"closed","ping_status":"closed","template":"","meta":{"rop_custom_images_group":[],"rop_custom_messages_group":[],"rop_publish_now":"initial","rop_publish_now_accounts":[],"rop_publish_now_history":[],"rop_publish_now_status":"pending","footnotes":""},"class_list":["post-3651","page","type-page","status-publish","has-post-thumbnail","hentry"],"yoast_head":"<!-- This site is optimized with the Yoast SEO plugin v27.4 - https:\/\/yoast.com\/product\/yoast-seo-wordpress\/ -->\n<title>Cronolog\u00eda - Pigyki<\/title>\n<meta name=\"description\" content=\"Cronolog\u00eda (Timeline) de los compositores presentados en las escuchas musicales de pigyki.fr para uso pedag\u00f3gico y cultura general.\" \/>\n<meta name=\"robots\" content=\"index, follow, max-snippet:-1, max-image-preview:large, max-video-preview:-1\" \/>\n<link rel=\"canonical\" href=\"https:\/\/pigyki.fr\/index.php\/es\/cronologia\/\" \/>\n<meta property=\"og:locale\" content=\"fr_FR\" \/>\n<meta property=\"og:type\" content=\"article\" \/>\n<meta property=\"og:title\" content=\"Cronolog\u00eda - Pigyki\" \/>\n<meta property=\"og:description\" content=\"Cronolog\u00eda (Timeline) de los compositores presentados en las escuchas musicales de pigyki.fr para uso pedag\u00f3gico y cultura general.\" \/>\n<meta property=\"og:url\" content=\"https:\/\/pigyki.fr\/index.php\/es\/cronologia\/\" \/>\n<meta property=\"og:site_name\" content=\"Pigyki\" \/>\n<meta property=\"article:modified_time\" content=\"2025-08-28T08:13:52+00:00\" \/>\n<meta property=\"og:image\" content=\"https:\/\/pigyki.fr\/wp-content\/uploads\/2024\/11\/7aa943481d13195dbe96e8b46212b582.jpg\" \/>\n\t<meta property=\"og:image:width\" content=\"735\" \/>\n\t<meta property=\"og:image:height\" content=\"552\" \/>\n\t<meta property=\"og:image:type\" content=\"image\/jpeg\" \/>\n<meta name=\"twitter:card\" content=\"summary_large_image\" \/>\n<meta name=\"twitter:label1\" content=\"Dur\u00e9e de lecture estim\u00e9e\" \/>\n\t<meta name=\"twitter:data1\" content=\"2 minutes\" \/>\n<script type=\"application\/ld+json\" class=\"yoast-schema-graph\">{\"@context\":\"https:\\\/\\\/schema.org\",\"@graph\":[{\"@type\":\"WebPage\",\"@id\":\"https:\\\/\\\/pigyki.fr\\\/index.php\\\/es\\\/cronologia\\\/\",\"url\":\"https:\\\/\\\/pigyki.fr\\\/index.php\\\/es\\\/cronologia\\\/\",\"name\":\"Cronolog\u00eda - Pigyki\",\"isPartOf\":{\"@id\":\"https:\\\/\\\/pigyki.fr\\\/#website\"},\"primaryImageOfPage\":{\"@id\":\"https:\\\/\\\/pigyki.fr\\\/index.php\\\/es\\\/cronologia\\\/#primaryimage\"},\"image\":{\"@id\":\"https:\\\/\\\/pigyki.fr\\\/index.php\\\/es\\\/cronologia\\\/#primaryimage\"},\"thumbnailUrl\":\"https:\\\/\\\/pigyki.fr\\\/wp-content\\\/uploads\\\/2024\\\/11\\\/7aa943481d13195dbe96e8b46212b582.jpg\",\"datePublished\":\"2024-11-03T22:22:16+00:00\",\"dateModified\":\"2025-08-28T08:13:52+00:00\",\"description\":\"Cronolog\u00eda (Timeline) de los compositores presentados en las escuchas musicales de pigyki.fr para uso pedag\u00f3gico y cultura general.\",\"breadcrumb\":{\"@id\":\"https:\\\/\\\/pigyki.fr\\\/index.php\\\/es\\\/cronologia\\\/#breadcrumb\"},\"inLanguage\":\"fr-FR\",\"potentialAction\":[{\"@type\":\"ReadAction\",\"target\":[\"https:\\\/\\\/pigyki.fr\\\/index.php\\\/es\\\/cronologia\\\/\"]}]},{\"@type\":\"ImageObject\",\"inLanguage\":\"fr-FR\",\"@id\":\"https:\\\/\\\/pigyki.fr\\\/index.php\\\/es\\\/cronologia\\\/#primaryimage\",\"url\":\"https:\\\/\\\/pigyki.fr\\\/wp-content\\\/uploads\\\/2024\\\/11\\\/7aa943481d13195dbe96e8b46212b582.jpg\",\"contentUrl\":\"https:\\\/\\\/pigyki.fr\\\/wp-content\\\/uploads\\\/2024\\\/11\\\/7aa943481d13195dbe96e8b46212b582.jpg\",\"width\":735,\"height\":552},{\"@type\":\"BreadcrumbList\",\"@id\":\"https:\\\/\\\/pigyki.fr\\\/index.php\\\/es\\\/cronologia\\\/#breadcrumb\",\"itemListElement\":[{\"@type\":\"ListItem\",\"position\":1,\"name\":\"Accueil\",\"item\":\"https:\\\/\\\/pigyki.fr\\\/\"},{\"@type\":\"ListItem\",\"position\":2,\"name\":\"Cronolog\u00eda\"}]},{\"@type\":\"WebSite\",\"@id\":\"https:\\\/\\\/pigyki.fr\\\/#website\",\"url\":\"https:\\\/\\\/pigyki.fr\\\/\",\"name\":\"Pigyki\",\"description\":\"C.L. al fine\",\"publisher\":{\"@id\":\"https:\\\/\\\/pigyki.fr\\\/#\\\/schema\\\/person\\\/69b76bc8a17bddaf3ffd40d3cc9a4161\"},\"potentialAction\":[{\"@type\":\"SearchAction\",\"target\":{\"@type\":\"EntryPoint\",\"urlTemplate\":\"https:\\\/\\\/pigyki.fr\\\/?s={search_term_string}\"},\"query-input\":{\"@type\":\"PropertyValueSpecification\",\"valueRequired\":true,\"valueName\":\"search_term_string\"}}],\"inLanguage\":\"fr-FR\"},{\"@type\":[\"Person\",\"Organization\"],\"@id\":\"https:\\\/\\\/pigyki.fr\\\/#\\\/schema\\\/person\\\/69b76bc8a17bddaf3ffd40d3cc9a4161\",\"name\":\"Pigyki\",\"image\":{\"@type\":\"ImageObject\",\"inLanguage\":\"fr-FR\",\"@id\":\"https:\\\/\\\/pigyki.fr\\\/wp-content\\\/uploads\\\/2023\\\/06\\\/Logo-CL.jpg\",\"url\":\"https:\\\/\\\/pigyki.fr\\\/wp-content\\\/uploads\\\/2023\\\/06\\\/Logo-CL.jpg\",\"contentUrl\":\"https:\\\/\\\/pigyki.fr\\\/wp-content\\\/uploads\\\/2023\\\/06\\\/Logo-CL.jpg\",\"width\":524,\"height\":586,\"caption\":\"Pigyki\"},\"logo\":{\"@id\":\"https:\\\/\\\/pigyki.fr\\\/wp-content\\\/uploads\\\/2023\\\/06\\\/Logo-CL.jpg\"},\"sameAs\":[\"http:\\\/\\\/pigyki.fr\"]}]}<\/script>\n<!-- \/ Yoast SEO plugin. -->","yoast_head_json":{"title":"Cronolog\u00eda - Pigyki","description":"Cronolog\u00eda (Timeline) de los compositores presentados en las escuchas musicales de pigyki.fr para uso pedag\u00f3gico y cultura general.","robots":{"index":"index","follow":"follow","max-snippet":"max-snippet:-1","max-image-preview":"max-image-preview:large","max-video-preview":"max-video-preview:-1"},"canonical":"https:\/\/pigyki.fr\/index.php\/es\/cronologia\/","og_locale":"fr_FR","og_type":"article","og_title":"Cronolog\u00eda - Pigyki","og_description":"Cronolog\u00eda (Timeline) de los compositores presentados en las escuchas musicales de pigyki.fr para uso pedag\u00f3gico y cultura general.","og_url":"https:\/\/pigyki.fr\/index.php\/es\/cronologia\/","og_site_name":"Pigyki","article_modified_time":"2025-08-28T08:13:52+00:00","og_image":[{"width":735,"height":552,"url":"https:\/\/pigyki.fr\/wp-content\/uploads\/2024\/11\/7aa943481d13195dbe96e8b46212b582.jpg","type":"image\/jpeg"}],"twitter_card":"summary_large_image","twitter_misc":{"Dur\u00e9e de lecture estim\u00e9e":"2 minutes"},"schema":{"@context":"https:\/\/schema.org","@graph":[{"@type":"WebPage","@id":"https:\/\/pigyki.fr\/index.php\/es\/cronologia\/","url":"https:\/\/pigyki.fr\/index.php\/es\/cronologia\/","name":"Cronolog\u00eda - Pigyki","isPartOf":{"@id":"https:\/\/pigyki.fr\/#website"},"primaryImageOfPage":{"@id":"https:\/\/pigyki.fr\/index.php\/es\/cronologia\/#primaryimage"},"image":{"@id":"https:\/\/pigyki.fr\/index.php\/es\/cronologia\/#primaryimage"},"thumbnailUrl":"https:\/\/pigyki.fr\/wp-content\/uploads\/2024\/11\/7aa943481d13195dbe96e8b46212b582.jpg","datePublished":"2024-11-03T22:22:16+00:00","dateModified":"2025-08-28T08:13:52+00:00","description":"Cronolog\u00eda (Timeline) de los compositores presentados en las escuchas musicales de pigyki.fr para uso pedag\u00f3gico y cultura general.","breadcrumb":{"@id":"https:\/\/pigyki.fr\/index.php\/es\/cronologia\/#breadcrumb"},"inLanguage":"fr-FR","potentialAction":[{"@type":"ReadAction","target":["https:\/\/pigyki.fr\/index.php\/es\/cronologia\/"]}]},{"@type":"ImageObject","inLanguage":"fr-FR","@id":"https:\/\/pigyki.fr\/index.php\/es\/cronologia\/#primaryimage","url":"https:\/\/pigyki.fr\/wp-content\/uploads\/2024\/11\/7aa943481d13195dbe96e8b46212b582.jpg","contentUrl":"https:\/\/pigyki.fr\/wp-content\/uploads\/2024\/11\/7aa943481d13195dbe96e8b46212b582.jpg","width":735,"height":552},{"@type":"BreadcrumbList","@id":"https:\/\/pigyki.fr\/index.php\/es\/cronologia\/#breadcrumb","itemListElement":[{"@type":"ListItem","position":1,"name":"Accueil","item":"https:\/\/pigyki.fr\/"},{"@type":"ListItem","position":2,"name":"Cronolog\u00eda"}]},{"@type":"WebSite","@id":"https:\/\/pigyki.fr\/#website","url":"https:\/\/pigyki.fr\/","name":"Pigyki","description":"C.L. al fine","publisher":{"@id":"https:\/\/pigyki.fr\/#\/schema\/person\/69b76bc8a17bddaf3ffd40d3cc9a4161"},"potentialAction":[{"@type":"SearchAction","target":{"@type":"EntryPoint","urlTemplate":"https:\/\/pigyki.fr\/?s={search_term_string}"},"query-input":{"@type":"PropertyValueSpecification","valueRequired":true,"valueName":"search_term_string"}}],"inLanguage":"fr-FR"},{"@type":["Person","Organization"],"@id":"https:\/\/pigyki.fr\/#\/schema\/person\/69b76bc8a17bddaf3ffd40d3cc9a4161","name":"Pigyki","image":{"@type":"ImageObject","inLanguage":"fr-FR","@id":"https:\/\/pigyki.fr\/wp-content\/uploads\/2023\/06\/Logo-CL.jpg","url":"https:\/\/pigyki.fr\/wp-content\/uploads\/2023\/06\/Logo-CL.jpg","contentUrl":"https:\/\/pigyki.fr\/wp-content\/uploads\/2023\/06\/Logo-CL.jpg","width":524,"height":586,"caption":"Pigyki"},"logo":{"@id":"https:\/\/pigyki.fr\/wp-content\/uploads\/2023\/06\/Logo-CL.jpg"},"sameAs":["http:\/\/pigyki.fr"]}]}},"_links":{"self":[{"href":"https:\/\/pigyki.fr\/index.php\/wp-json\/wp\/v2\/pages\/3651","targetHints":{"allow":["GET"]}}],"collection":[{"href":"https:\/\/pigyki.fr\/index.php\/wp-json\/wp\/v2\/pages"}],"about":[{"href":"https:\/\/pigyki.fr\/index.php\/wp-json\/wp\/v2\/types\/page"}],"author":[{"embeddable":true,"href":"https:\/\/pigyki.fr\/index.php\/wp-json\/wp\/v2\/users\/1"}],"replies":[{"embeddable":true,"href":"https:\/\/pigyki.fr\/index.php\/wp-json\/wp\/v2\/comments?post=3651"}],"version-history":[{"count":16,"href":"https:\/\/pigyki.fr\/index.php\/wp-json\/wp\/v2\/pages\/3651\/revisions"}],"predecessor-version":[{"id":6563,"href":"https:\/\/pigyki.fr\/index.php\/wp-json\/wp\/v2\/pages\/3651\/revisions\/6563"}],"wp:featuredmedia":[{"embeddable":true,"href":"https:\/\/pigyki.fr\/index.php\/wp-json\/wp\/v2\/media\/3631"}],"wp:attachment":[{"href":"https:\/\/pigyki.fr\/index.php\/wp-json\/wp\/v2\/media?parent=3651"}],"curies":[{"name":"wp","href":"https:\/\/api.w.org\/{rel}","templated":true}]}}