{"id":2217,"date":"2024-03-22T17:52:11","date_gmt":"2024-03-22T16:52:11","guid":{"rendered":"https:\/\/pigyki.fr\/?page_id=2217"},"modified":"2024-03-29T08:21:14","modified_gmt":"2024-03-29T07:21:14","slug":"podcasts-2","status":"publish","type":"page","link":"https:\/\/pigyki.fr\/index.php\/es\/podcasts-2\/","title":{"rendered":"Podcasts"},"content":{"rendered":"\n<h4 class=\"wp-block-heading\">Podcasts de Christophe Lazerges<\/h4>\n\n\n\n<p>Aqu\u00ed encontrar\u00e1 enlaces a los podcasts a medida que se vayan publicando.<br>Espero que disfrute escuch\u00e1ndolos, y agradezco sus comentarios y sugerencias al final de la p\u00e1gina\u2026<\/p>\n\n\n\n<div class=\"wp-block-columns is-layout-flex wp-container-core-columns-is-layout-9d6595d7 wp-block-columns-is-layout-flex\">\n<div class=\"wp-block-column is-layout-flow wp-block-column-is-layout-flow\">\n<ul class=\"wp-block-list\">\n<li><em><strong>Las jerarqu\u00edas en cuesti\u00f3n<\/strong><\/em> (18&prime;)<\/li>\n<\/ul>\n\n\n\n<figure class=\"wp-block-audio\"><audio controls src=\"https:\/\/pigyki.fr\/wp-content\/uploads\/2024\/03\/Podcast-en-Espanol-.mp3\"><\/audio><\/figure>\n\n\n\n<div style=\"height:30px\" aria-hidden=\"true\" id=\"conference-chansons\" class=\"wp-block-spacer\"><\/div>\n\n\n\n<ul class=\"wp-block-list\">\n<li><strong><em>Conferencia sobre las canciones &#8211; <\/em>EN FRANC\u00c9S<em><br>&#8211; 6 episodios &#8211;<\/em><\/strong><\/li>\n<\/ul>\n\n\n\n<p>Este podcast ha sido elaborado a partir de la banda sonora del v\u00eddeo de esta conferencia impartida en Rym\u00e9a el 5 de marzo de 2019 para padres de escolares, y dividido en 6 partes seg\u00fan los temas tratados.<\/p>\n\n\n\n<ol class=\"wp-block-list\">\n<li><a href=\"https:\/\/pigyki.fr\/wp-content\/uploads\/2024\/03\/Podcast-1-Conference-sur-les-chansons-16.mp3\" target=\"_blank\" rel=\"noreferrer noopener\"><strong><em>La voix, le chant et les chansons<\/em><\/strong><\/a> (19&prime;)<\/li>\n\n\n\n<li><a href=\"https:\/\/pigyki.fr\/wp-content\/uploads\/2024\/03\/Podcast-1-Conference-sur-les-chansons-26.mp3\" target=\"_blank\" rel=\"noreferrer noopener\"><strong><em>Les chansons de 2 \u00e0 5 notes<\/em><\/strong><\/a> (25&prime;)<\/li>\n\n\n\n<li><a href=\"https:\/\/pigyki.fr\/wp-content\/uploads\/2024\/03\/Podcast-1-Conference-sur-les-chansons-36.mp3\" target=\"_blank\" rel=\"noreferrer noopener\"><strong><em>Les chansons pour les noms des notes<\/em><\/strong><\/a> (16&prime;)<\/li>\n\n\n\n<li><a href=\"https:\/\/pigyki.fr\/wp-content\/uploads\/2024\/03\/Podcast-1-Conference-sur-les-chansons-46.mp3\" target=\"_blank\" rel=\"noreferrer noopener\"><strong><em>Les chansons d&rsquo;intervalles<\/em><\/strong><\/a> (22&prime;)<\/li>\n\n\n\n<li><a href=\"https:\/\/pigyki.fr\/wp-content\/uploads\/2024\/03\/Podcast-1-Conference-sur-les-chansons-56.mp3\" target=\"_blank\" rel=\"noreferrer noopener\"><strong><em>Chansons pour le rythme et la polyphonie<\/em><\/strong><\/a> (11&prime;)<\/li>\n\n\n\n<li><a href=\"https:\/\/pigyki.fr\/wp-content\/uploads\/2024\/03\/Podcast-1-Conference-sur-les-chansons-66.mp3\"><strong><em>Chanter avec ses enfants &#8211; Pr\u00e9sentation de \u00ab\u00a0<\/em>L&rsquo;expresseur<em>\u00a0\u00bb de Franck Revolle<\/em><\/strong><\/a> (23&prime;)<\/li>\n<\/ol>\n<\/div>\n<\/div>\n","protected":false},"excerpt":{"rendered":"<p>Podcasts de Christophe Lazerges Aqu\u00ed encontrar\u00e1 enlaces a los podcasts a medida que se vayan publicando.Espero que disfrute escuch\u00e1ndolos, y agradezco sus comentarios y sugerencias al final de la p\u00e1gina\u2026 &hellip;<\/p>\n","protected":false},"author":1,"featured_media":2209,"parent":0,"menu_order":0,"comment_status":"open","ping_status":"closed","template":"","meta":{"rop_custom_images_group":[],"rop_custom_messages_group":[],"rop_publish_now":"initial","rop_publish_now_accounts":[],"rop_publish_now_history":[],"rop_publish_now_status":"pending","footnotes":""},"class_list":["post-2217","page","type-page","status-publish","has-post-thumbnail","hentry"],"yoast_head":"<!-- This site is optimized with the Yoast SEO plugin v27.4 - https:\/\/yoast.com\/product\/yoast-seo-wordpress\/ -->\n<title>Podcasts - Pigyki<\/title>\n<meta name=\"robots\" content=\"index, follow, max-snippet:-1, max-image-preview:large, max-video-preview:-1\" \/>\n<link rel=\"canonical\" href=\"https:\/\/pigyki.fr\/index.php\/es\/podcasts-2\/\" \/>\n<meta property=\"og:locale\" content=\"fr_FR\" \/>\n<meta property=\"og:type\" content=\"article\" \/>\n<meta property=\"og:title\" content=\"Podcasts - Pigyki\" \/>\n<meta property=\"og:description\" content=\"Podcasts de Christophe Lazerges Aqu\u00ed encontrar\u00e1 enlaces a los podcasts a medida que se vayan publicando.Espero que disfrute escuch\u00e1ndolos, y agradezco sus comentarios y sugerencias al final de la p\u00e1gina\u2026 &hellip;\" \/>\n<meta property=\"og:url\" content=\"https:\/\/pigyki.fr\/index.php\/es\/podcasts-2\/\" \/>\n<meta property=\"og:site_name\" content=\"Pigyki\" \/>\n<meta property=\"article:modified_time\" content=\"2024-03-29T07:21:14+00:00\" \/>\n<meta property=\"og:image\" content=\"https:\/\/pigyki.fr\/wp-content\/uploads\/2024\/03\/WhatsApp-Image-2024-03-21-at-11.31.28.jpeg\" \/>\n\t<meta property=\"og:image:width\" content=\"2000\" \/>\n\t<meta property=\"og:image:height\" content=\"900\" \/>\n\t<meta property=\"og:image:type\" content=\"image\/jpeg\" \/>\n<meta name=\"twitter:card\" content=\"summary_large_image\" \/>\n<meta name=\"twitter:label1\" content=\"Dur\u00e9e de lecture estim\u00e9e\" \/>\n\t<meta name=\"twitter:data1\" content=\"1 minute\" \/>\n<script type=\"application\/ld+json\" class=\"yoast-schema-graph\">{\"@context\":\"https:\\\/\\\/schema.org\",\"@graph\":[{\"@type\":\"WebPage\",\"@id\":\"https:\\\/\\\/pigyki.fr\\\/index.php\\\/es\\\/podcasts-2\\\/\",\"url\":\"https:\\\/\\\/pigyki.fr\\\/index.php\\\/es\\\/podcasts-2\\\/\",\"name\":\"Podcasts - Pigyki\",\"isPartOf\":{\"@id\":\"https:\\\/\\\/pigyki.fr\\\/#website\"},\"primaryImageOfPage\":{\"@id\":\"https:\\\/\\\/pigyki.fr\\\/index.php\\\/es\\\/podcasts-2\\\/#primaryimage\"},\"image\":{\"@id\":\"https:\\\/\\\/pigyki.fr\\\/index.php\\\/es\\\/podcasts-2\\\/#primaryimage\"},\"thumbnailUrl\":\"https:\\\/\\\/pigyki.fr\\\/wp-content\\\/uploads\\\/2024\\\/03\\\/WhatsApp-Image-2024-03-21-at-11.31.28.jpeg\",\"datePublished\":\"2024-03-22T16:52:11+00:00\",\"dateModified\":\"2024-03-29T07:21:14+00:00\",\"breadcrumb\":{\"@id\":\"https:\\\/\\\/pigyki.fr\\\/index.php\\\/es\\\/podcasts-2\\\/#breadcrumb\"},\"inLanguage\":\"fr-FR\",\"potentialAction\":[{\"@type\":\"ReadAction\",\"target\":[\"https:\\\/\\\/pigyki.fr\\\/index.php\\\/es\\\/podcasts-2\\\/\"]}]},{\"@type\":\"ImageObject\",\"inLanguage\":\"fr-FR\",\"@id\":\"https:\\\/\\\/pigyki.fr\\\/index.php\\\/es\\\/podcasts-2\\\/#primaryimage\",\"url\":\"https:\\\/\\\/pigyki.fr\\\/wp-content\\\/uploads\\\/2024\\\/03\\\/WhatsApp-Image-2024-03-21-at-11.31.28.jpeg\",\"contentUrl\":\"https:\\\/\\\/pigyki.fr\\\/wp-content\\\/uploads\\\/2024\\\/03\\\/WhatsApp-Image-2024-03-21-at-11.31.28.jpeg\",\"width\":2000,\"height\":900},{\"@type\":\"BreadcrumbList\",\"@id\":\"https:\\\/\\\/pigyki.fr\\\/index.php\\\/es\\\/podcasts-2\\\/#breadcrumb\",\"itemListElement\":[{\"@type\":\"ListItem\",\"position\":1,\"name\":\"Accueil\",\"item\":\"https:\\\/\\\/pigyki.fr\\\/\"},{\"@type\":\"ListItem\",\"position\":2,\"name\":\"Podcasts\"}]},{\"@type\":\"WebSite\",\"@id\":\"https:\\\/\\\/pigyki.fr\\\/#website\",\"url\":\"https:\\\/\\\/pigyki.fr\\\/\",\"name\":\"Pigyki\",\"description\":\"C.L. al fine\",\"publisher\":{\"@id\":\"https:\\\/\\\/pigyki.fr\\\/#\\\/schema\\\/person\\\/69b76bc8a17bddaf3ffd40d3cc9a4161\"},\"potentialAction\":[{\"@type\":\"SearchAction\",\"target\":{\"@type\":\"EntryPoint\",\"urlTemplate\":\"https:\\\/\\\/pigyki.fr\\\/?s={search_term_string}\"},\"query-input\":{\"@type\":\"PropertyValueSpecification\",\"valueRequired\":true,\"valueName\":\"search_term_string\"}}],\"inLanguage\":\"fr-FR\"},{\"@type\":[\"Person\",\"Organization\"],\"@id\":\"https:\\\/\\\/pigyki.fr\\\/#\\\/schema\\\/person\\\/69b76bc8a17bddaf3ffd40d3cc9a4161\",\"name\":\"Pigyki\",\"image\":{\"@type\":\"ImageObject\",\"inLanguage\":\"fr-FR\",\"@id\":\"https:\\\/\\\/pigyki.fr\\\/wp-content\\\/uploads\\\/2023\\\/06\\\/Logo-CL.jpg\",\"url\":\"https:\\\/\\\/pigyki.fr\\\/wp-content\\\/uploads\\\/2023\\\/06\\\/Logo-CL.jpg\",\"contentUrl\":\"https:\\\/\\\/pigyki.fr\\\/wp-content\\\/uploads\\\/2023\\\/06\\\/Logo-CL.jpg\",\"width\":524,\"height\":586,\"caption\":\"Pigyki\"},\"logo\":{\"@id\":\"https:\\\/\\\/pigyki.fr\\\/wp-content\\\/uploads\\\/2023\\\/06\\\/Logo-CL.jpg\"},\"sameAs\":[\"http:\\\/\\\/pigyki.fr\"]}]}<\/script>\n<!-- \/ Yoast SEO plugin. -->","yoast_head_json":{"title":"Podcasts - Pigyki","robots":{"index":"index","follow":"follow","max-snippet":"max-snippet:-1","max-image-preview":"max-image-preview:large","max-video-preview":"max-video-preview:-1"},"canonical":"https:\/\/pigyki.fr\/index.php\/es\/podcasts-2\/","og_locale":"fr_FR","og_type":"article","og_title":"Podcasts - Pigyki","og_description":"Podcasts de Christophe Lazerges Aqu\u00ed encontrar\u00e1 enlaces a los podcasts a medida que se vayan publicando.Espero que disfrute escuch\u00e1ndolos, y agradezco sus comentarios y sugerencias al final de la p\u00e1gina\u2026 &hellip;","og_url":"https:\/\/pigyki.fr\/index.php\/es\/podcasts-2\/","og_site_name":"Pigyki","article_modified_time":"2024-03-29T07:21:14+00:00","og_image":[{"width":2000,"height":900,"url":"https:\/\/pigyki.fr\/wp-content\/uploads\/2024\/03\/WhatsApp-Image-2024-03-21-at-11.31.28.jpeg","type":"image\/jpeg"}],"twitter_card":"summary_large_image","twitter_misc":{"Dur\u00e9e de lecture estim\u00e9e":"1 minute"},"schema":{"@context":"https:\/\/schema.org","@graph":[{"@type":"WebPage","@id":"https:\/\/pigyki.fr\/index.php\/es\/podcasts-2\/","url":"https:\/\/pigyki.fr\/index.php\/es\/podcasts-2\/","name":"Podcasts - Pigyki","isPartOf":{"@id":"https:\/\/pigyki.fr\/#website"},"primaryImageOfPage":{"@id":"https:\/\/pigyki.fr\/index.php\/es\/podcasts-2\/#primaryimage"},"image":{"@id":"https:\/\/pigyki.fr\/index.php\/es\/podcasts-2\/#primaryimage"},"thumbnailUrl":"https:\/\/pigyki.fr\/wp-content\/uploads\/2024\/03\/WhatsApp-Image-2024-03-21-at-11.31.28.jpeg","datePublished":"2024-03-22T16:52:11+00:00","dateModified":"2024-03-29T07:21:14+00:00","breadcrumb":{"@id":"https:\/\/pigyki.fr\/index.php\/es\/podcasts-2\/#breadcrumb"},"inLanguage":"fr-FR","potentialAction":[{"@type":"ReadAction","target":["https:\/\/pigyki.fr\/index.php\/es\/podcasts-2\/"]}]},{"@type":"ImageObject","inLanguage":"fr-FR","@id":"https:\/\/pigyki.fr\/index.php\/es\/podcasts-2\/#primaryimage","url":"https:\/\/pigyki.fr\/wp-content\/uploads\/2024\/03\/WhatsApp-Image-2024-03-21-at-11.31.28.jpeg","contentUrl":"https:\/\/pigyki.fr\/wp-content\/uploads\/2024\/03\/WhatsApp-Image-2024-03-21-at-11.31.28.jpeg","width":2000,"height":900},{"@type":"BreadcrumbList","@id":"https:\/\/pigyki.fr\/index.php\/es\/podcasts-2\/#breadcrumb","itemListElement":[{"@type":"ListItem","position":1,"name":"Accueil","item":"https:\/\/pigyki.fr\/"},{"@type":"ListItem","position":2,"name":"Podcasts"}]},{"@type":"WebSite","@id":"https:\/\/pigyki.fr\/#website","url":"https:\/\/pigyki.fr\/","name":"Pigyki","description":"C.L. al fine","publisher":{"@id":"https:\/\/pigyki.fr\/#\/schema\/person\/69b76bc8a17bddaf3ffd40d3cc9a4161"},"potentialAction":[{"@type":"SearchAction","target":{"@type":"EntryPoint","urlTemplate":"https:\/\/pigyki.fr\/?s={search_term_string}"},"query-input":{"@type":"PropertyValueSpecification","valueRequired":true,"valueName":"search_term_string"}}],"inLanguage":"fr-FR"},{"@type":["Person","Organization"],"@id":"https:\/\/pigyki.fr\/#\/schema\/person\/69b76bc8a17bddaf3ffd40d3cc9a4161","name":"Pigyki","image":{"@type":"ImageObject","inLanguage":"fr-FR","@id":"https:\/\/pigyki.fr\/wp-content\/uploads\/2023\/06\/Logo-CL.jpg","url":"https:\/\/pigyki.fr\/wp-content\/uploads\/2023\/06\/Logo-CL.jpg","contentUrl":"https:\/\/pigyki.fr\/wp-content\/uploads\/2023\/06\/Logo-CL.jpg","width":524,"height":586,"caption":"Pigyki"},"logo":{"@id":"https:\/\/pigyki.fr\/wp-content\/uploads\/2023\/06\/Logo-CL.jpg"},"sameAs":["http:\/\/pigyki.fr"]}]}},"_links":{"self":[{"href":"https:\/\/pigyki.fr\/index.php\/wp-json\/wp\/v2\/pages\/2217","targetHints":{"allow":["GET"]}}],"collection":[{"href":"https:\/\/pigyki.fr\/index.php\/wp-json\/wp\/v2\/pages"}],"about":[{"href":"https:\/\/pigyki.fr\/index.php\/wp-json\/wp\/v2\/types\/page"}],"author":[{"embeddable":true,"href":"https:\/\/pigyki.fr\/index.php\/wp-json\/wp\/v2\/users\/1"}],"replies":[{"embeddable":true,"href":"https:\/\/pigyki.fr\/index.php\/wp-json\/wp\/v2\/comments?post=2217"}],"version-history":[{"count":7,"href":"https:\/\/pigyki.fr\/index.php\/wp-json\/wp\/v2\/pages\/2217\/revisions"}],"predecessor-version":[{"id":2262,"href":"https:\/\/pigyki.fr\/index.php\/wp-json\/wp\/v2\/pages\/2217\/revisions\/2262"}],"wp:featuredmedia":[{"embeddable":true,"href":"https:\/\/pigyki.fr\/index.php\/wp-json\/wp\/v2\/media\/2209"}],"wp:attachment":[{"href":"https:\/\/pigyki.fr\/index.php\/wp-json\/wp\/v2\/media?parent=2217"}],"curies":[{"name":"wp","href":"https:\/\/api.w.org\/{rel}","templated":true}]}}