{"id":1661,"date":"2024-01-25T11:10:35","date_gmt":"2024-01-25T10:10:35","guid":{"rendered":"https:\/\/pigyki.fr\/?page_id=1661"},"modified":"2024-01-25T14:56:55","modified_gmt":"2024-01-25T13:56:55","slug":"catalogue-youtube-congres-bresil-2022","status":"publish","type":"page","link":"https:\/\/pigyki.fr\/index.php\/catalogue-youtube-congres-bresil-2022\/","title":{"rendered":"Catalogue YouTube Congr\u00e8s Br\u00e9sil 2022"},"content":{"rendered":"\n<p>Voici les enregistrements de tous les ateliers que j&rsquo;ai conduits durant ce Congr\u00e8s \u00e0 Salvador-Bahia en Juillet 2022, en collaboration et dans les locaux de NEOJIBA. Durant les 5 jours du Congr\u00e8s, j&rsquo;ai pr\u00e9sent\u00e9 3 th\u00e9matiques avec la participation active des congressistes. Chaque atelier dure une heure environ, en fran\u00e7ais avec traduction en portugais du Br\u00e9sil par Angela Sinicco-Benda.<\/p>\n\n\n\n<h4 class=\"wp-block-heading\">A. Passage entre le 1er et le 2\u00e8me degr\u00e9<\/h4>\n\n\n\n<ul class=\"wp-block-list\">\n<li>A1 &#8211; 1er degr\u00e9 avec les Congressistes : <a href=\"https:\/\/youtu.be\/v9CEoIXW70M\" target=\"_blank\" rel=\"noreferrer noopener\">https:\/\/youtu.be\/v9CEoIXW70M<\/a><\/li>\n\n\n\n<li>A2 &#8211; L&rsquo;audition du 1er au 2\u00e8me degr\u00e9 : <a href=\"https:\/\/youtu.be\/T6XLfpDWb00\" target=\"_blank\" rel=\"noreferrer noopener\">https:\/\/youtu.be\/T6XLfpDWb00<\/a><\/li>\n\n\n\n<li>A3 &#8211; Le Rythme du 1er au 2\u00e8me degr\u00e9 : <a href=\"https:\/\/youtu.be\/xNK6eaFu_Bc\" target=\"_blank\" rel=\"noreferrer noopener\">https:\/\/youtu.be\/xNK6eaFu_Bc<\/a><\/li>\n\n\n\n<li>A4 &#8211; Les chansons du 1er au 2\u00e8me degr\u00e9 : <a href=\"https:\/\/youtu.be\/9dL0bSnWe7E\" target=\"_blank\" rel=\"noreferrer noopener\">https:\/\/youtu.be\/9dL0bSnWe7E<\/a><\/li>\n\n\n\n<li>A5 &#8211; Les mouvements corporels naturels du 1er au 2\u00e8me degr\u00e9 : <a href=\"https:\/\/youtu.be\/QilCaCJ_ULw\" target=\"_blank\" rel=\"noreferrer noopener\">https:\/\/youtu.be\/QilCaCJ_ULw<\/a><\/li>\n<\/ul>\n\n\n\n<h4 class=\"wp-block-heading\">B. Introduction \u00e0 la lecture et aux d\u00e9buts instrumentaux<\/h4>\n\n\n\n<ul class=\"wp-block-list\">\n<li>B1 &#8211; Introduction \u00e0 la Lecture et \u00e0 l&rsquo;instrument : <a href=\"https:\/\/youtu.be\/BDPob_v7Vdk\" target=\"_blank\" rel=\"noreferrer noopener\">https:\/\/youtu.be\/BDPob_v7Vdk<\/a><\/li>\n\n\n\n<li>B2 &#8211; Introduction \u00e0 la Lecture et l&rsquo;instrument : <a href=\"https:\/\/youtu.be\/jnibm4fv9tw\" target=\"_blank\" rel=\"noreferrer noopener\">https:\/\/youtu.be\/jnibm4fv9tw<\/a><\/li>\n\n\n\n<li>B3 &#8211; Introduction \u00e0 la Lecture et \u00e0 l&rsquo;instrument : <a href=\"https:\/\/youtu.be\/AKJuDfldxTo\" target=\"_blank\" rel=\"noreferrer noopener\">https:\/\/youtu.be\/AKJuDfldxTo<\/a><\/li>\n\n\n\n<li>B4 &#8211; Introduction \u00e0 la Lecture et \u00e0 l&rsquo;instrument : <a href=\"https:\/\/youtu.be\/lpZRKsWpYg4\" target=\"_blank\" rel=\"noreferrer noopener\">https:\/\/youtu.be\/lpZRKsWpYg4<\/a><\/li>\n<\/ul>\n\n\n\n<h4 class=\"wp-block-heading\">C. L&rsquo;improvisation dans tous ses \u00e9tats<\/h4>\n\n\n\n<ul class=\"wp-block-list\">\n<li>C1 &#8211; Pr\u00e9sentation de l&rsquo;improvisation Rythmique : <a href=\"https:\/\/youtu.be\/bHp3Z-hWckI\" target=\"_blank\" rel=\"noreferrer noopener\">https:\/\/youtu.be\/bHp3Z-hWckI<\/a><\/li>\n\n\n\n<li>C2. Pr\u00e9sentation de l&rsquo;improvisation M\u00e9lodique : <a href=\"https:\/\/youtu.be\/Qcoaj3aEf7g\" target=\"_blank\" rel=\"noreferrer noopener\">https:\/\/youtu.be\/Qcoaj3aEf7g<\/a><\/li>\n\n\n\n<li>C3. Pr\u00e9sentation de l&rsquo;improvisation Harmonique : <a href=\"https:\/\/youtu.be\/myFrcD57SnA\" target=\"_blank\" rel=\"noreferrer noopener\">https:\/\/youtu.be\/myFrcD57SnA<\/a><\/li>\n\n\n\n<li>C4 &#8211; Pr\u00e9sentation de l&rsquo;improvisation Polyphonique : <a href=\"https:\/\/youtu.be\/7fJcHvfq1D0\" target=\"_blank\" rel=\"noreferrer noopener\">https:\/\/youtu.be\/7fJcHvfq1D0<\/a><\/li>\n\n\n\n<li>C5. Pr\u00e9sentation de l&rsquo;improvisation instrumentale avec les participants du Congr\u00e8s : <a href=\"https:\/\/youtu.be\/SlUG94JYlns\" target=\"_blank\" rel=\"noreferrer noopener\">https:\/\/youtu.be\/SlUG94JYlns<\/a><\/li>\n<\/ul>\n","protected":false},"excerpt":{"rendered":"<p>Voici les enregistrements de tous les ateliers que j&rsquo;ai conduits durant ce Congr\u00e8s \u00e0 Salvador-Bahia en Juillet 2022, en collaboration et dans les locaux de NEOJIBA. Durant les 5 jours &hellip;<\/p>\n","protected":false},"author":1,"featured_media":1672,"parent":0,"menu_order":0,"comment_status":"closed","ping_status":"closed","template":"","meta":{"rop_custom_images_group":[],"rop_custom_messages_group":[],"rop_publish_now":"initial","rop_publish_now_accounts":[],"rop_publish_now_history":[],"rop_publish_now_status":"pending","footnotes":""},"class_list":["post-1661","page","type-page","status-publish","has-post-thumbnail","hentry"],"yoast_head":"<!-- This site is optimized with the Yoast SEO plugin v27.4 - https:\/\/yoast.com\/product\/yoast-seo-wordpress\/ -->\n<title>Catalogue YouTube Congr\u00e8s Br\u00e9sil 2022 - Pigyki<\/title>\n<meta name=\"robots\" content=\"index, follow, max-snippet:-1, max-image-preview:large, max-video-preview:-1\" \/>\n<link rel=\"canonical\" href=\"https:\/\/pigyki.fr\/index.php\/catalogue-youtube-congres-bresil-2022\/\" \/>\n<meta property=\"og:locale\" content=\"fr_FR\" \/>\n<meta property=\"og:type\" content=\"article\" \/>\n<meta property=\"og:title\" content=\"Catalogue YouTube Congr\u00e8s Br\u00e9sil 2022 - Pigyki\" \/>\n<meta property=\"og:description\" content=\"Voici les enregistrements de tous les ateliers que j&rsquo;ai conduits durant ce Congr\u00e8s \u00e0 Salvador-Bahia en Juillet 2022, en collaboration et dans les locaux de NEOJIBA. Durant les 5 jours &hellip;\" \/>\n<meta property=\"og:url\" content=\"https:\/\/pigyki.fr\/index.php\/catalogue-youtube-congres-bresil-2022\/\" \/>\n<meta property=\"og:site_name\" content=\"Pigyki\" \/>\n<meta property=\"article:modified_time\" content=\"2024-01-25T13:56:55+00:00\" \/>\n<meta property=\"og:image\" content=\"https:\/\/pigyki.fr\/wp-content\/uploads\/2024\/01\/Congres-Bresil-Atelier.jpg\" \/>\n\t<meta property=\"og:image:width\" content=\"1749\" \/>\n\t<meta property=\"og:image:height\" content=\"963\" \/>\n\t<meta property=\"og:image:type\" content=\"image\/jpeg\" \/>\n<meta name=\"twitter:card\" content=\"summary_large_image\" \/>\n<meta name=\"twitter:label1\" content=\"Dur\u00e9e de lecture estim\u00e9e\" \/>\n\t<meta name=\"twitter:data1\" content=\"2 minutes\" \/>\n<script type=\"application\/ld+json\" class=\"yoast-schema-graph\">{\"@context\":\"https:\\\/\\\/schema.org\",\"@graph\":[{\"@type\":\"WebPage\",\"@id\":\"https:\\\/\\\/pigyki.fr\\\/index.php\\\/catalogue-youtube-congres-bresil-2022\\\/\",\"url\":\"https:\\\/\\\/pigyki.fr\\\/index.php\\\/catalogue-youtube-congres-bresil-2022\\\/\",\"name\":\"Catalogue YouTube Congr\u00e8s Br\u00e9sil 2022 - Pigyki\",\"isPartOf\":{\"@id\":\"https:\\\/\\\/pigyki.fr\\\/#website\"},\"primaryImageOfPage\":{\"@id\":\"https:\\\/\\\/pigyki.fr\\\/index.php\\\/catalogue-youtube-congres-bresil-2022\\\/#primaryimage\"},\"image\":{\"@id\":\"https:\\\/\\\/pigyki.fr\\\/index.php\\\/catalogue-youtube-congres-bresil-2022\\\/#primaryimage\"},\"thumbnailUrl\":\"https:\\\/\\\/pigyki.fr\\\/wp-content\\\/uploads\\\/2024\\\/01\\\/Congres-Bresil-Atelier.jpg\",\"datePublished\":\"2024-01-25T10:10:35+00:00\",\"dateModified\":\"2024-01-25T13:56:55+00:00\",\"breadcrumb\":{\"@id\":\"https:\\\/\\\/pigyki.fr\\\/index.php\\\/catalogue-youtube-congres-bresil-2022\\\/#breadcrumb\"},\"inLanguage\":\"fr-FR\",\"potentialAction\":[{\"@type\":\"ReadAction\",\"target\":[\"https:\\\/\\\/pigyki.fr\\\/index.php\\\/catalogue-youtube-congres-bresil-2022\\\/\"]}]},{\"@type\":\"ImageObject\",\"inLanguage\":\"fr-FR\",\"@id\":\"https:\\\/\\\/pigyki.fr\\\/index.php\\\/catalogue-youtube-congres-bresil-2022\\\/#primaryimage\",\"url\":\"https:\\\/\\\/pigyki.fr\\\/wp-content\\\/uploads\\\/2024\\\/01\\\/Congres-Bresil-Atelier.jpg\",\"contentUrl\":\"https:\\\/\\\/pigyki.fr\\\/wp-content\\\/uploads\\\/2024\\\/01\\\/Congres-Bresil-Atelier.jpg\",\"width\":1749,\"height\":963},{\"@type\":\"BreadcrumbList\",\"@id\":\"https:\\\/\\\/pigyki.fr\\\/index.php\\\/catalogue-youtube-congres-bresil-2022\\\/#breadcrumb\",\"itemListElement\":[{\"@type\":\"ListItem\",\"position\":1,\"name\":\"Accueil\",\"item\":\"https:\\\/\\\/pigyki.fr\\\/\"},{\"@type\":\"ListItem\",\"position\":2,\"name\":\"Catalogue YouTube Congr\u00e8s Br\u00e9sil 2022\"}]},{\"@type\":\"WebSite\",\"@id\":\"https:\\\/\\\/pigyki.fr\\\/#website\",\"url\":\"https:\\\/\\\/pigyki.fr\\\/\",\"name\":\"Pigyki\",\"description\":\"C.L. al fine\",\"publisher\":{\"@id\":\"https:\\\/\\\/pigyki.fr\\\/#\\\/schema\\\/person\\\/69b76bc8a17bddaf3ffd40d3cc9a4161\"},\"potentialAction\":[{\"@type\":\"SearchAction\",\"target\":{\"@type\":\"EntryPoint\",\"urlTemplate\":\"https:\\\/\\\/pigyki.fr\\\/?s={search_term_string}\"},\"query-input\":{\"@type\":\"PropertyValueSpecification\",\"valueRequired\":true,\"valueName\":\"search_term_string\"}}],\"inLanguage\":\"fr-FR\"},{\"@type\":[\"Person\",\"Organization\"],\"@id\":\"https:\\\/\\\/pigyki.fr\\\/#\\\/schema\\\/person\\\/69b76bc8a17bddaf3ffd40d3cc9a4161\",\"name\":\"Pigyki\",\"image\":{\"@type\":\"ImageObject\",\"inLanguage\":\"fr-FR\",\"@id\":\"https:\\\/\\\/pigyki.fr\\\/wp-content\\\/uploads\\\/2023\\\/06\\\/Logo-CL.jpg\",\"url\":\"https:\\\/\\\/pigyki.fr\\\/wp-content\\\/uploads\\\/2023\\\/06\\\/Logo-CL.jpg\",\"contentUrl\":\"https:\\\/\\\/pigyki.fr\\\/wp-content\\\/uploads\\\/2023\\\/06\\\/Logo-CL.jpg\",\"width\":524,\"height\":586,\"caption\":\"Pigyki\"},\"logo\":{\"@id\":\"https:\\\/\\\/pigyki.fr\\\/wp-content\\\/uploads\\\/2023\\\/06\\\/Logo-CL.jpg\"},\"sameAs\":[\"http:\\\/\\\/pigyki.fr\"]}]}<\/script>\n<!-- \/ Yoast SEO plugin. -->","yoast_head_json":{"title":"Catalogue YouTube Congr\u00e8s Br\u00e9sil 2022 - Pigyki","robots":{"index":"index","follow":"follow","max-snippet":"max-snippet:-1","max-image-preview":"max-image-preview:large","max-video-preview":"max-video-preview:-1"},"canonical":"https:\/\/pigyki.fr\/index.php\/catalogue-youtube-congres-bresil-2022\/","og_locale":"fr_FR","og_type":"article","og_title":"Catalogue YouTube Congr\u00e8s Br\u00e9sil 2022 - Pigyki","og_description":"Voici les enregistrements de tous les ateliers que j&rsquo;ai conduits durant ce Congr\u00e8s \u00e0 Salvador-Bahia en Juillet 2022, en collaboration et dans les locaux de NEOJIBA. Durant les 5 jours &hellip;","og_url":"https:\/\/pigyki.fr\/index.php\/catalogue-youtube-congres-bresil-2022\/","og_site_name":"Pigyki","article_modified_time":"2024-01-25T13:56:55+00:00","og_image":[{"width":1749,"height":963,"url":"https:\/\/pigyki.fr\/wp-content\/uploads\/2024\/01\/Congres-Bresil-Atelier.jpg","type":"image\/jpeg"}],"twitter_card":"summary_large_image","twitter_misc":{"Dur\u00e9e de lecture estim\u00e9e":"2 minutes"},"schema":{"@context":"https:\/\/schema.org","@graph":[{"@type":"WebPage","@id":"https:\/\/pigyki.fr\/index.php\/catalogue-youtube-congres-bresil-2022\/","url":"https:\/\/pigyki.fr\/index.php\/catalogue-youtube-congres-bresil-2022\/","name":"Catalogue YouTube Congr\u00e8s Br\u00e9sil 2022 - Pigyki","isPartOf":{"@id":"https:\/\/pigyki.fr\/#website"},"primaryImageOfPage":{"@id":"https:\/\/pigyki.fr\/index.php\/catalogue-youtube-congres-bresil-2022\/#primaryimage"},"image":{"@id":"https:\/\/pigyki.fr\/index.php\/catalogue-youtube-congres-bresil-2022\/#primaryimage"},"thumbnailUrl":"https:\/\/pigyki.fr\/wp-content\/uploads\/2024\/01\/Congres-Bresil-Atelier.jpg","datePublished":"2024-01-25T10:10:35+00:00","dateModified":"2024-01-25T13:56:55+00:00","breadcrumb":{"@id":"https:\/\/pigyki.fr\/index.php\/catalogue-youtube-congres-bresil-2022\/#breadcrumb"},"inLanguage":"fr-FR","potentialAction":[{"@type":"ReadAction","target":["https:\/\/pigyki.fr\/index.php\/catalogue-youtube-congres-bresil-2022\/"]}]},{"@type":"ImageObject","inLanguage":"fr-FR","@id":"https:\/\/pigyki.fr\/index.php\/catalogue-youtube-congres-bresil-2022\/#primaryimage","url":"https:\/\/pigyki.fr\/wp-content\/uploads\/2024\/01\/Congres-Bresil-Atelier.jpg","contentUrl":"https:\/\/pigyki.fr\/wp-content\/uploads\/2024\/01\/Congres-Bresil-Atelier.jpg","width":1749,"height":963},{"@type":"BreadcrumbList","@id":"https:\/\/pigyki.fr\/index.php\/catalogue-youtube-congres-bresil-2022\/#breadcrumb","itemListElement":[{"@type":"ListItem","position":1,"name":"Accueil","item":"https:\/\/pigyki.fr\/"},{"@type":"ListItem","position":2,"name":"Catalogue YouTube Congr\u00e8s Br\u00e9sil 2022"}]},{"@type":"WebSite","@id":"https:\/\/pigyki.fr\/#website","url":"https:\/\/pigyki.fr\/","name":"Pigyki","description":"C.L. al fine","publisher":{"@id":"https:\/\/pigyki.fr\/#\/schema\/person\/69b76bc8a17bddaf3ffd40d3cc9a4161"},"potentialAction":[{"@type":"SearchAction","target":{"@type":"EntryPoint","urlTemplate":"https:\/\/pigyki.fr\/?s={search_term_string}"},"query-input":{"@type":"PropertyValueSpecification","valueRequired":true,"valueName":"search_term_string"}}],"inLanguage":"fr-FR"},{"@type":["Person","Organization"],"@id":"https:\/\/pigyki.fr\/#\/schema\/person\/69b76bc8a17bddaf3ffd40d3cc9a4161","name":"Pigyki","image":{"@type":"ImageObject","inLanguage":"fr-FR","@id":"https:\/\/pigyki.fr\/wp-content\/uploads\/2023\/06\/Logo-CL.jpg","url":"https:\/\/pigyki.fr\/wp-content\/uploads\/2023\/06\/Logo-CL.jpg","contentUrl":"https:\/\/pigyki.fr\/wp-content\/uploads\/2023\/06\/Logo-CL.jpg","width":524,"height":586,"caption":"Pigyki"},"logo":{"@id":"https:\/\/pigyki.fr\/wp-content\/uploads\/2023\/06\/Logo-CL.jpg"},"sameAs":["http:\/\/pigyki.fr"]}]}},"_links":{"self":[{"href":"https:\/\/pigyki.fr\/index.php\/wp-json\/wp\/v2\/pages\/1661","targetHints":{"allow":["GET"]}}],"collection":[{"href":"https:\/\/pigyki.fr\/index.php\/wp-json\/wp\/v2\/pages"}],"about":[{"href":"https:\/\/pigyki.fr\/index.php\/wp-json\/wp\/v2\/types\/page"}],"author":[{"embeddable":true,"href":"https:\/\/pigyki.fr\/index.php\/wp-json\/wp\/v2\/users\/1"}],"replies":[{"embeddable":true,"href":"https:\/\/pigyki.fr\/index.php\/wp-json\/wp\/v2\/comments?post=1661"}],"version-history":[{"count":3,"href":"https:\/\/pigyki.fr\/index.php\/wp-json\/wp\/v2\/pages\/1661\/revisions"}],"predecessor-version":[{"id":1670,"href":"https:\/\/pigyki.fr\/index.php\/wp-json\/wp\/v2\/pages\/1661\/revisions\/1670"}],"wp:featuredmedia":[{"embeddable":true,"href":"https:\/\/pigyki.fr\/index.php\/wp-json\/wp\/v2\/media\/1672"}],"wp:attachment":[{"href":"https:\/\/pigyki.fr\/index.php\/wp-json\/wp\/v2\/media?parent=1661"}],"curies":[{"name":"wp","href":"https:\/\/api.w.org\/{rel}","templated":true}]}}