{"id":1484,"date":"2024-01-22T17:52:50","date_gmt":"2024-01-22T16:52:50","guid":{"rendered":"https:\/\/pigyki.fr\/?page_id=1484"},"modified":"2025-07-12T22:47:40","modified_gmt":"2025-07-12T20:47:40","slug":"sumario-de-articulos-sobre-pedagogia","status":"publish","type":"page","link":"https:\/\/pigyki.fr\/index.php\/es\/sumario-de-articulos-sobre-pedagogia\/","title":{"rendered":"Sumario de art\u00edculos sobre pedagog\u00eda"},"content":{"rendered":"\n<p>Vaya directamente al art\u00edculo que trate de una cuesti\u00f3n que le interese haciendo clic en el t\u00edtulo de la tabla inferior.<br>No dude en comentarlos, o incluso contradecirlos, est\u00e1n ah\u00ed para intercambiar puntos de vista y experiencias\u2026<\/p>\n\n\n\n<figure class=\"wp-block-table is-style-regular\"><table><tbody><tr><td><strong><em><a href=\"https:\/\/pigyki.fr\/index.php\/es\/pedagogia\/\" target=\"_blank\" rel=\"noreferrer noopener\">La pedagog\u00eda en cuesti\u00f3n<\/a><\/em><\/strong><\/td><td><strong><em><a href=\"https:\/\/pigyki.fr\/index.php\/es\/2023\/09\/10\/las-canciones-en-cuestion\/\" target=\"_blank\" rel=\"noreferrer noopener\">Las canciones en cuesti\u00f3n<\/a><\/em><\/strong><\/td><\/tr><tr><td><strong><em><a href=\"https:\/\/pigyki.fr\/index.php\/es\/2023\/06\/20\/pedagogia\/\" target=\"_blank\" rel=\"noreferrer noopener\">Los padres en cuesti\u00f3n<\/a><\/em><\/strong><\/td><td><strong><em><a href=\"https:\/\/pigyki.fr\/index.php\/es\/2023\/11\/02\/el-ideal-en-cuestion\/\" target=\"_blank\" rel=\"noreferrer noopener\">El ideal en cuesti\u00f3n<\/a><\/em><\/strong><\/td><\/tr><tr><td><strong><em><a href=\"https:\/\/pigyki.fr\/index.php\/es\/2023\/09\/02\/preguntas-sobre-la-tonalidad\/\" target=\"_blank\" rel=\"noreferrer noopener\">Tonalidad en cuesti\u00f3n<\/a><\/em><\/strong><\/td><td><strong><em><a href=\"https:\/\/pigyki.fr\/index.php\/es\/2024\/01\/16\/podemos-hablar-de-disciplina\/\" target=\"_blank\" rel=\"noreferrer noopener\">La disciplina en cuesti\u00f3n<\/a><\/em><\/strong><\/td><\/tr><tr><td><strong><em><a href=\"https:\/\/pigyki.fr\/index.php\/es\/2023\/09\/02\/el-humor-en-cuestion\/\" target=\"_blank\" rel=\"noreferrer noopener\">El humor en cuesti\u00f3n<\/a><\/em><\/strong><\/td><td><strong><em><a href=\"https:\/\/pigyki.fr\/index.php\/es\/2024\/01\/24\/condenas-en-cuestion\/\" target=\"_blank\" rel=\"noreferrer noopener\">Las condenas en cuesti\u00f3n<\/a><\/em><\/strong><\/td><\/tr><tr><td><strong><em><a href=\"https:\/\/pigyki.fr\/index.php\/es\/2024\/01\/25\/la-escucha-musical-en-cuestion\/\" target=\"_blank\" rel=\"noreferrer noopener\">La escucha musical en cuesti\u00f3n<\/a><\/em><\/strong><\/td><td><strong><em><a href=\"https:\/\/pigyki.fr\/index.php\/es\/2024\/01\/25\/los-movimientos-corporales-en-cuestion\/\" target=\"_blank\" rel=\"noreferrer noopener\">Los movimientos en cuesti\u00f3n<\/a><\/em><\/strong><\/td><\/tr><tr><td><strong><em><a href=\"https:\/\/pigyki.fr\/index.php\/es\/2024\/02\/01\/las-capacidades-en-cuestion\/\" target=\"_blank\" rel=\"noreferrer noopener\">Las capacitades en cuesti\u00f3n<\/a><\/em><\/strong><\/td><td><strong><em><a href=\"https:\/\/pigyki.fr\/index.php\/es\/2024\/02\/16\/las-jerarquias-en-cuestion\/\" target=\"_blank\" rel=\"noreferrer noopener\">Las jerarqu\u00edas en cuesti\u00f3n<\/a><\/em><\/strong><\/td><\/tr><tr><td><strong><em><a href=\"https:\/\/pigyki.fr\/index.php\/es\/2024\/03\/08\/los-contra-ejemplos-en-cuestion\/\" target=\"_blank\" rel=\"noreferrer noopener\">Los contra-ejemplos en cuesti\u00f3n<\/a><\/em><\/strong><\/td><td><strong><em><a href=\"https:\/\/pigyki.fr\/index.php\/es\/2024\/03\/15\/la-autoconfianza-en-cuestion\/\" target=\"_blank\" rel=\"noreferrer noopener\">La autoconfianza en cuesti\u00f3n<\/a><\/em><\/strong><\/td><\/tr><tr><td><strong><em><a href=\"https:\/\/pigyki.fr\/index.php\/es\/2024\/03\/24\/el-trabajo-en-casa-en-cuestion\/\" target=\"_blank\" rel=\"noreferrer noopener\">El trabajo musical en casa en cuesti\u00f3n<\/a><\/em><\/strong><\/td><td><strong><em><a href=\"https:\/\/pigyki.fr\/index.php\/es\/2024\/04\/15\/las-cadencias-en-cuestion\/\">Las cadencias en cuesti\u00f3n<\/a><\/em><\/strong><\/td><\/tr><tr><td><strong><em><a href=\"https:\/\/pigyki.fr\/index.php\/es\/2024\/05\/18\/la-alegria-en-cuestion\/\" target=\"_blank\" rel=\"noreferrer noopener\">La alegr\u00eda en cuesti\u00f3n<\/a><\/em><\/strong><\/td><td><em><a href=\"https:\/\/pigyki.fr\/index.php\/es\/2024\/08\/08\/el-intratonal-en-cuestion\/\" target=\"_blank\" rel=\"noreferrer noopener\"><strong>El intratonal en cuesti\u00f3n<\/strong><\/a><\/em><\/td><\/tr><tr><td><strong><em><a href=\"https:\/\/pigyki.fr\/index.php\/es\/2025\/07\/12\/lo-acousmatico-en-cuestiones\/\" target=\"_blank\" rel=\"noreferrer noopener\">Lo acousm\u00e1tico en cuesti\u00f3nes<\/a><\/em><\/strong><\/td><td><\/td><\/tr><\/tbody><\/table><\/figure>\n\n\n\n<p>Si desea tratar otros temas, escr\u00edbame: <a href=\"mailto:contact@pigyki.fr\" target=\"_blank\" rel=\"noreferrer noopener\"><strong><em>contact@pigyki.fr<\/em><\/strong><\/a>&#8230;<\/p>\n","protected":false},"excerpt":{"rendered":"<p>Vaya directamente al art\u00edculo que trate de una cuesti\u00f3n que le interese haciendo clic en el t\u00edtulo de la tabla inferior.No dude en comentarlos, o incluso contradecirlos, est\u00e1n ah\u00ed para &hellip;<\/p>\n","protected":false},"author":1,"featured_media":0,"parent":0,"menu_order":0,"comment_status":"closed","ping_status":"closed","template":"","meta":{"rop_custom_images_group":[],"rop_custom_messages_group":[],"rop_publish_now":"initial","rop_publish_now_accounts":[],"rop_publish_now_history":[],"rop_publish_now_status":"pending","footnotes":""},"class_list":["post-1484","page","type-page","status-publish","hentry"],"yoast_head":"<!-- This site is optimized with the Yoast SEO plugin v27.4 - https:\/\/yoast.com\/product\/yoast-seo-wordpress\/ -->\n<title>Sumario de art\u00edculos sobre pedagog\u00eda - Pigyki<\/title>\n<meta name=\"description\" content=\"Acceda directamente a los art\u00edculos de Pigyki sobre pedagog\u00eda de la educaci\u00f3n musical. Lee, comenta y comparte tus experiencias en Pigyki.es.\" \/>\n<meta name=\"robots\" content=\"index, follow, max-snippet:-1, max-image-preview:large, max-video-preview:-1\" \/>\n<link rel=\"canonical\" href=\"https:\/\/pigyki.fr\/index.php\/es\/sumario-de-articulos-sobre-pedagogia\/\" \/>\n<meta property=\"og:locale\" content=\"fr_FR\" \/>\n<meta property=\"og:type\" content=\"article\" \/>\n<meta property=\"og:title\" content=\"Sumario de art\u00edculos sobre pedagog\u00eda - Pigyki\" \/>\n<meta property=\"og:description\" content=\"Acceda directamente a los art\u00edculos de Pigyki sobre pedagog\u00eda de la educaci\u00f3n musical. Lee, comenta y comparte tus experiencias en Pigyki.es.\" \/>\n<meta property=\"og:url\" content=\"https:\/\/pigyki.fr\/index.php\/es\/sumario-de-articulos-sobre-pedagogia\/\" \/>\n<meta property=\"og:site_name\" content=\"Pigyki\" \/>\n<meta property=\"article:modified_time\" content=\"2025-07-12T20:47:40+00:00\" \/>\n<meta name=\"twitter:card\" content=\"summary_large_image\" \/>\n<meta name=\"twitter:label1\" content=\"Dur\u00e9e de lecture estim\u00e9e\" \/>\n\t<meta name=\"twitter:data1\" content=\"1 minute\" \/>\n<script type=\"application\/ld+json\" class=\"yoast-schema-graph\">{\"@context\":\"https:\\\/\\\/schema.org\",\"@graph\":[{\"@type\":\"WebPage\",\"@id\":\"https:\\\/\\\/pigyki.fr\\\/index.php\\\/es\\\/sumario-de-articulos-sobre-pedagogia\\\/\",\"url\":\"https:\\\/\\\/pigyki.fr\\\/index.php\\\/es\\\/sumario-de-articulos-sobre-pedagogia\\\/\",\"name\":\"Sumario de art\u00edculos sobre pedagog\u00eda - Pigyki\",\"isPartOf\":{\"@id\":\"https:\\\/\\\/pigyki.fr\\\/#website\"},\"datePublished\":\"2024-01-22T16:52:50+00:00\",\"dateModified\":\"2025-07-12T20:47:40+00:00\",\"description\":\"Acceda directamente a los art\u00edculos de Pigyki sobre pedagog\u00eda de la educaci\u00f3n musical. Lee, comenta y comparte tus experiencias en Pigyki.es.\",\"breadcrumb\":{\"@id\":\"https:\\\/\\\/pigyki.fr\\\/index.php\\\/es\\\/sumario-de-articulos-sobre-pedagogia\\\/#breadcrumb\"},\"inLanguage\":\"fr-FR\",\"potentialAction\":[{\"@type\":\"ReadAction\",\"target\":[\"https:\\\/\\\/pigyki.fr\\\/index.php\\\/es\\\/sumario-de-articulos-sobre-pedagogia\\\/\"]}]},{\"@type\":\"BreadcrumbList\",\"@id\":\"https:\\\/\\\/pigyki.fr\\\/index.php\\\/es\\\/sumario-de-articulos-sobre-pedagogia\\\/#breadcrumb\",\"itemListElement\":[{\"@type\":\"ListItem\",\"position\":1,\"name\":\"Accueil\",\"item\":\"https:\\\/\\\/pigyki.fr\\\/\"},{\"@type\":\"ListItem\",\"position\":2,\"name\":\"Sumario de art\u00edculos sobre pedagog\u00eda\"}]},{\"@type\":\"WebSite\",\"@id\":\"https:\\\/\\\/pigyki.fr\\\/#website\",\"url\":\"https:\\\/\\\/pigyki.fr\\\/\",\"name\":\"Pigyki\",\"description\":\"C.L. al fine\",\"publisher\":{\"@id\":\"https:\\\/\\\/pigyki.fr\\\/#\\\/schema\\\/person\\\/69b76bc8a17bddaf3ffd40d3cc9a4161\"},\"potentialAction\":[{\"@type\":\"SearchAction\",\"target\":{\"@type\":\"EntryPoint\",\"urlTemplate\":\"https:\\\/\\\/pigyki.fr\\\/?s={search_term_string}\"},\"query-input\":{\"@type\":\"PropertyValueSpecification\",\"valueRequired\":true,\"valueName\":\"search_term_string\"}}],\"inLanguage\":\"fr-FR\"},{\"@type\":[\"Person\",\"Organization\"],\"@id\":\"https:\\\/\\\/pigyki.fr\\\/#\\\/schema\\\/person\\\/69b76bc8a17bddaf3ffd40d3cc9a4161\",\"name\":\"Pigyki\",\"image\":{\"@type\":\"ImageObject\",\"inLanguage\":\"fr-FR\",\"@id\":\"https:\\\/\\\/pigyki.fr\\\/wp-content\\\/uploads\\\/2023\\\/06\\\/Logo-CL.jpg\",\"url\":\"https:\\\/\\\/pigyki.fr\\\/wp-content\\\/uploads\\\/2023\\\/06\\\/Logo-CL.jpg\",\"contentUrl\":\"https:\\\/\\\/pigyki.fr\\\/wp-content\\\/uploads\\\/2023\\\/06\\\/Logo-CL.jpg\",\"width\":524,\"height\":586,\"caption\":\"Pigyki\"},\"logo\":{\"@id\":\"https:\\\/\\\/pigyki.fr\\\/wp-content\\\/uploads\\\/2023\\\/06\\\/Logo-CL.jpg\"},\"sameAs\":[\"http:\\\/\\\/pigyki.fr\"]}]}<\/script>\n<!-- \/ Yoast SEO plugin. -->","yoast_head_json":{"title":"Sumario de art\u00edculos sobre pedagog\u00eda - Pigyki","description":"Acceda directamente a los art\u00edculos de Pigyki sobre pedagog\u00eda de la educaci\u00f3n musical. Lee, comenta y comparte tus experiencias en Pigyki.es.","robots":{"index":"index","follow":"follow","max-snippet":"max-snippet:-1","max-image-preview":"max-image-preview:large","max-video-preview":"max-video-preview:-1"},"canonical":"https:\/\/pigyki.fr\/index.php\/es\/sumario-de-articulos-sobre-pedagogia\/","og_locale":"fr_FR","og_type":"article","og_title":"Sumario de art\u00edculos sobre pedagog\u00eda - Pigyki","og_description":"Acceda directamente a los art\u00edculos de Pigyki sobre pedagog\u00eda de la educaci\u00f3n musical. Lee, comenta y comparte tus experiencias en Pigyki.es.","og_url":"https:\/\/pigyki.fr\/index.php\/es\/sumario-de-articulos-sobre-pedagogia\/","og_site_name":"Pigyki","article_modified_time":"2025-07-12T20:47:40+00:00","twitter_card":"summary_large_image","twitter_misc":{"Dur\u00e9e de lecture estim\u00e9e":"1 minute"},"schema":{"@context":"https:\/\/schema.org","@graph":[{"@type":"WebPage","@id":"https:\/\/pigyki.fr\/index.php\/es\/sumario-de-articulos-sobre-pedagogia\/","url":"https:\/\/pigyki.fr\/index.php\/es\/sumario-de-articulos-sobre-pedagogia\/","name":"Sumario de art\u00edculos sobre pedagog\u00eda - Pigyki","isPartOf":{"@id":"https:\/\/pigyki.fr\/#website"},"datePublished":"2024-01-22T16:52:50+00:00","dateModified":"2025-07-12T20:47:40+00:00","description":"Acceda directamente a los art\u00edculos de Pigyki sobre pedagog\u00eda de la educaci\u00f3n musical. Lee, comenta y comparte tus experiencias en Pigyki.es.","breadcrumb":{"@id":"https:\/\/pigyki.fr\/index.php\/es\/sumario-de-articulos-sobre-pedagogia\/#breadcrumb"},"inLanguage":"fr-FR","potentialAction":[{"@type":"ReadAction","target":["https:\/\/pigyki.fr\/index.php\/es\/sumario-de-articulos-sobre-pedagogia\/"]}]},{"@type":"BreadcrumbList","@id":"https:\/\/pigyki.fr\/index.php\/es\/sumario-de-articulos-sobre-pedagogia\/#breadcrumb","itemListElement":[{"@type":"ListItem","position":1,"name":"Accueil","item":"https:\/\/pigyki.fr\/"},{"@type":"ListItem","position":2,"name":"Sumario de art\u00edculos sobre pedagog\u00eda"}]},{"@type":"WebSite","@id":"https:\/\/pigyki.fr\/#website","url":"https:\/\/pigyki.fr\/","name":"Pigyki","description":"C.L. al fine","publisher":{"@id":"https:\/\/pigyki.fr\/#\/schema\/person\/69b76bc8a17bddaf3ffd40d3cc9a4161"},"potentialAction":[{"@type":"SearchAction","target":{"@type":"EntryPoint","urlTemplate":"https:\/\/pigyki.fr\/?s={search_term_string}"},"query-input":{"@type":"PropertyValueSpecification","valueRequired":true,"valueName":"search_term_string"}}],"inLanguage":"fr-FR"},{"@type":["Person","Organization"],"@id":"https:\/\/pigyki.fr\/#\/schema\/person\/69b76bc8a17bddaf3ffd40d3cc9a4161","name":"Pigyki","image":{"@type":"ImageObject","inLanguage":"fr-FR","@id":"https:\/\/pigyki.fr\/wp-content\/uploads\/2023\/06\/Logo-CL.jpg","url":"https:\/\/pigyki.fr\/wp-content\/uploads\/2023\/06\/Logo-CL.jpg","contentUrl":"https:\/\/pigyki.fr\/wp-content\/uploads\/2023\/06\/Logo-CL.jpg","width":524,"height":586,"caption":"Pigyki"},"logo":{"@id":"https:\/\/pigyki.fr\/wp-content\/uploads\/2023\/06\/Logo-CL.jpg"},"sameAs":["http:\/\/pigyki.fr"]}]}},"_links":{"self":[{"href":"https:\/\/pigyki.fr\/index.php\/wp-json\/wp\/v2\/pages\/1484","targetHints":{"allow":["GET"]}}],"collection":[{"href":"https:\/\/pigyki.fr\/index.php\/wp-json\/wp\/v2\/pages"}],"about":[{"href":"https:\/\/pigyki.fr\/index.php\/wp-json\/wp\/v2\/types\/page"}],"author":[{"embeddable":true,"href":"https:\/\/pigyki.fr\/index.php\/wp-json\/wp\/v2\/users\/1"}],"replies":[{"embeddable":true,"href":"https:\/\/pigyki.fr\/index.php\/wp-json\/wp\/v2\/comments?post=1484"}],"version-history":[{"count":18,"href":"https:\/\/pigyki.fr\/index.php\/wp-json\/wp\/v2\/pages\/1484\/revisions"}],"predecessor-version":[{"id":5708,"href":"https:\/\/pigyki.fr\/index.php\/wp-json\/wp\/v2\/pages\/1484\/revisions\/5708"}],"wp:attachment":[{"href":"https:\/\/pigyki.fr\/index.php\/wp-json\/wp\/v2\/media?parent=1484"}],"curies":[{"name":"wp","href":"https:\/\/api.w.org\/{rel}","templated":true}]}}